{"id":46317,"date":"2021-09-14T16:18:48","date_gmt":"2021-09-14T21:18:48","guid":{"rendered":"https:\/\/defabrica.com.mx\/defabrica\/?post_type=product&#038;p=46317"},"modified":"2022-12-06T14:33:10","modified_gmt":"2022-12-06T20:33:10","slug":"decantador-de-whisky-juego-de-vasos-de-rocas-de-bebidas-de-licor-borbon-a-la-antigua-caja-de-regalo-de-whisky-con-12-piedras-de-granito-para-enfriar-y-bolsa-de-terciopelo","status":"publish","type":"product","link":"https:\/\/defabrica.com.mx\/defabrica\/producto\/decantador-de-whisky-juego-de-vasos-de-rocas-de-bebidas-de-licor-borbon-a-la-antigua-caja-de-regalo-de-whisky-con-12-piedras-de-granito-para-enfriar-y-bolsa-de-terciopelo\/","title":{"rendered":"Decantador de whisky, juego de vasos de rocas de bebidas de licor borb\u00f3n a la antigua, caja de regalo de whisky (con 12 piedras de granito para enfriar y bolsa de terciopelo)"},"content":{"rendered":"<ul class=\"a-unordered-list a-vertical a-spacing-mini\">\n<li><span class=\"a-list-item\">Cristal de alta calidad sin plomo: cristal original de alta calidad, cada detalle se realiza durante la producci\u00f3n. Cada amante de la bebida disfrutar\u00e1 de este decantador de dise\u00f1o cl\u00e1sico, ll\u00e9nalo con tu whisky favorito, escoc\u00e9s, vodka, bourbon o cualquier bebida.<\/span><\/li>\n<li><span class=\"a-list-item\">Es el regalo perfecto: este juego de decantador de whisky antiguo es un regalo perfecto y obras de arte para cualquier entusiasta del whisky, bebedor escoc\u00e9s o como un regalo elegante. Este juego de decantador y vaso viene con una caja de regalo de lujo, juego de 1 decantador de whisky, 4 vasos de whisky, con 12 piedras de granito para enfriar whisky en la caja.<\/span><\/li>\n<li><span class=\"a-list-item\">Doble pared y dise\u00f1o de base pesada: la cristaler\u00eda Almagic est\u00e1 garantizada de calidad, todos los vasos son pr\u00e1cticamente irrompibles y aptos para lavavajillas, tambi\u00e9n lo suficientemente resistente para usar durante muchos a\u00f1os.<\/span><\/li>\n<li><span class=\"a-list-item\">Estilo de moda antigua: nos dedicamos a hacer nuestro cristal no solo un cristal, sino tambi\u00e9n una obra de arte. Con un dise\u00f1o atemporal, puedes sentir la historia en el vaso. Tambi\u00e9n tenemos 12 piedras de granito para enfriar whisky. Simplemente bebe cualquier bebida que te guste y disfruta de tu vida.<\/span><\/li>\n<\/ul>\n","protected":false},"excerpt":{"rendered":"<p>Cristal de alta calidad sin plomo: cristal original de alta calidad, cada detalle se realiza durante la producci\u00f3n. Cada amante de la bebida disfrutar\u00e1 de este decantador de dise\u00f1o cl\u00e1sico,<\/p>\n","protected":false},"featured_media":46323,"comment_status":"open","ping_status":"closed","template":"","meta":{"_acf_changed":false,"_joinchat":[]},"product_brand":[],"product_cat":[336,956],"product_tag":[],"class_list":{"0":"post-46317","1":"product","2":"type-product","3":"status-publish","4":"has-post-thumbnail","6":"product_cat-hogar","7":"product_cat-bar-y-vino","9":"first","10":"instock","11":"sale","12":"shipping-taxable","13":"purchasable","14":"product-type-simple"},"acf":[],"_links":{"self":[{"href":"https:\/\/defabrica.com.mx\/defabrica\/wp-json\/wp\/v2\/product\/46317","targetHints":{"allow":["GET"]}}],"collection":[{"href":"https:\/\/defabrica.com.mx\/defabrica\/wp-json\/wp\/v2\/product"}],"about":[{"href":"https:\/\/defabrica.com.mx\/defabrica\/wp-json\/wp\/v2\/types\/product"}],"replies":[{"embeddable":true,"href":"https:\/\/defabrica.com.mx\/defabrica\/wp-json\/wp\/v2\/comments?post=46317"}],"wp:featuredmedia":[{"embeddable":true,"href":"https:\/\/defabrica.com.mx\/defabrica\/wp-json\/wp\/v2\/media\/46323"}],"wp:attachment":[{"href":"https:\/\/defabrica.com.mx\/defabrica\/wp-json\/wp\/v2\/media?parent=46317"}],"wp:term":[{"taxonomy":"product_brand","embeddable":true,"href":"https:\/\/defabrica.com.mx\/defabrica\/wp-json\/wp\/v2\/product_brand?post=46317"},{"taxonomy":"product_cat","embeddable":true,"href":"https:\/\/defabrica.com.mx\/defabrica\/wp-json\/wp\/v2\/product_cat?post=46317"},{"taxonomy":"product_tag","embeddable":true,"href":"https:\/\/defabrica.com.mx\/defabrica\/wp-json\/wp\/v2\/product_tag?post=46317"}],"curies":[{"name":"wp","href":"https:\/\/api.w.org\/{rel}","templated":true}]}}