{"id":46304,"date":"2021-09-14T16:12:18","date_gmt":"2021-09-14T21:12:18","guid":{"rendered":"https:\/\/defabrica.com.mx\/defabrica\/?post_type=product&#038;p=46304"},"modified":"2022-12-06T14:32:13","modified_gmt":"2022-12-06T20:32:13","slug":"decantador-de-whisky-de-vidrio-con-2-vasos-1100-ml-tapon-y-base-para-brandy-vino-conac-ron-ginebra-whisky-escoces-2","status":"publish","type":"product","link":"https:\/\/defabrica.com.mx\/defabrica\/producto\/decantador-de-whisky-de-vidrio-con-2-vasos-1100-ml-tapon-y-base-para-brandy-vino-conac-ron-ginebra-whisky-escoces-2\/","title":{"rendered":"Decantador de whisky de vidrio con 2 vasos &#8211; 1100 ml, tap\u00f3n y base, para brandy, vino, co\u00f1ac, ron, ginebra, whisky escoc\u00e9s"},"content":{"rendered":"<ul class=\"a-unordered-list a-vertical a-spacing-mini\">\n<li><span class=\"a-list-item\">Verdadero esp\u00edritu de sofisticaci\u00f3n: este decantador de licor abraza lo que significa ser audaz y abrazar el esp\u00edritu de la aventura. Cuenta con un decantador en forma de diamante de 25.4\u00a0fl oz, dos vasos y un soporte de avi\u00f3n de madera vintage.<\/span><\/li>\n<li><span class=\"a-list-item\">Inspirado en la historia del vuelo: desde pilotos hasta miembros de la tripulaci\u00f3n hasta azafatas, estos decantadores de cristal fueron dise\u00f1ados para los amantes de la aviaci\u00f3n. Estamos seguros de que cada sorbo te recordar\u00e1 que la aventura est\u00e1 esperando m\u00e1s all\u00e1 del pr\u00f3ximo horizonte.<\/span><\/li>\n<li><span class=\"a-list-item\">Construcci\u00f3n de vidrio de alta calidad: nuestro juego de decantador de whisky y vino est\u00e1 hecho con vidrio sin plomo y sin BPA que es fuerte, duradero y cuenta con un hermoso dise\u00f1o angular que realmente crea una impresionante profundidad y vibraci\u00f3n en cada copa llena.<\/span><\/li>\n<\/ul>\n","protected":false},"excerpt":{"rendered":"<p>Verdadero esp\u00edritu de sofisticaci\u00f3n: este decantador de licor abraza lo que significa ser audaz y abrazar el esp\u00edritu de la aventura. Cuenta con un decantador en forma de diamante de<\/p>\n","protected":false},"featured_media":46306,"comment_status":"open","ping_status":"closed","template":"","meta":{"_acf_changed":false,"_joinchat":[]},"product_brand":[],"product_cat":[336,956],"product_tag":[],"class_list":{"0":"post-46304","1":"product","2":"type-product","3":"status-publish","4":"has-post-thumbnail","6":"product_cat-hogar","7":"product_cat-bar-y-vino","9":"first","10":"instock","11":"sale","12":"shipping-taxable","13":"purchasable","14":"product-type-simple"},"acf":[],"_links":{"self":[{"href":"https:\/\/defabrica.com.mx\/defabrica\/wp-json\/wp\/v2\/product\/46304","targetHints":{"allow":["GET"]}}],"collection":[{"href":"https:\/\/defabrica.com.mx\/defabrica\/wp-json\/wp\/v2\/product"}],"about":[{"href":"https:\/\/defabrica.com.mx\/defabrica\/wp-json\/wp\/v2\/types\/product"}],"replies":[{"embeddable":true,"href":"https:\/\/defabrica.com.mx\/defabrica\/wp-json\/wp\/v2\/comments?post=46304"}],"wp:featuredmedia":[{"embeddable":true,"href":"https:\/\/defabrica.com.mx\/defabrica\/wp-json\/wp\/v2\/media\/46306"}],"wp:attachment":[{"href":"https:\/\/defabrica.com.mx\/defabrica\/wp-json\/wp\/v2\/media?parent=46304"}],"wp:term":[{"taxonomy":"product_brand","embeddable":true,"href":"https:\/\/defabrica.com.mx\/defabrica\/wp-json\/wp\/v2\/product_brand?post=46304"},{"taxonomy":"product_cat","embeddable":true,"href":"https:\/\/defabrica.com.mx\/defabrica\/wp-json\/wp\/v2\/product_cat?post=46304"},{"taxonomy":"product_tag","embeddable":true,"href":"https:\/\/defabrica.com.mx\/defabrica\/wp-json\/wp\/v2\/product_tag?post=46304"}],"curies":[{"name":"wp","href":"https:\/\/api.w.org\/{rel}","templated":true}]}}