{"id":46297,"date":"2021-09-14T16:08:52","date_gmt":"2021-09-14T21:08:52","guid":{"rendered":"https:\/\/defabrica.com.mx\/defabrica\/?post_type=product&#038;p=46297"},"modified":"2022-12-06T14:31:43","modified_gmt":"2022-12-06T20:31:43","slug":"decantador-de-whisky-de-vidrio-con-2-vasos-1100-ml-tapon-y-base-para-brandy-vino-conac-ron-ginebra-whisky-escoces","status":"publish","type":"product","link":"https:\/\/defabrica.com.mx\/defabrica\/producto\/decantador-de-whisky-de-vidrio-con-2-vasos-1100-ml-tapon-y-base-para-brandy-vino-conac-ron-ginebra-whisky-escoces\/","title":{"rendered":"Decantador de whisky de vidrio con 2 vasos &#8211; 1100 ml, tap\u00f3n y base, para brandy, vino, co\u00f1ac, ron, ginebra, whisky escoc\u00e9s"},"content":{"rendered":"<ul class=\"a-unordered-list a-vertical a-spacing-mini\">\n<li><span class=\"a-list-item\">Capacidad de 37.2\u00a0fl oz: el decantador de whisky NutriChef Home airea naturalmente cualquier licor para un sabor y aroma completo. Separa los sedimentos de forma eficaz antes de verter. Se utiliza para servir agua, zumo, soda, t\u00e9 helado y otras bebidas. Capacidad: 37.2\u00a0fl oz<\/span><\/li>\n<li><span class=\"a-list-item\">Vaso sin plomo: el soporte para whisky est\u00e1 fabricado con vidrio transparente sin BPA y sin plomo, conocido por ser m\u00e1s seguro para almacenar y beber alcohol. Es una excelente opci\u00f3n para servir c\u00f3cteles, whisky, whisky, bourbon o cualquier bebida mixta<\/span><\/li>\n<li><span class=\"a-list-item\">Dise\u00f1o de cristal de barril: el juego de decantador de whisky cuenta con un dise\u00f1o de barril de vidrio transparente con un bonito barco antiguo detallado en la botella que a\u00f1ade un toque \u00fanico, junto con el tap\u00f3n incluido que mantiene tu licor fresco para mejorar la experiencia de beber<\/span><\/li>\n<\/ul>\n","protected":false},"excerpt":{"rendered":"<p>Capacidad de 37.2\u00a0fl oz: el decantador de whisky NutriChef Home airea naturalmente cualquier licor para un sabor y aroma completo. Separa los sedimentos de forma eficaz antes de verter. Se<\/p>\n","protected":false},"featured_media":46303,"comment_status":"open","ping_status":"closed","template":"","meta":{"_acf_changed":false,"_joinchat":[]},"product_brand":[],"product_cat":[336,956],"product_tag":[],"class_list":{"0":"post-46297","1":"product","2":"type-product","3":"status-publish","4":"has-post-thumbnail","6":"product_cat-hogar","7":"product_cat-bar-y-vino","9":"first","10":"instock","11":"sale","12":"shipping-taxable","13":"purchasable","14":"product-type-simple"},"acf":[],"_links":{"self":[{"href":"https:\/\/defabrica.com.mx\/defabrica\/wp-json\/wp\/v2\/product\/46297","targetHints":{"allow":["GET"]}}],"collection":[{"href":"https:\/\/defabrica.com.mx\/defabrica\/wp-json\/wp\/v2\/product"}],"about":[{"href":"https:\/\/defabrica.com.mx\/defabrica\/wp-json\/wp\/v2\/types\/product"}],"replies":[{"embeddable":true,"href":"https:\/\/defabrica.com.mx\/defabrica\/wp-json\/wp\/v2\/comments?post=46297"}],"wp:featuredmedia":[{"embeddable":true,"href":"https:\/\/defabrica.com.mx\/defabrica\/wp-json\/wp\/v2\/media\/46303"}],"wp:attachment":[{"href":"https:\/\/defabrica.com.mx\/defabrica\/wp-json\/wp\/v2\/media?parent=46297"}],"wp:term":[{"taxonomy":"product_brand","embeddable":true,"href":"https:\/\/defabrica.com.mx\/defabrica\/wp-json\/wp\/v2\/product_brand?post=46297"},{"taxonomy":"product_cat","embeddable":true,"href":"https:\/\/defabrica.com.mx\/defabrica\/wp-json\/wp\/v2\/product_cat?post=46297"},{"taxonomy":"product_tag","embeddable":true,"href":"https:\/\/defabrica.com.mx\/defabrica\/wp-json\/wp\/v2\/product_tag?post=46297"}],"curies":[{"name":"wp","href":"https:\/\/api.w.org\/{rel}","templated":true}]}}