{"id":46290,"date":"2021-09-14T16:05:19","date_gmt":"2021-09-14T21:05:19","guid":{"rendered":"https:\/\/defabrica.com.mx\/defabrica\/?post_type=product&#038;p=46290"},"modified":"2022-12-06T14:31:13","modified_gmt":"2022-12-06T20:31:13","slug":"decantador-de-whisky-con-2-vasos-de-diamantes-y-soporte-de-madera-decantador-de-lujo-fresco","status":"publish","type":"product","link":"https:\/\/defabrica.com.mx\/defabrica\/producto\/decantador-de-whisky-con-2-vasos-de-diamantes-y-soporte-de-madera-decantador-de-lujo-fresco\/","title":{"rendered":"Decantador de whisky con 2 vasos de diamantes y soporte de madera, decantador de lujo fresco"},"content":{"rendered":"<ul class=\"a-unordered-list a-vertical a-spacing-mini\">\n<li><span class=\"a-list-item\">Decantador de whisky \u00fanico: este lujoso decantador de cristal con forma de diamante cuenta con un estilo claro y distintivo que mejora el aspecto de tu licor favorito. Tambi\u00e9n viene con dos vasos a juego para que sea m\u00e1s f\u00e1cil compartir una bebida con un amigo.<\/span><\/li>\n<li><span class=\"a-list-item\">Vers\u00e1til servidor de licor: el juego de decantador de whisky ARMZAS se puede utilizar para almacenar whisky, bourbon, escoc\u00e9s, vodka y todas tus opciones de licor favoritas, lo que lo hace ideal para una configuraci\u00f3n cl\u00e1sica de bar en casa o como un toque agradable para tu oficina.<\/span><\/li>\n<li><span class=\"a-list-item\">Hermosa artesan\u00eda de cristal: nuestro decantador de vidrio con vasos est\u00e1 hecho con vidrio de borosilicato de alta calidad sin BPA para darle m\u00e1s resistencia para servir una bebida para amigos, disfrutar de una gorra de noche o celebrar una reuni\u00f3n de negocios con estilo.<\/span><\/li>\n<li><span class=\"a-list-item\">Soporte de madera r\u00fastico: tambi\u00e9n hemos incluido un bonito soporte de decantador de madera bien hecho que te permite colocar el cristal y los vasos en posici\u00f3n vertical o inclinado mientras los mantiene equilibrados perfectos. Un toque maravilloso que realmente a\u00f1ade estilo a la decoraci\u00f3n de tu hogar.<\/span><\/li>\n<\/ul>\n","protected":false},"excerpt":{"rendered":"<p>Decantador de whisky \u00fanico: este lujoso decantador de cristal con forma de diamante cuenta con un estilo claro y distintivo que mejora el aspecto de tu licor favorito. Tambi\u00e9n viene<\/p>\n","protected":false},"featured_media":46296,"comment_status":"open","ping_status":"closed","template":"","meta":{"_acf_changed":false,"_joinchat":[]},"product_brand":[],"product_cat":[336,956],"product_tag":[],"class_list":{"0":"post-46290","1":"product","2":"type-product","3":"status-publish","4":"has-post-thumbnail","6":"product_cat-hogar","7":"product_cat-bar-y-vino","9":"first","10":"instock","11":"sale","12":"shipping-taxable","13":"purchasable","14":"product-type-simple"},"acf":[],"_links":{"self":[{"href":"https:\/\/defabrica.com.mx\/defabrica\/wp-json\/wp\/v2\/product\/46290","targetHints":{"allow":["GET"]}}],"collection":[{"href":"https:\/\/defabrica.com.mx\/defabrica\/wp-json\/wp\/v2\/product"}],"about":[{"href":"https:\/\/defabrica.com.mx\/defabrica\/wp-json\/wp\/v2\/types\/product"}],"replies":[{"embeddable":true,"href":"https:\/\/defabrica.com.mx\/defabrica\/wp-json\/wp\/v2\/comments?post=46290"}],"wp:featuredmedia":[{"embeddable":true,"href":"https:\/\/defabrica.com.mx\/defabrica\/wp-json\/wp\/v2\/media\/46296"}],"wp:attachment":[{"href":"https:\/\/defabrica.com.mx\/defabrica\/wp-json\/wp\/v2\/media?parent=46290"}],"wp:term":[{"taxonomy":"product_brand","embeddable":true,"href":"https:\/\/defabrica.com.mx\/defabrica\/wp-json\/wp\/v2\/product_brand?post=46290"},{"taxonomy":"product_cat","embeddable":true,"href":"https:\/\/defabrica.com.mx\/defabrica\/wp-json\/wp\/v2\/product_cat?post=46290"},{"taxonomy":"product_tag","embeddable":true,"href":"https:\/\/defabrica.com.mx\/defabrica\/wp-json\/wp\/v2\/product_tag?post=46290"}],"curies":[{"name":"wp","href":"https:\/\/api.w.org\/{rel}","templated":true}]}}