{"id":46278,"date":"2021-09-14T15:55:20","date_gmt":"2021-09-14T20:55:20","guid":{"rendered":"https:\/\/defabrica.com.mx\/defabrica\/?post_type=product&#038;p=46278"},"modified":"2022-12-06T14:29:36","modified_gmt":"2022-12-06T20:29:36","slug":"juego-de-decantador-de-whisky-world-map-con-8-vasos-de-shot-dispensador-de-licor-set-de-regalo-unico-para-hombres-escoces-bourbon-vodka-o-vino-850-ml","status":"publish","type":"product","link":"https:\/\/defabrica.com.mx\/defabrica\/producto\/juego-de-decantador-de-whisky-world-map-con-8-vasos-de-shot-dispensador-de-licor-set-de-regalo-unico-para-hombres-escoces-bourbon-vodka-o-vino-850-ml\/","title":{"rendered":"Juego de decantador de whisky World Map con 8 vasos de shot &#8211; Dispensador de licor | Set de regalo \u00fanico para hombres | Escoc\u00e9s, Bourbon, Vodka o Vino (850 ml)"},"content":{"rendered":"<ul class=\"a-unordered-list a-vertical a-spacing-mini\">\n<li><span class=\"a-list-item\">Decantador de whisky con forma de globo terr\u00e1queo \u2013 un mapa original de la Tierra, este decantador de whisky redondo cuenta con un barco de vidrio soplado navegando el licor \u00abmares\u00bb en el interior para un aspecto hermoso y cl\u00e1sico que los hombres adoran.<\/span><\/li>\n<li><span class=\"a-list-item\">Artesan\u00eda de vidrio soplado a mano: fabricado con vidrio de borosilicato transparente, estos exclusivos decantadores de whisky est\u00e1n certificados sin plomo y tienen un aspecto elegante en tu estudio, bar u oficina.<\/span><\/li>\n<li><span class=\"a-list-item\">Tope de vidrio y embudo peque\u00f1o: cada decantador tambi\u00e9n viene con un tap\u00f3n resistente a las fugas y un embudo de acero inoxidable que hace que sea m\u00e1s f\u00e1cil verter un chupito o vaso lleno sin derrames o suciedad.<\/span><\/li>\n<li><span class=\"a-list-item\">Maravillosa elecci\u00f3n de regalo: este decantador de whisky de mapa es un regalo divertido y personalizado para el d\u00eda del padre, jefes, clientes, novios o pap\u00e1 que disfrutan de Bourbon, escoc\u00e9s, whisky, tequila, brandy, o ron.<\/span><\/li>\n<li><span class=\"a-list-item\">Incluye 8 vasos de chupito \u2013 cada gran decantador de whisky tambi\u00e9n incluye ocho vasos de chupito de cristal para mejorar tu experiencia de beber o fiesta. Ideal para fiestas, cumplea\u00f1os, graduaciones, o compartir una bebida de vacaciones.<\/span><\/li>\n<\/ul>\n","protected":false},"excerpt":{"rendered":"<p>Decantador de whisky con forma de globo terr\u00e1queo \u2013 un mapa original de la Tierra, este decantador de whisky redondo cuenta con un barco de vidrio soplado navegando el licor<\/p>\n","protected":false},"featured_media":46286,"comment_status":"open","ping_status":"closed","template":"","meta":{"_acf_changed":false,"_joinchat":[]},"product_brand":[],"product_cat":[336,956],"product_tag":[],"class_list":{"0":"post-46278","1":"product","2":"type-product","3":"status-publish","4":"has-post-thumbnail","6":"product_cat-hogar","7":"product_cat-bar-y-vino","9":"first","10":"instock","11":"sale","12":"shipping-taxable","13":"purchasable","14":"product-type-simple"},"acf":[],"_links":{"self":[{"href":"https:\/\/defabrica.com.mx\/defabrica\/wp-json\/wp\/v2\/product\/46278","targetHints":{"allow":["GET"]}}],"collection":[{"href":"https:\/\/defabrica.com.mx\/defabrica\/wp-json\/wp\/v2\/product"}],"about":[{"href":"https:\/\/defabrica.com.mx\/defabrica\/wp-json\/wp\/v2\/types\/product"}],"replies":[{"embeddable":true,"href":"https:\/\/defabrica.com.mx\/defabrica\/wp-json\/wp\/v2\/comments?post=46278"}],"wp:featuredmedia":[{"embeddable":true,"href":"https:\/\/defabrica.com.mx\/defabrica\/wp-json\/wp\/v2\/media\/46286"}],"wp:attachment":[{"href":"https:\/\/defabrica.com.mx\/defabrica\/wp-json\/wp\/v2\/media?parent=46278"}],"wp:term":[{"taxonomy":"product_brand","embeddable":true,"href":"https:\/\/defabrica.com.mx\/defabrica\/wp-json\/wp\/v2\/product_brand?post=46278"},{"taxonomy":"product_cat","embeddable":true,"href":"https:\/\/defabrica.com.mx\/defabrica\/wp-json\/wp\/v2\/product_cat?post=46278"},{"taxonomy":"product_tag","embeddable":true,"href":"https:\/\/defabrica.com.mx\/defabrica\/wp-json\/wp\/v2\/product_tag?post=46278"}],"curies":[{"name":"wp","href":"https:\/\/api.w.org\/{rel}","templated":true}]}}