{"id":37991,"date":"2021-07-13T14:48:31","date_gmt":"2021-07-13T19:48:31","guid":{"rendered":"https:\/\/defabrica.com.mx\/defabrica\/?post_type=product&#038;p=37991"},"modified":"2025-09-04T00:43:46","modified_gmt":"2025-09-04T06:43:46","slug":"nuevo-nintendo-2ds-xl-negro-turquesa-con-mario-kart-7-pre-instalado-nintendo-2ds-1-ano-garantia","status":"publish","type":"product","link":"https:\/\/defabrica.com.mx\/defabrica\/producto\/nuevo-nintendo-2ds-xl-negro-turquesa-con-mario-kart-7-pre-instalado-nintendo-2ds-1-ano-garantia\/","title":{"rendered":"Nuevo Nintendo 2DS XL &#8211; Negro + Turquesa con Mario Kart 7 Pre-instalado &#8211; Nintendo 2DS &#8211; 1 a\u00f1o Garantia"},"content":{"rendered":"<ul class=\"a-unordered-list a-vertical a-spacing-mini\">\n<li><span class=\"a-list-item\">Los detalles coloridos a\u00f1aden estilo, mientras que el elegante dise\u00f1o de concha hace que sea c\u00f3modo de sostener; un procesador r\u00e1pido ofrece tiempos de carga cortos<\/span><\/li>\n<li><span class=\"a-list-item\">El C Stick ofrece controles mejorados (como el control intuitivo de la c\u00e1mara) para juegos compatibles, mientras que los botones ZL y ZR te ofrecen un mont\u00f3n de opciones<\/span><\/li>\n<li><span class=\"a-list-item\">Puedes jugar todos los juegos Nintendo 3DS, Nintendo 3DS y la mayor\u00eda de los juegos Nintendo DS en 2D en este sistema<\/span><\/li>\n<li><span class=\"a-list-item\">As\u00ed que puedes empezar a jugar en un instante; y todo est\u00e1 en un paquete ligero, para jugar en cualquier lugar<\/span><\/li>\n<li><span class=\"a-list-item\">Toca una figura de amiibo al lector de comunicaci\u00f3n de campo cercano (NFC) en la pantalla inferior para disfrutar de las caracter\u00edsticas de amiibo en juegos compatibles; tablero de clasificaci\u00f3n de software de entretenimiento (ESRB) Descripci\u00f3n del contenido: Comic Mischief<\/span><\/li>\n<\/ul>\n<p>&nbsp;<\/p>\n<h5 class=\"a-spacing-mini a-color-secondary\">Pantallas XL<\/h5>\n<p class=\"a-spacing-base\">\u00a1Experimenta los juegos en movimiento con pantallas grandes y brillantes en la nueva Nintendo 2DS XL!<\/p>\n<p class=\"a-spacing-base\">Gama<\/p>\n<p class=\"a-spacing-base\">Disponible en negro, turquesa y blanco y naranja.<\/p>\n<p class=\"a-spacing-base\">Solo en Nintendo<\/p>\n<p class=\"a-spacing-base\">Divi\u00e9rtete aventuras con personajes como Mario, Peach, Yoshi, Link y Pikachu. La familia de sistemas Nintendo 3DS alberga una amplia gama de juegos de alta calidad que no puedes encontrar en ning\u00fan otro lugar.<\/p>\n<p class=\"a-spacing-base\">La nueva Nintendo 2DS XL cuenta con botones C-Stick, ZL y ZR, para una experiencia de juego mejorada.<\/p>\n<h5 class=\"a-spacing-mini a-color-secondary\">Disfruta de velocidades m\u00e1s r\u00e1pidas para descargar software<\/h5>\n<p class=\"a-spacing-base\">La nueva Nintendo 2DS XL ofrece un rendimiento mejorado de la CPU en comparaci\u00f3n con la Nintendo 2DS. Esto significa tiempos de descarga m\u00e1s r\u00e1pidos, para que pases m\u00e1s tiempo jugando. Muchos juegos tambi\u00e9n se ver\u00e1n y jugar\u00e1n mejor que nunca y algunos pr\u00f3ximos juegos se construir\u00e1n desde cero para aprovechar este impulso de potencia.<\/p>\n<p class=\"a-spacing-base\">*Las velocidades de descarga pueden variar dependiendo de su conexi\u00f3n a Internet.<\/p>\n<h5 class=\"a-spacing-mini a-color-secondary\">Dise\u00f1o actualizado<\/h5>\n<p class=\"a-spacing-base\">La nueva Nintendo 2DS XL tiene un nuevo dise\u00f1o ergon\u00f3mico de carcasa de almeja, que logra el equilibrio perfecto entre estabilidad y portabilidad.<\/p>\n<p class=\"a-spacing-base\">\u00a1La nueva Nintendo 2DS XL cuenta con funcionalidad amiibo! amiibo son figuras interactivas y cartas que funcionan con tus juegos. Toca un amiibo mientras juegas el software compatible de Nintendo 3DS y descubrir\u00e1s nuevas caracter\u00edsticas sorprendentes.<\/p>\n","protected":false},"excerpt":{"rendered":"<p>Los detalles coloridos a\u00f1aden estilo, mientras que el elegante dise\u00f1o de concha hace que sea c\u00f3modo de sostener; un procesador r\u00e1pido ofrece tiempos de carga cortos El C Stick ofrece<\/p>\n","protected":false},"featured_media":37997,"comment_status":"open","ping_status":"closed","template":"","meta":{"_acf_changed":false,"_joinchat":[]},"product_brand":[],"product_cat":[1510,277,278,424,425],"product_tag":[],"class_list":{"0":"post-37991","1":"product","2":"type-product","3":"status-publish","4":"has-post-thumbnail","6":"product_cat-ofertas-primavera-zona-gamer","7":"product_cat-zona-gamer","8":"product_cat-consolas","9":"product_cat-consolas-nintendo","10":"product_cat-todas-las-consolas","12":"first","13":"instock","14":"sale","15":"shipping-taxable","16":"purchasable","17":"product-type-simple"},"acf":[],"_links":{"self":[{"href":"https:\/\/defabrica.com.mx\/defabrica\/wp-json\/wp\/v2\/product\/37991","targetHints":{"allow":["GET"]}}],"collection":[{"href":"https:\/\/defabrica.com.mx\/defabrica\/wp-json\/wp\/v2\/product"}],"about":[{"href":"https:\/\/defabrica.com.mx\/defabrica\/wp-json\/wp\/v2\/types\/product"}],"replies":[{"embeddable":true,"href":"https:\/\/defabrica.com.mx\/defabrica\/wp-json\/wp\/v2\/comments?post=37991"}],"wp:featuredmedia":[{"embeddable":true,"href":"https:\/\/defabrica.com.mx\/defabrica\/wp-json\/wp\/v2\/media\/37997"}],"wp:attachment":[{"href":"https:\/\/defabrica.com.mx\/defabrica\/wp-json\/wp\/v2\/media?parent=37991"}],"wp:term":[{"taxonomy":"product_brand","embeddable":true,"href":"https:\/\/defabrica.com.mx\/defabrica\/wp-json\/wp\/v2\/product_brand?post=37991"},{"taxonomy":"product_cat","embeddable":true,"href":"https:\/\/defabrica.com.mx\/defabrica\/wp-json\/wp\/v2\/product_cat?post=37991"},{"taxonomy":"product_tag","embeddable":true,"href":"https:\/\/defabrica.com.mx\/defabrica\/wp-json\/wp\/v2\/product_tag?post=37991"}],"curies":[{"name":"wp","href":"https:\/\/api.w.org\/{rel}","templated":true}]}}