{"id":37950,"date":"2021-07-13T14:30:01","date_gmt":"2021-07-13T19:30:01","guid":{"rendered":"https:\/\/defabrica.com.mx\/defabrica\/?post_type=product&#038;p=37950"},"modified":"2023-01-13T15:37:06","modified_gmt":"2023-01-13T21:37:06","slug":"samsung-galaxy-tablet-s6-lite-s-pen-incluido-10-4-pulgadas-64-gb-wifi-procesador-exynos-9610","status":"publish","type":"product","link":"https:\/\/defabrica.com.mx\/defabrica\/producto\/samsung-galaxy-tablet-s6-lite-s-pen-incluido-10-4-pulgadas-64-gb-wifi-procesador-exynos-9610\/","title":{"rendered":"SAMSUNG Galaxy Tablet S6 Lite &#8211; S Pen Incluido -10.4 Pulgadas, 64 GB WiFi \u2013 Procesador Exynos 9610"},"content":{"rendered":"<p>Navegue por Internet y mant\u00e9ngase productivo con esta tableta Samsung Galaxy Tab S6 Lite.\u00a0El procesador Exynos y los 4 GB de RAM ofrecen un rendimiento r\u00e1pido para ejecutar m\u00faltiples aplicaciones, mientras que la bater\u00eda recargable de 7040 mAh ofrece horas de tiempo de actividad con una sola carga.\u00a0Esta tableta Samsung Galaxy Tab S6 Lite de color gris oxford presenta un dise\u00f1o delgado de metal para minimizar el volumen.<\/p>\n<h3 class=\"heading-5 v-fw-regular feature-heading\"><strong>Caracter\u00edsticas<\/strong><\/h3>\n<div class=\"feature-body-container\">\n<div class=\"features-list-container\">\n<div class=\"list-row\">\n<ul>\n<li><strong>S Pen incluido<\/strong><br \/>\nHace que escribir notas o trabajar con fotos sea f\u00e1cil y conveniente sin necesidad de cargar.<\/li>\n<li>Altavoz dual con tecnolog\u00eda Dolby Atmos<br \/>\nBrinda un sonido rico y claro para su entretenimiento.<\/li>\n<li><strong>7040 mAh de capacidad de la bater\u00eda<\/strong><br \/>\nGarantiza un uso prolongado con una sola carga, mientras que un puerto USB tipo C de carga r\u00e1pida lo devolver\u00e1 r\u00e1pidamente a la bater\u00eda completa cuando necesite recargarla.<\/li>\n<li><strong>Dise\u00f1o delgado y liviano<\/strong><br \/>\nSe desliza directamente en su bolso y lo hace f\u00e1cil de llevar a todas partes.<\/li>\n<li><strong>Compatible con SmartView<\/strong><br \/>\nEnv\u00ede su contenido a su Smart TV para verlo en una pantalla grande.<\/li>\n<li><strong>Reconocimiento facial<\/strong><br \/>\nLa tableta utiliza una c\u00e1mara frontal para reconocer su rostro y desbloquearlo solo para usted.<\/li>\n<li><strong>Interfaz Samsung Kids<\/strong><br \/>\nPermite un f\u00e1cil acceso a juegos, libros y programas de TV confiables que sus hijos disfrutar\u00e1n, y con la suscripci\u00f3n a Samsung Kids +, hay a\u00fan m\u00e1s.<\/li>\n<li><strong>Cuatro meses de Youtube Premium<\/strong><br \/>\nObt\u00e9n cuatro meses de Youtube gratis sin publicidad y la posibilidad de descargar videos de tus creadores favoritos para verlos m\u00e1s tarde.<\/li>\n<li><strong>Sistema operativo Android 10<\/strong><br \/>\nProductividad y entretenimiento a tu alcance. Descargue aplicaciones, juegos, pel\u00edculas, m\u00fasica y libros electr\u00f3nicos de Google Play. La integraci\u00f3n en la nube proporciona una experiencia perfecta en todos los dispositivos Android.<\/li>\n<li><strong>Pantalla de 10,4 \u00abcon una resoluci\u00f3n de 2000 x 1200<\/strong><br \/>\nProporciona una calidad de imagen v\u00edvida y n\u00edtida para ver pel\u00edculas, leer libros, navegar por Internet y m\u00e1s.<\/li>\n<li><strong>Almacenamiento interno de 64 GB m\u00e1s ranura microSD<\/strong><br \/>\nAlmacene su software, aplicaciones, m\u00fasica, pel\u00edculas, fotos y m\u00e1s. Ampl\u00ede el almacenamiento con una tarjeta microSD (se vende por separado).<\/li>\n<li><strong>Procesador de ocho n\u00facleos<\/strong><br \/>\nLa combinaci\u00f3n correcta de rendimiento r\u00e1pido y eficiencia energ\u00e9tica. Permite una r\u00e1pida multitarea, ofrece una respuesta fluida y da rienda suelta a gr\u00e1ficos impresionantes.<\/li>\n<li><strong>C\u00e1maras duales para fotos y chat cara a cara<\/strong><br \/>\nIncluye un enfoque autom\u00e1tico de 8.0MP y c\u00e1maras frontales de 5.0MP.<\/li>\n<\/ul>\n<p>&nbsp;<\/p>\n<\/div>\n<\/div>\n<\/div>\n<div class=\"header-container header-lv\">\n<h3 class=\"heading-5 v-fw-regular\"><strong>Qu\u00e9 est\u00e1 incluido<\/strong><\/h3>\n<\/div>\n<div class=\"list-container list-lv\">\n<div id=\"shop-overview-accordion-25602769\" class=\"None\" data-version=\"1.3.10\">\n<div class=\"shop-overview-accordion\">\n<div class=\"overview-accordion-container show \" data-reactroot=\"\">\n<div class=\"c-accordion size-l\">\n<div id=\"overview-accordion-content\" class=\"c-show-hide \" aria-hidden=\"false\">\n<div class=\"c-accordion-content c-accordion-content-active c-accordion-content-complete\">\n<div class=\"overview-accordion-content-wrapper\">\n<div class=\"embedded-component-container lv whats-included\">\n<div>\n<div id=\"shop-whats-included-19591828\" class=\"None\" data-version=\"2.1.9\">\n<div class=\"shop-whats-included\">\n<div class=\"whats-included accordion-container \" data-reactroot=\"\">\n<div class=\"list-container list-lv\">\n<ul class=\" bold\">\n<li class=\"bold v-fw-medium body-copy\">Samsung Galaxy Tab S6 Lite &#8211; 10,4 \u00ab- 64 GB<\/li>\n<li class=\"bold v-fw-medium body-copy\">Cargador<\/li>\n<li class=\"bold v-fw-medium body-copy\">S Pen<\/li>\n<li class=\"bold v-fw-medium body-copy\">El manual del propietario<\/li>\n<\/ul>\n<\/div>\n<\/div>\n<\/div>\n<\/div>\n<\/div>\n<\/div>\n<\/div>\n<\/div>\n<\/div>\n<\/div>\n<\/div>\n<\/div>\n<\/div>\n<div id=\"shop-specifications-75008997\" class=\"None\" data-version=\"2.3.19\">\n<div class=\"shop-specifications\">\n<section class=\"specs-container specs-wrapper all-specs-wrapper \" data-reactroot=\"\">\n<div class=\"specifications-accordion-wrapper \">\n<div class=\"c-accordion size-l\">\n<div role=\"heading\" aria-level=\"2\"><\/div>\n<\/div>\n<\/div>\n<\/section>\n<\/div>\n<\/div>\n<\/div>\n","protected":false},"excerpt":{"rendered":"<p>Navegue por Internet y mant\u00e9ngase productivo con esta tableta Samsung Galaxy Tab S6 Lite.\u00a0El procesador Exynos y los 4 GB de RAM ofrecen un rendimiento r\u00e1pido para ejecutar m\u00faltiples aplicaciones,<\/p>\n","protected":false},"featured_media":37972,"comment_status":"open","ping_status":"closed","template":"","meta":{"_acf_changed":false,"_joinchat":[]},"product_brand":[],"product_cat":[1472,408,409,257,410],"product_tag":[],"class_list":{"0":"post-37950","1":"product","2":"type-product","3":"status-publish","4":"has-post-thumbnail","6":"product_cat-ofertas-primavera-tablets","7":"product_cat-celulares-y-tablets","8":"product_cat-tablets-y-ipad","9":"product_cat-samsung-galaxy","10":"product_cat-todas-las-tablets","12":"first","13":"instock","14":"sale","15":"shipping-taxable","16":"purchasable","17":"product-type-variable","18":"has-default-attributes"},"acf":[],"_links":{"self":[{"href":"https:\/\/defabrica.com.mx\/defabrica\/wp-json\/wp\/v2\/product\/37950","targetHints":{"allow":["GET"]}}],"collection":[{"href":"https:\/\/defabrica.com.mx\/defabrica\/wp-json\/wp\/v2\/product"}],"about":[{"href":"https:\/\/defabrica.com.mx\/defabrica\/wp-json\/wp\/v2\/types\/product"}],"replies":[{"embeddable":true,"href":"https:\/\/defabrica.com.mx\/defabrica\/wp-json\/wp\/v2\/comments?post=37950"}],"wp:featuredmedia":[{"embeddable":true,"href":"https:\/\/defabrica.com.mx\/defabrica\/wp-json\/wp\/v2\/media\/37972"}],"wp:attachment":[{"href":"https:\/\/defabrica.com.mx\/defabrica\/wp-json\/wp\/v2\/media?parent=37950"}],"wp:term":[{"taxonomy":"product_brand","embeddable":true,"href":"https:\/\/defabrica.com.mx\/defabrica\/wp-json\/wp\/v2\/product_brand?post=37950"},{"taxonomy":"product_cat","embeddable":true,"href":"https:\/\/defabrica.com.mx\/defabrica\/wp-json\/wp\/v2\/product_cat?post=37950"},{"taxonomy":"product_tag","embeddable":true,"href":"https:\/\/defabrica.com.mx\/defabrica\/wp-json\/wp\/v2\/product_tag?post=37950"}],"curies":[{"name":"wp","href":"https:\/\/api.w.org\/{rel}","templated":true}]}}