{"id":37928,"date":"2021-07-12T22:49:22","date_gmt":"2021-07-13T03:49:22","guid":{"rendered":"https:\/\/defabrica.com.mx\/defabrica\/?post_type=product&#038;p=37928"},"modified":"2023-01-26T15:32:50","modified_gmt":"2023-01-26T21:32:50","slug":"lenovo-smart-tablet-m8-hd-2nd-gen-8-32gb-android-9-0-2-gb-ram-diseno-iron-gray","status":"publish","type":"product","link":"https:\/\/defabrica.com.mx\/defabrica\/producto\/lenovo-smart-tablet-m8-hd-2nd-gen-8-32gb-android-9-0-2-gb-ram-diseno-iron-gray\/","title":{"rendered":"Lenovo Smart Tablet &#8211; M8 &#8211; HD (2nd Gen) &#8211; 8&#8243; &#8211; 32GB &#8211; Android 9.0 &#8211; 2 GB RAM &#8211; Dise\u00f1o Iron Gray"},"content":{"rendered":"<p>La portabilidad de una gran tableta de entretenimiento y la conveniencia de un concentrador dom\u00e9stico inteligente se combinan en la Lenovo Smart Tab M8.\u00a0Por s\u00ed sola, la elegante Smart Tab M8 de 8 \u201dcuenta con un dise\u00f1o premium, conectividad r\u00e1pida y mejoras multimedia como Dolby Atmos\u00ae.\u00a0Con\u00e9ctelo a la base de la estaci\u00f3n de carga inteligente y abra un mundo de posibilidades con el modo ambiental del Asistente de Google.<\/p>\n<p><b>Lenovo Smart Tab M8 con Asistente de Google<\/b><\/p>\n<ul>\n<li>El dise\u00f1o sobresaliente, una carcasa de metal de primera calidad y biseles estrechos (cuenta con una relaci\u00f3n pantalla-cuerpo de 83) le da a la Lenovo Smart Tab M8 con el Asistente de Google una elegancia discreta.\u00a0Lo usar\u00e1 todos los d\u00edas, por lo que nos esforzamos para que se vea bien.<\/li>\n<\/ul>\n<div>\n<ul>\n<li>Acurrucado en el sof\u00e1 para ver videos Chatear por video con amigos en su porche Todo se ver\u00e1 y sonar\u00e1 genial gracias a la pantalla IPS HD mejorada de Lenovo Smart Tab M8 con tecnolog\u00eda TDDI y altavoces duales sintonizados con Dolby Atmos\u00ae.<\/li>\n<\/ul>\n<ul>\n<li>Conecte su Lenovo Smart Tab M8 a su estaci\u00f3n de carga inteligente para aprovechar al m\u00e1ximo sus capacidades.\u00a0Solo di la palabra y el Asistente de Google te dar\u00e1 el control.\u00a0Su Smart Tab M8 lo escuchar\u00e1 claramente desde el otro lado de la habitaci\u00f3n.<\/li>\n<\/ul>\n<ul>\n<li>La Lenovo Smart Tab M8 est\u00e1 dise\u00f1ada para compartirla con toda la familia.\u00a0Varias cuentas de usuario y un modo especial para ni\u00f1os con controles parentales y un panel de uso te ponen a cargo de lo que ven tus hijos.\u00a0Su pantalla con certificaci\u00f3n T\u00dcV tambi\u00e9n reduce la fatiga visual al reducir la luz azul da\u00f1ina.<\/li>\n<\/ul>\n<ul>\n<li>Nada estropea un gran video o un juego inmersivo como un rendimiento lento y una conectividad incompleta.\u00a0Es por eso que potenciamos la Lenovo Smart Tab M8 con un procesador de cuatro n\u00facleos para un rendimiento r\u00e1pido y hasta 5 GHz Wi-Fi para una transmisi\u00f3n confiable.\u00a0Disfrute de su tecnolog\u00eda, no se preocupe.<\/li>\n<\/ul>\n<\/div>\n","protected":false},"excerpt":{"rendered":"<p>La portabilidad de una gran tableta de entretenimiento y la conveniencia de un concentrador dom\u00e9stico inteligente se combinan en la Lenovo Smart Tab M8.\u00a0Por s\u00ed sola, la elegante Smart Tab<\/p>\n","protected":false},"featured_media":62881,"comment_status":"open","ping_status":"closed","template":"","meta":{"_acf_changed":false,"_joinchat":[]},"product_brand":[],"product_cat":[1472,408,409,1111,410],"product_tag":[],"class_list":{"0":"post-37928","1":"product","2":"type-product","3":"status-publish","4":"has-post-thumbnail","6":"product_cat-ofertas-primavera-tablets","7":"product_cat-celulares-y-tablets","8":"product_cat-tablets-y-ipad","9":"product_cat-lenovo","10":"product_cat-todas-las-tablets","12":"first","13":"instock","14":"sale","15":"shipping-taxable","16":"purchasable","17":"product-type-simple"},"acf":[],"_links":{"self":[{"href":"https:\/\/defabrica.com.mx\/defabrica\/wp-json\/wp\/v2\/product\/37928","targetHints":{"allow":["GET"]}}],"collection":[{"href":"https:\/\/defabrica.com.mx\/defabrica\/wp-json\/wp\/v2\/product"}],"about":[{"href":"https:\/\/defabrica.com.mx\/defabrica\/wp-json\/wp\/v2\/types\/product"}],"replies":[{"embeddable":true,"href":"https:\/\/defabrica.com.mx\/defabrica\/wp-json\/wp\/v2\/comments?post=37928"}],"wp:featuredmedia":[{"embeddable":true,"href":"https:\/\/defabrica.com.mx\/defabrica\/wp-json\/wp\/v2\/media\/62881"}],"wp:attachment":[{"href":"https:\/\/defabrica.com.mx\/defabrica\/wp-json\/wp\/v2\/media?parent=37928"}],"wp:term":[{"taxonomy":"product_brand","embeddable":true,"href":"https:\/\/defabrica.com.mx\/defabrica\/wp-json\/wp\/v2\/product_brand?post=37928"},{"taxonomy":"product_cat","embeddable":true,"href":"https:\/\/defabrica.com.mx\/defabrica\/wp-json\/wp\/v2\/product_cat?post=37928"},{"taxonomy":"product_tag","embeddable":true,"href":"https:\/\/defabrica.com.mx\/defabrica\/wp-json\/wp\/v2\/product_tag?post=37928"}],"curies":[{"name":"wp","href":"https:\/\/api.w.org\/{rel}","templated":true}]}}