{"id":37840,"date":"2021-07-12T17:05:10","date_gmt":"2021-07-12T22:05:10","guid":{"rendered":"https:\/\/defabrica.com.mx\/defabrica\/?post_type=product&#038;p=37840"},"modified":"2022-12-06T14:03:25","modified_gmt":"2022-12-06T20:03:25","slug":"nueva-dell-2021-inspiron-3505-15-6-fhd-pantalla-touch-amd-ryzen-5-series-2-1-gigahertz-8gb-ram-ddr4-256-gb-ssd-windows-10-home","status":"publish","type":"product","link":"https:\/\/defabrica.com.mx\/defabrica\/producto\/nueva-dell-2021-inspiron-3505-15-6-fhd-pantalla-touch-amd-ryzen-5-series-2-1-gigahertz-8gb-ram-ddr4-256-gb-ssd-windows-10-home\/","title":{"rendered":"Nueva Dell 2021 Inspiron 3505 &#8211; 15.6&#8243; FHD Pantalla Touch -AMD Ryzen 5 series &#8211; 2.1 gigahertz &#8211; 8GB RAM DDR4 &#8211; 256 GB SSD &#8211; Windows 10 Home"},"content":{"rendered":"<p style=\"text-align: center;\">Afronte el d\u00eda con la nueva computadora port\u00e1til Inspiron 3505 de 15,6 \u00bb.\u00a0Con Windows 10 en modo S, un procesador AMD Ryzen, gr\u00e1ficos Vega 8 y memoria de 8 GB, la Inspiron 15 3505 est\u00e1 dise\u00f1ada para mantener su productividad, en la escuela, el hogar o donde sea que la vida lo lleve.\u00a0Con el modo ExpressCharging, obtenga su bater\u00eda de 0% a 80% en una hora, para que no est\u00e9 atado a una toma de corriente mientras est\u00e1 fuera de casa.\u00a0Este modelo se puede personalizar con Dell Mobile Connect para la integraci\u00f3n con dispositivos m\u00f3viles iOS y Android.\u00a0Independientemente de su estilo de vida, la computadora port\u00e1til Inspiron es perfecta para uso diario, aprendizaje remoto, ni\u00f1os, transmisi\u00f3n y m\u00e1s.<\/p>\n<h3 class=\"heading-5 v-fw-regular feature-heading\"><strong>Caracter\u00edsticas<\/strong><\/h3>\n<ul>\n<li><strong>Sistema operativo Windows 10 (modo S)<\/strong><br \/>\nWindows 10 recupera el men\u00fa Inicio de Windows 7 e introduce nuevas funciones, como el navegador web Edge que le permite marcar p\u00e1ginas web en su pantalla.<\/li>\n<li><strong>Unidad de estado s\u00f3lido PCIe NVMe de 256 GB M.2<\/strong><br \/>\nSi bien ofrece menos espacio de almacenamiento que un disco duro, un SSD basado en flash no tiene partes m\u00f3viles, lo que resulta en tiempos de inicio y acceso a datos m\u00e1s r\u00e1pidos, sin ruido y con una producci\u00f3n de calor y consumo de energ\u00eda reducidos en la bater\u00eda.<\/li>\n<li><strong>Pantalla t\u00e1ctil Full HD de 15,6 \u00abpara un control pr\u00e1ctico<\/strong><br \/>\nLa navegaci\u00f3n t\u00e1ctil natural aprovecha al m\u00e1ximo Windows 10. La resoluci\u00f3n de 1920 x 1080 ofrece un color y una claridad impresionantes con una pantalla con \u00e1ngulos de visi\u00f3n amplios. Retroiluminaci\u00f3n LED de bajo consumo.<\/li>\n<li><strong>Procesador m\u00f3vil AMD Ryzen \u2122 5 3450U<\/strong><br \/>\nDisfrute de un alto rendimiento de las aplicaciones y experiencias de juego m\u00e1s fluidas con los procesadores AMD Ryzen \u2122 5, con inteligencia artificial, capacidades multitarea y una arquitectura eficiente con hasta 4 n\u00facleos y 8 procesamientos.<\/li>\n<li><strong>Memoria del sistema de 8GB<\/strong><br \/>\nGran cantidad de RAM DDR3 de gran ancho de banda para ejecutar sin problemas sus juegos de PC con muchos gr\u00e1ficos y aplicaciones de edici\u00f3n de video, as\u00ed como numerosos programas y pesta\u00f1as del navegador a la vez.<\/li>\n<li><strong>C\u00e1mara web de pantalla ancha HD 720P integrada con matriz de micr\u00f3fono digital dual<\/strong><br \/>\nUna nueva lente de 4 elementos ofrece videos n\u00edtidos en todas las \u00e1reas del encuadre, especialmente en condiciones de poca luz. El micr\u00f3fono montado en la parte superior proporciona una mejor experiencia de audio.<\/li>\n<li><strong>Dell Mobile Connect<\/strong><br \/>\nPermite una integraci\u00f3n inal\u00e1mbrica completa entre su computadora Dell y su tel\u00e9fono inteligente. Realice llamadas, env\u00ede mensajes de texto y reciba notificaciones en tel\u00e9fonos iOS y Android.<\/li>\n<li><strong>Teclado completo con teclado num\u00e9rico de 10 teclas<\/strong><br \/>\nEscriba c\u00f3modamente, ingrese n\u00fameros r\u00e1pidamente y maniobre a trav\u00e9s de los juegos con facilidad. Touchpad con control multitouch.<\/li>\n<li><strong>Lector de medios integrado para una transferencia de fotos sencilla<\/strong><br \/>\nAdmite formato de tarjeta de memoria SD.<\/li>\n<li><strong>Puertos adicionales<\/strong><br \/>\nUSB 3.2 Gen 1 (x2), USB2.0 (x1), HDMI 1.4- Lector de tarjetas de medios SD (SD, SDHC, SDXC) &#8211; RJ45 &#8211; 10 \/ 100Mbps- 1 conector combinado para auriculares \/ micr\u00f3fono<\/li>\n<\/ul>\n<div class=\"header-container header-lv\">\n<h3 class=\"heading-5 v-fw-regular\"><strong>Qu\u00e9 est\u00e1 incluido<\/strong><\/h3>\n<\/div>\n<div class=\"list-container list-lv\">\n<div class=\"embedded-component-container lv whats-included\">\n<div>\n<div id=\"shop-whats-included-2616799\" class=\"None\" data-version=\"2.1.9\">\n<div class=\"shop-whats-included\">\n<div class=\"whats-included accordion-container \" data-reactroot=\"\">\n<div class=\"list-container list-lv\">\n<ul class=\" bold\">\n<li class=\"bold v-fw-medium body-copy\">Inspiron 15 3505<\/li>\n<li class=\"bold v-fw-medium body-copy\">Adaptador de corriente<\/li>\n<li class=\"bold v-fw-medium body-copy\">Documentaci\u00f3n<\/li>\n<\/ul>\n<\/div>\n<\/div>\n<\/div>\n<\/div>\n<\/div>\n<\/div>\n<div class=\"embedded-component-container lv product-energy-ratings\"><\/div>\n<\/div>\n<p>&nbsp;<\/p>\n","protected":false},"excerpt":{"rendered":"<p>Afronte el d\u00eda con la nueva computadora port\u00e1til Inspiron 3505 de 15,6 \u00bb.\u00a0Con Windows 10 en modo S, un procesador AMD Ryzen, gr\u00e1ficos Vega 8 y memoria de 8 GB,<\/p>\n","protected":false},"featured_media":37856,"comment_status":"open","ping_status":"closed","template":"","meta":{"_acf_changed":false,"_joinchat":[]},"product_brand":[],"product_cat":[1453,1515,1471,241,277,280,432],"product_tag":[],"class_list":{"0":"post-37840","1":"product","2":"type-product","3":"status-publish","4":"has-post-thumbnail","6":"product_cat-black-friday","7":"product_cat-ofetas-zonagamer","8":"product_cat-ofertas-primavera-computo","9":"product_cat-laptops","10":"product_cat-zona-gamer","11":"product_cat-pc-gaming","12":"product_cat-laptops-gamer","14":"first","15":"instock","16":"sale","17":"shipping-taxable","18":"purchasable","19":"product-type-simple"},"acf":[],"_links":{"self":[{"href":"https:\/\/defabrica.com.mx\/defabrica\/wp-json\/wp\/v2\/product\/37840","targetHints":{"allow":["GET"]}}],"collection":[{"href":"https:\/\/defabrica.com.mx\/defabrica\/wp-json\/wp\/v2\/product"}],"about":[{"href":"https:\/\/defabrica.com.mx\/defabrica\/wp-json\/wp\/v2\/types\/product"}],"replies":[{"embeddable":true,"href":"https:\/\/defabrica.com.mx\/defabrica\/wp-json\/wp\/v2\/comments?post=37840"}],"wp:featuredmedia":[{"embeddable":true,"href":"https:\/\/defabrica.com.mx\/defabrica\/wp-json\/wp\/v2\/media\/37856"}],"wp:attachment":[{"href":"https:\/\/defabrica.com.mx\/defabrica\/wp-json\/wp\/v2\/media?parent=37840"}],"wp:term":[{"taxonomy":"product_brand","embeddable":true,"href":"https:\/\/defabrica.com.mx\/defabrica\/wp-json\/wp\/v2\/product_brand?post=37840"},{"taxonomy":"product_cat","embeddable":true,"href":"https:\/\/defabrica.com.mx\/defabrica\/wp-json\/wp\/v2\/product_cat?post=37840"},{"taxonomy":"product_tag","embeddable":true,"href":"https:\/\/defabrica.com.mx\/defabrica\/wp-json\/wp\/v2\/product_tag?post=37840"}],"curies":[{"name":"wp","href":"https:\/\/api.w.org\/{rel}","templated":true}]}}