{"id":37742,"date":"2021-07-09T17:21:05","date_gmt":"2021-07-09T22:21:05","guid":{"rendered":"https:\/\/defabrica.com.mx\/defabrica\/?post_type=product&#038;p=37742"},"modified":"2022-12-06T11:27:06","modified_gmt":"2022-12-06T17:27:06","slug":"jabra-auriculares-ergonomicos-inalambricos-verdaderos-elite-65t-negro-titanio","status":"publish","type":"product","link":"https:\/\/defabrica.com.mx\/defabrica\/producto\/jabra-auriculares-ergonomicos-inalambricos-verdaderos-elite-65t-negro-titanio\/","title":{"rendered":"Jabra &#8211; Auriculares ergon\u00f3micos inal\u00e1mbricos verdaderos Elite 65t &#8211; Negro titanio"},"content":{"rendered":"<div>\n<div>Disfrute de una calidad de voz y sonido superior con estos auriculares inal\u00e1mbricos Jabra Elite.\u00a0Los controles integrados le permiten responder llamadas, ajustar el volumen o pausar la m\u00fasica con solo tocar un bot\u00f3n, mientras que el estuche de transporte incluido funciona como una estaci\u00f3n de carga.\u00a0El ruido ambiental externo lo mantiene al tanto de su entorno, mientras que un filtro de ruido de fondo brinda llamadas de voz claras y n\u00edtidas.\u00a0Con conectividad Bluetooth, estos auriculares inal\u00e1mbricos Jabra Elite son f\u00e1ciles de emparejar con un dispositivo m\u00f3vil.<\/div>\n<\/div>\n<div><\/div>\n<div>\n<h3 class=\"heading-5 v-fw-regular feature-heading\"><strong>Caracter\u00edsticas<\/strong><\/h3>\n<ul>\n<li><strong>Verdadero inal\u00e1mbrico<\/strong><br \/>\nLos Jabra Elite 65t son aut\u00e9nticos auriculares inal\u00e1mbricos de tercera generaci\u00f3n. Experimente la estabilidad que le permite atender llamadas y escuchar m\u00fasica sin preocuparse por los abandonos.<\/li>\n<li><strong>\u00daselo todo el d\u00eda, sean cuales sean sus necesidades auditivas<\/strong><br \/>\nOfrece hasta cinco horas de duraci\u00f3n de la bater\u00eda y, con la energ\u00eda adicional del estuche de carga de bolsillo incluido, puedes disfrutar de hasta 15 horas de uso.<\/li>\n<li><strong>Calidad de voz y llamada perfecta<\/strong><br \/>\nLa tecnolog\u00eda \u00fanica de cuatro micr\u00f3fonos le brinda una reducci\u00f3n efectiva del ruido del viento en las llamadas.<\/li>\n<li><strong>Cancelaci\u00f3n pasiva de ruido<\/strong><br \/>\nAyuda a bloquear el ruido para garantizar una reproducci\u00f3n de sonido clara.<\/li>\n<li><strong>Construido para funcionar y garantizado para durar<\/strong><br \/>\nJabra Elite 65t presenta un dise\u00f1o con clasificaci\u00f3n IP55. Donde sea que lo lleve su d\u00eda, sus actividades no se interpondr\u00e1n en el camino de acceso f\u00e1cil y confiable a llamadas y m\u00fasica.<\/li>\n<li><strong>Tecnolog\u00eda HearThrough<\/strong><br \/>\nProporciona ruido ambiental externo a los auriculares para mayor conciencia.<\/li>\n<li><strong>Comando de voz simplificado<\/strong><br \/>\nPuede conectarse instant\u00e1neamente a Alexa, Siri o Google Now, lo que le permite obtener r\u00e1pidamente la informaci\u00f3n que necesita, ya sea para programar citas, buscar eventos o que le lean los mensajes.<\/li>\n<li><strong>Controladores de 6.0 mm x 5.1 mm<\/strong><br \/>\nOfrece un sonido potente.<\/li>\n<li><strong>Respuesta de frecuencia de auriculares de 20 Hz a 20 kHz<\/strong><br \/>\nGarantiza una reproducci\u00f3n fiel del sonido.<\/li>\n<li><strong>Impedancia de 16 ohmios<\/strong><br \/>\nAyuda a conducir la energ\u00eda de manera eficiente.<\/li>\n<\/ul>\n<\/div>\n<p>&nbsp;<\/p>\n<div class=\"header-container header-lv\">\n<h3 class=\"heading-5 v-fw-regular\">Qu\u00e9 est\u00e1 incluido<\/h3>\n<\/div>\n<div class=\"list-container list-lv\">\n<div class=\"embedded-component-container lv whats-included\">\n<div>\n<div id=\"shop-whats-included-32543058\" class=\"None\" data-version=\"2.1.9\">\n<div class=\"shop-whats-included\">\n<div class=\"whats-included accordion-container \" data-reactroot=\"\">\n<div class=\"list-container list-lv\">\n<ul class=\" bold\">\n<li class=\"bold v-fw-medium body-copy\">Auriculares ergon\u00f3micos inal\u00e1mbricos verdaderos Jabra Elite 65t<\/li>\n<li class=\"bold v-fw-medium body-copy\">Estuche de carga<\/li>\n<li class=\"bold v-fw-medium body-copy\">Cable micro-USB<\/li>\n<li class=\"bold v-fw-medium body-copy\">3 juegos de EarGels de silicona<\/li>\n<li class=\"bold v-fw-medium body-copy\">Gu\u00eda de inicio r\u00e1pido<\/li>\n<li class=\"bold v-fw-medium body-copy\">Folletos de garant\u00eda y advertencia, etiqueta TA<\/li>\n<\/ul>\n<\/div>\n<\/div>\n<\/div>\n<\/div>\n<\/div>\n<\/div>\n<div class=\"embedded-component-container lv product-documentation\"><\/div>\n<\/div>\n","protected":false},"excerpt":{"rendered":"<p>Disfrute de una calidad de voz y sonido superior con estos auriculares inal\u00e1mbricos Jabra Elite.\u00a0Los controles integrados le permiten responder llamadas, ajustar el volumen o pausar la m\u00fasica con solo<\/p>\n","protected":false},"featured_media":37745,"comment_status":"open","ping_status":"closed","template":"","meta":{"_acf_changed":false,"_joinchat":[]},"product_brand":[],"product_cat":[294,300,304],"product_tag":[],"class_list":{"0":"post-37742","1":"product","2":"type-product","3":"status-publish","4":"has-post-thumbnail","6":"product_cat-audio","7":"product_cat-audifonos","8":"product_cat-inalambricos","10":"first","11":"instock","12":"sale","13":"shipping-taxable","14":"purchasable","15":"product-type-simple"},"acf":[],"_links":{"self":[{"href":"https:\/\/defabrica.com.mx\/defabrica\/wp-json\/wp\/v2\/product\/37742","targetHints":{"allow":["GET"]}}],"collection":[{"href":"https:\/\/defabrica.com.mx\/defabrica\/wp-json\/wp\/v2\/product"}],"about":[{"href":"https:\/\/defabrica.com.mx\/defabrica\/wp-json\/wp\/v2\/types\/product"}],"replies":[{"embeddable":true,"href":"https:\/\/defabrica.com.mx\/defabrica\/wp-json\/wp\/v2\/comments?post=37742"}],"wp:featuredmedia":[{"embeddable":true,"href":"https:\/\/defabrica.com.mx\/defabrica\/wp-json\/wp\/v2\/media\/37745"}],"wp:attachment":[{"href":"https:\/\/defabrica.com.mx\/defabrica\/wp-json\/wp\/v2\/media?parent=37742"}],"wp:term":[{"taxonomy":"product_brand","embeddable":true,"href":"https:\/\/defabrica.com.mx\/defabrica\/wp-json\/wp\/v2\/product_brand?post=37742"},{"taxonomy":"product_cat","embeddable":true,"href":"https:\/\/defabrica.com.mx\/defabrica\/wp-json\/wp\/v2\/product_cat?post=37742"},{"taxonomy":"product_tag","embeddable":true,"href":"https:\/\/defabrica.com.mx\/defabrica\/wp-json\/wp\/v2\/product_tag?post=37742"}],"curies":[{"name":"wp","href":"https:\/\/api.w.org\/{rel}","templated":true}]}}