{"id":37720,"date":"2021-07-09T17:14:27","date_gmt":"2021-07-09T22:14:27","guid":{"rendered":"https:\/\/defabrica.com.mx\/defabrica\/?post_type=product&#038;p=37720"},"modified":"2023-01-21T12:41:38","modified_gmt":"2023-01-21T18:41:38","slug":"gibson-elite-soho-lounge-vajilla-16-piezas","status":"publish","type":"product","link":"https:\/\/defabrica.com.mx\/defabrica\/producto\/gibson-elite-soho-lounge-vajilla-16-piezas\/","title":{"rendered":"Gibson Elite Soho Lounge &#8211; Vajilla (16 piezas)"},"content":{"rendered":"<ul class=\"a-unordered-list a-vertical a-spacing-mini\">\n<li><span class=\"a-list-item\">Qu\u00e9 hay en la caja: Servicio para 4 personas que incluye 4 piezas de cada uno de los siguientes: Platos de cena de 11\u00a0pulgadas, platos de postre de 8.25\u00a0pulgadas, tazones para cereal de 6 pulgadas (31 onzas) y tazas de 12 onzas<\/span><\/li>\n<li><span class=\"a-list-item\">Instrucciones de cuidado: hermosos platos que tambi\u00e9n son aptos para lavavajillas y microondas.<\/span><\/li>\n<li><span class=\"a-list-item\">Cer\u00e1mica \/doble esmaltado reactivo: reactivo se refiere a una t\u00e9cnica de c\u00f3mo varios colores dentro del esmalte reaccionan juntos para crear una calidad de ensue\u00f1o y vibrante a los colores y tonos. Debido a la naturaleza reactiva del esmalte, cada pieza de cer\u00e1mica es \u00fanica. La alta temperatura de cocci\u00f3n, la construcci\u00f3n gruesa y la mezcla de arcillas naturales hacen que la cer\u00e1mica sea un material incre\u00edblemente duradero.<\/span><\/li>\n<li><span class=\"a-list-item\">Dise\u00f1o moderno: esmalte reactivo artesanal con tonos org\u00e1nicos naturales que crean una elegancia moderna al juego de vajilla. La cer\u00e1mica duradera y el esmalte reactivo hacen que estos juegos sean dif\u00edciles de rayar y romper<\/span><\/li>\n<\/ul>\n","protected":false},"excerpt":{"rendered":"<p>Qu\u00e9 hay en la caja: Servicio para 4 personas que incluye 4 piezas de cada uno de los siguientes: Platos de cena de 11\u00a0pulgadas, platos de postre de 8.25\u00a0pulgadas, tazones<\/p>\n","protected":false},"featured_media":37738,"comment_status":"open","ping_status":"closed","template":"","meta":{"_acf_changed":false,"_joinchat":[]},"product_brand":[],"product_cat":[336,337,988],"product_tag":[],"class_list":{"0":"post-37720","1":"product","2":"type-product","3":"status-publish","4":"has-post-thumbnail","6":"product_cat-hogar","7":"product_cat-cocina","8":"product_cat-vajillas-y-articulos-de-servir","10":"first","11":"instock","12":"sale","13":"shipping-taxable","14":"purchasable","15":"product-type-variable","16":"has-default-attributes"},"acf":[],"_links":{"self":[{"href":"https:\/\/defabrica.com.mx\/defabrica\/wp-json\/wp\/v2\/product\/37720","targetHints":{"allow":["GET"]}}],"collection":[{"href":"https:\/\/defabrica.com.mx\/defabrica\/wp-json\/wp\/v2\/product"}],"about":[{"href":"https:\/\/defabrica.com.mx\/defabrica\/wp-json\/wp\/v2\/types\/product"}],"replies":[{"embeddable":true,"href":"https:\/\/defabrica.com.mx\/defabrica\/wp-json\/wp\/v2\/comments?post=37720"}],"wp:featuredmedia":[{"embeddable":true,"href":"https:\/\/defabrica.com.mx\/defabrica\/wp-json\/wp\/v2\/media\/37738"}],"wp:attachment":[{"href":"https:\/\/defabrica.com.mx\/defabrica\/wp-json\/wp\/v2\/media?parent=37720"}],"wp:term":[{"taxonomy":"product_brand","embeddable":true,"href":"https:\/\/defabrica.com.mx\/defabrica\/wp-json\/wp\/v2\/product_brand?post=37720"},{"taxonomy":"product_cat","embeddable":true,"href":"https:\/\/defabrica.com.mx\/defabrica\/wp-json\/wp\/v2\/product_cat?post=37720"},{"taxonomy":"product_tag","embeddable":true,"href":"https:\/\/defabrica.com.mx\/defabrica\/wp-json\/wp\/v2\/product_tag?post=37720"}],"curies":[{"name":"wp","href":"https:\/\/api.w.org\/{rel}","templated":true}]}}