{"id":37679,"date":"2021-07-09T16:07:20","date_gmt":"2021-07-09T21:07:20","guid":{"rendered":"https:\/\/defabrica.com.mx\/defabrica\/?post_type=product&#038;p=37679"},"modified":"2023-01-13T15:31:14","modified_gmt":"2023-01-13T21:31:14","slug":"kitchenaid-batidora-de-mano-inalambrica-de-7-velocidades-rojo-pasion","status":"publish","type":"product","link":"https:\/\/defabrica.com.mx\/defabrica\/producto\/kitchenaid-batidora-de-mano-inalambrica-de-7-velocidades-rojo-pasion\/","title":{"rendered":"KitchenAid &#8211; Batidora de mano inal\u00e1mbrica de 7 velocidades &#8211;"},"content":{"rendered":"<p>Toda la potencia que esperas, sin el cable.\u00a0Vaya a donde lo lleve la ambici\u00f3n con la batidora de mano inal\u00e1mbrica de KitchenAid.\u00a0Dise\u00f1ada con una potente bater\u00eda de iones de litio recargable, la nueva batidora de mano inal\u00e1mbrica ofrece un tiempo de funcionamiento y un rendimiento \u00f3ptimos, para que pueda cocinar donde sea *, lo que sea y como desee.\u00a0Prepare hasta 200 galletas con una carga completa. *** Solo para uso en interiores.\u00a0** Basado en 4 lotes de galletas con chispas de chocolate.<\/p>\n<p>&nbsp;<\/p>\n<h3 class=\"heading-5 v-fw-regular feature-heading\">Caracter\u00edsticas<\/h3>\n<ul>\n<li><strong>Bater\u00eda de iones de litio recargable<\/strong><br \/>\nOfrece un tiempo de ejecuci\u00f3n y un rendimiento \u00f3ptimos. Prepare hasta 200 galletas con una carga completa. * * Basado en 4 lotes de galletas con chispas de chocolate<\/li>\n<li><strong>F\u00e1cil de cargar<\/strong><br \/>\nSe incluye un pr\u00e1ctico cargador que funciona con todos los productos de la colecci\u00f3n. Cargue de vac\u00edo a lleno en 2 horas o menos. Con una carga r\u00e1pida de 10 minutos, revuelva una receta de masa para pastel. * * Al seguir el mantenimiento recomendado de la bater\u00eda.<\/li>\n<li><strong>Dise\u00f1ado para sostenerse por s\u00ed solo<\/strong><br \/>\nLevantar los batidores y sacarlos del recipiente y del espacio de trabajo<\/li>\n<li><strong>7 velocidades<\/strong><br \/>\nPara revolver, mezclar y batir todas sus recetas favoritas, desde revolver lentamente para obtener ingredientes gruesos, hasta batir mantequilla y az\u00facar de tama\u00f1o medio, y batir a alta velocidad claras de huevo y cremas espesas.<\/li>\n<li><strong>Arranque<\/strong> <strong>suave<\/strong><br \/>\nLleva los batidores gradualmente a la velocidad seleccionada para ayudar a evitar que los ingredientes salpiquen.<\/li>\n<\/ul>\n<p>&nbsp;<\/p>\n<div class=\"header-container header-lv\">\n<h3 class=\"heading-5 v-fw-regular\">Qu\u00e9 est\u00e1 incluido<\/h3>\n<\/div>\n<div class=\"list-container list-lv\">\n<div class=\"embedded-component-container lv whats-included\">\n<div>\n<div id=\"shop-whats-included-12732081\" class=\"None\" data-version=\"2.1.9\">\n<div class=\"shop-whats-included\">\n<div class=\"whats-included accordion-container \" data-reactroot=\"\">\n<div class=\"list-container list-lv\">\n<ul class=\" bold\">\n<li class=\"bold v-fw-medium body-copy\">KitchenAid KHMB732PA<\/li>\n<li class=\"bold v-fw-medium body-copy\">Turbo batidor II (2x)<\/li>\n<li class=\"bold v-fw-medium body-copy\">Adaptador de corriente<\/li>\n<\/ul>\n<\/div>\n<\/div>\n<\/div>\n<\/div>\n<\/div>\n<\/div>\n<div class=\"embedded-component-container lv product-documentation\"><\/div>\n<\/div>\n","protected":false},"excerpt":{"rendered":"<p>Toda la potencia que esperas, sin el cable.\u00a0Vaya a donde lo lleve la ambici\u00f3n con la batidora de mano inal\u00e1mbrica de KitchenAid.\u00a0Dise\u00f1ada con una potente bater\u00eda de iones de litio<\/p>\n","protected":false},"featured_media":37708,"comment_status":"open","ping_status":"closed","template":"","meta":{"_acf_changed":false,"_joinchat":[]},"product_brand":[],"product_cat":[336,337,338,952],"product_tag":[],"class_list":{"0":"post-37679","1":"product","2":"type-product","3":"status-publish","4":"has-post-thumbnail","6":"product_cat-hogar","7":"product_cat-cocina","8":"product_cat-electrodomesticos","9":"product_cat-licuadoras-y-mezcladoras","11":"first","12":"instock","13":"sale","14":"shipping-taxable","15":"purchasable","16":"product-type-variable","17":"has-default-attributes"},"acf":[],"_links":{"self":[{"href":"https:\/\/defabrica.com.mx\/defabrica\/wp-json\/wp\/v2\/product\/37679","targetHints":{"allow":["GET"]}}],"collection":[{"href":"https:\/\/defabrica.com.mx\/defabrica\/wp-json\/wp\/v2\/product"}],"about":[{"href":"https:\/\/defabrica.com.mx\/defabrica\/wp-json\/wp\/v2\/types\/product"}],"replies":[{"embeddable":true,"href":"https:\/\/defabrica.com.mx\/defabrica\/wp-json\/wp\/v2\/comments?post=37679"}],"wp:featuredmedia":[{"embeddable":true,"href":"https:\/\/defabrica.com.mx\/defabrica\/wp-json\/wp\/v2\/media\/37708"}],"wp:attachment":[{"href":"https:\/\/defabrica.com.mx\/defabrica\/wp-json\/wp\/v2\/media?parent=37679"}],"wp:term":[{"taxonomy":"product_brand","embeddable":true,"href":"https:\/\/defabrica.com.mx\/defabrica\/wp-json\/wp\/v2\/product_brand?post=37679"},{"taxonomy":"product_cat","embeddable":true,"href":"https:\/\/defabrica.com.mx\/defabrica\/wp-json\/wp\/v2\/product_cat?post=37679"},{"taxonomy":"product_tag","embeddable":true,"href":"https:\/\/defabrica.com.mx\/defabrica\/wp-json\/wp\/v2\/product_tag?post=37679"}],"curies":[{"name":"wp","href":"https:\/\/api.w.org\/{rel}","templated":true}]}}