{"id":37432,"date":"2021-06-30T00:06:11","date_gmt":"2021-06-30T05:06:11","guid":{"rendered":"https:\/\/defabrica.com.mx\/defabrica\/?post_type=product&#038;p=37432"},"modified":"2022-07-05T13:48:37","modified_gmt":"2022-07-05T18:48:37","slug":"control-joystick-xbox-inalambrico-moga-gaming-clip-2-0","status":"publish","type":"product","link":"https:\/\/defabrica.com.mx\/defabrica\/producto\/control-joystick-xbox-inalambrico-moga-gaming-clip-2-0\/","title":{"rendered":"Control joystick Xbox inal\u00e1mbrico MOGA Gaming Clip 2.0"},"content":{"rendered":"<p>Sum\u00e9rjase en los juegos m\u00f3viles con este clip para tel\u00e9fono dise\u00f1ado por expertos Dise\u00f1ado en colaboraci\u00f3n con el estudio de dise\u00f1o de Xbox.\u00a0Elija entre cientos de juegos en m\u00faltiples plataformas que son compatibles con los controladores inal\u00e1mbricos Xbox One habilitados para Bluetooth.\u00a0Los puntos de articulaci\u00f3n de bloqueo doble lo ayudan a reducir la fatiga durante las sesiones de juego prolongadas al equilibrar ergon\u00f3micamente su tel\u00e9fono sobre el centro de gravedad del controlador.\u00a0El brazo extensible asegura y protege su tel\u00e9fono con agarraderas de goma y una almohadilla de respaldo que se adapta a dispositivos de hasta 3,12 \u201d(79 mm) de ancho.\u00a0Para jugar sobre la marcha, The Clip se ajusta f\u00e1cilmente para ser lo suficientemente compacto como para guardarlo en su bolso o bolsillo.\u00a0Por \u00faltimo, nuestros dos a\u00f1os refuerzan nuestro compromiso con la calidad, lo que garantiza que pueda confiar en el rendimiento de los productos POWER A.\u00a0* Dise\u00f1ado para adaptarse a todos los controladores inal\u00e1mbricos Xbox One excepto Elite Series 2. Use 2.<\/p>\n<p>&nbsp;<\/p>\n<div id=\"featurebullets_feature_div\" class=\"celwidget\" data-feature-name=\"featurebullets\" data-csa-c-id=\"dqabga-25r93-v9292z-bkw9qn\" data-cel-widget=\"featurebullets_feature_div\">\n<div id=\"feature-bullets\" class=\"a-section a-spacing-medium a-spacing-top-small\">\n<ul class=\"a-unordered-list a-vertical a-spacing-mini\">\n<li><span class=\"a-list-item\">Clip de juego m\u00f3vil dise\u00f1ado para controladores inal\u00e1mbricos Xbox One con Bluetooth<\/span><\/li>\n<li><span class=\"a-list-item\">Los puntos de articulaci\u00f3n de bloqueo doble se ajustan para una ubicaci\u00f3n ergon\u00f3mica del tel\u00e9fono<\/span><\/li>\n<li><span class=\"a-list-item\">Agarre y asegure su tel\u00e9fono con acentos de goma<\/span><\/li>\n<li><span class=\"a-list-item\">Fabricado con materiales de calidad para admitir juegos m\u00f3viles y Xbox Game Streaming<\/span><\/li>\n<li><span class=\"a-list-item\">Se adapta a la mayor\u00eda de los tel\u00e9fonos m\u00f3viles: ancho m\u00e1ximo 79 mm (3,12&#8243;)<\/span><\/li>\n<\/ul>\n<\/div>\n<\/div>\n<div id=\"vendorPoweredCoupon_feature_div\" class=\"celwidget\" data-feature-name=\"vendorPoweredCoupon\" data-csa-c-id=\"7dh4sa-uivauz-bp3ge7-m8olq\" data-cel-widget=\"vendorPoweredCoupon_feature_div\"><\/div>\n<div id=\"addOnItem_feature_div\" class=\"celwidget\" data-feature-name=\"addOnItem\" data-csa-c-id=\"ovqew5-g776pv-h45gle-knc597\" data-cel-widget=\"addOnItem_feature_div\"><\/div>\n<div id=\"giftcard-holiday-availability-messaging_feature_div\" class=\"celwidget\" data-feature-name=\"giftCardHolidayAvailabilityMessaging\" data-csa-c-id=\"udpgs7-qf46xb-hmhxie-p9za88\" data-cel-widget=\"giftcard-holiday-availability-messaging_feature_div\"><\/div>\n<div id=\"andonCord_feature_div\" class=\"celwidget\" data-feature-name=\"andonCord\" data-csa-c-id=\"gi3nen-oz9fhh-r46x9v-6f9xsp\" data-cel-widget=\"andonCord_feature_div\"><\/div>\n<div id=\"olp_feature_div\" class=\"celwidget\" data-feature-name=\"olp\" data-csa-c-id=\"maedl9-790vjw-kzoa2k-kk6j0o\" data-cel-widget=\"olp_feature_div\"><\/div>\n","protected":false},"excerpt":{"rendered":"<p>Sum\u00e9rjase en los juegos m\u00f3viles con este clip para tel\u00e9fono dise\u00f1ado por expertos Dise\u00f1ado en colaboraci\u00f3n con el estudio de dise\u00f1o de Xbox.\u00a0Elija entre cientos de juegos en m\u00faltiples plataformas<\/p>\n","protected":false},"featured_media":37441,"comment_status":"open","ping_status":"closed","template":"","meta":{"_acf_changed":false,"_joinchat":[]},"product_brand":[],"product_cat":[1510,277,282,438,437,441],"product_tag":[],"class_list":{"0":"post-37432","1":"product","2":"type-product","3":"status-publish","4":"has-post-thumbnail","6":"product_cat-ofertas-primavera-zona-gamer","7":"product_cat-zona-gamer","8":"product_cat-accesorios-gamers","9":"product_cat-accesorios-xbox","10":"product_cat-controles-gamer","11":"product_cat-todos-los-accesorios-gamer","13":"first","14":"instock","15":"sale","16":"shipping-taxable","17":"purchasable","18":"product-type-simple"},"acf":[],"_links":{"self":[{"href":"https:\/\/defabrica.com.mx\/defabrica\/wp-json\/wp\/v2\/product\/37432","targetHints":{"allow":["GET"]}}],"collection":[{"href":"https:\/\/defabrica.com.mx\/defabrica\/wp-json\/wp\/v2\/product"}],"about":[{"href":"https:\/\/defabrica.com.mx\/defabrica\/wp-json\/wp\/v2\/types\/product"}],"replies":[{"embeddable":true,"href":"https:\/\/defabrica.com.mx\/defabrica\/wp-json\/wp\/v2\/comments?post=37432"}],"wp:featuredmedia":[{"embeddable":true,"href":"https:\/\/defabrica.com.mx\/defabrica\/wp-json\/wp\/v2\/media\/37441"}],"wp:attachment":[{"href":"https:\/\/defabrica.com.mx\/defabrica\/wp-json\/wp\/v2\/media?parent=37432"}],"wp:term":[{"taxonomy":"product_brand","embeddable":true,"href":"https:\/\/defabrica.com.mx\/defabrica\/wp-json\/wp\/v2\/product_brand?post=37432"},{"taxonomy":"product_cat","embeddable":true,"href":"https:\/\/defabrica.com.mx\/defabrica\/wp-json\/wp\/v2\/product_cat?post=37432"},{"taxonomy":"product_tag","embeddable":true,"href":"https:\/\/defabrica.com.mx\/defabrica\/wp-json\/wp\/v2\/product_tag?post=37432"}],"curies":[{"name":"wp","href":"https:\/\/api.w.org\/{rel}","templated":true}]}}