{"id":35783,"date":"2021-06-09T23:09:12","date_gmt":"2021-06-10T04:09:12","guid":{"rendered":"https:\/\/defabrica.com.mx\/defabrica\/?post_type=product&#038;p=35783"},"modified":"2022-12-06T14:00:38","modified_gmt":"2022-12-06T20:00:38","slug":"dewalt-llave-de-impacto-20v-max-1-4-pulgadas-dcf885c1","status":"publish","type":"product","link":"https:\/\/defabrica.com.mx\/defabrica\/producto\/dewalt-llave-de-impacto-20v-max-1-4-pulgadas-dcf885c1\/","title":{"rendered":"DEWALT Llave de Impacto 20V MAX* 1\/4 Pulgadas DCF885C1"},"content":{"rendered":"<p>Las herramientas el\u00e9ctricas DEWALT est\u00e1n hechas para vivir en el lugar de trabajo.\u00a0Ah\u00ed es donde se prueban, y si hay alg\u00fan problema, es donde lo resolvemos.<\/p>\n<p>Seleccione entre una variedad de bater\u00edas de 20 VOLTIOS que se adapten a sus necesidades, u obtenga hasta ocho veces m\u00e1s tiempo de funcionamiento cuando utilice bater\u00edas DEWALT FLEXVOLT con herramientas de 20 VOLTIOS.<\/p>\n<p>Tome el control con m\u00e1s de 200 productos en la l\u00ednea 20 VOLT MAX, cada uno dise\u00f1ado para adaptarse al trabajo.\u00a0Todas las herramientas vienen con funciones mejoradas y una ergonom\u00eda superior.<\/p>\n<p>El mandril hexagonal de 1\/4 pulg. De carga con una sola mano acepta puntas de broca de 1 pulg.<br \/>\nIncluye (1) bater\u00eda MAX de 20 voltios de 1,3 Ah.<br \/>\nCompatible con todas las bater\u00edas y cargadores DEWALT MAX de 20 voltios (m\u00e1s de 200)<\/p>\n","protected":false},"excerpt":{"rendered":"<p>Las herramientas el\u00e9ctricas DEWALT est\u00e1n hechas para vivir en el lugar de trabajo.\u00a0Ah\u00ed es donde se prueban, y si hay alg\u00fan problema, es donde lo resolvemos. Seleccione entre una variedad<\/p>\n","protected":false},"featured_media":35787,"comment_status":"open","ping_status":"closed","template":"","meta":{"_acf_changed":false,"_joinchat":[]},"product_brand":[],"product_cat":[336,1220,1221],"product_tag":[],"class_list":{"0":"post-35783","1":"product","2":"type-product","3":"status-publish","4":"has-post-thumbnail","6":"product_cat-hogar","7":"product_cat-herramientas","8":"product_cat-herramientas-electricas","10":"first","11":"instock","12":"sale","13":"shipping-taxable","14":"purchasable","15":"product-type-simple"},"acf":[],"_links":{"self":[{"href":"https:\/\/defabrica.com.mx\/defabrica\/wp-json\/wp\/v2\/product\/35783","targetHints":{"allow":["GET"]}}],"collection":[{"href":"https:\/\/defabrica.com.mx\/defabrica\/wp-json\/wp\/v2\/product"}],"about":[{"href":"https:\/\/defabrica.com.mx\/defabrica\/wp-json\/wp\/v2\/types\/product"}],"replies":[{"embeddable":true,"href":"https:\/\/defabrica.com.mx\/defabrica\/wp-json\/wp\/v2\/comments?post=35783"}],"wp:featuredmedia":[{"embeddable":true,"href":"https:\/\/defabrica.com.mx\/defabrica\/wp-json\/wp\/v2\/media\/35787"}],"wp:attachment":[{"href":"https:\/\/defabrica.com.mx\/defabrica\/wp-json\/wp\/v2\/media?parent=35783"}],"wp:term":[{"taxonomy":"product_brand","embeddable":true,"href":"https:\/\/defabrica.com.mx\/defabrica\/wp-json\/wp\/v2\/product_brand?post=35783"},{"taxonomy":"product_cat","embeddable":true,"href":"https:\/\/defabrica.com.mx\/defabrica\/wp-json\/wp\/v2\/product_cat?post=35783"},{"taxonomy":"product_tag","embeddable":true,"href":"https:\/\/defabrica.com.mx\/defabrica\/wp-json\/wp\/v2\/product_tag?post=35783"}],"curies":[{"name":"wp","href":"https:\/\/api.w.org\/{rel}","templated":true}]}}