{"id":35724,"date":"2021-06-09T21:38:24","date_gmt":"2021-06-10T02:38:24","guid":{"rendered":"https:\/\/defabrica.com.mx\/defabrica\/?post_type=product&#038;p=35724"},"modified":"2023-01-22T13:51:54","modified_gmt":"2023-01-22T19:51:54","slug":"coleman-silla-con-hielera","status":"publish","type":"product","link":"https:\/\/defabrica.com.mx\/defabrica\/producto\/coleman-silla-con-hielera\/","title":{"rendered":"Coleman &#8211; Silla con hielera"},"content":{"rendered":"<div id=\"dpx-product-description_feature_div\">\n<div class=\"celwidget\" data-csa-c-id=\"rphbdk-onsamy-trzj4y-u7gp8g\" data-cel-widget=\"dpx-product-description_csm_instrumentation_wrapper\">\n<div id=\"descriptionAndDetails\" class=\"a-section a-spacing-extra-large\">\n<div id=\"productDescription_feature_div\" class=\"celwidget\" data-feature-name=\"productDescription\" data-csa-c-id=\"v15vbm-7s9we7-z9fi1l-n55g2o\" data-cel-widget=\"productDescription_feature_div\">\n<div>\n<div id=\"productDescription_feature_div\" class=\"a-row feature\" data-feature-name=\"productDescription\" data-template-name=\"productDescription\">\n<div id=\"productDescription\" class=\"a-section a-spacing-small\">\n<p>Tome una bebida fr\u00eda a mano en el camping, barbacoa o picnic con una silla Coleman Cooler Quad. El enfriador integrado en el reposabrazos tiene capacidad para hasta 4 latas y proporciona un f\u00e1cil acceso a una bebida fr\u00eda una vez que el que est\u00e1 aspiradora en su portavasos de malla. Mientras tomas tu bebida favorita, el asiento y la espalda totalmente acolchados solo a\u00f1aden relajaci\u00f3n. Si quieres tener las manos libres, los bolsillos laterales funcionan muy bien para guardar tu libro, revistas o algunos aperitivos. Cuando la diversi\u00f3n se hace, la silla se pliega f\u00e1cilmente en una bolsa de transporte para un f\u00e1cil transporte y almacenamiento.<\/p>\n<\/div>\n<\/div>\n<\/div>\n<\/div>\n<\/div>\n<\/div>\n<\/div>\n<div id=\"dpx-aplus-brand-story_feature_div\"><\/div>\n<div id=\"dpx-aplus-product-description_feature_div\">\n<div class=\"celwidget\" data-csa-c-id=\"8ugm02-rojmco-chy46c-mneitc\"><\/div>\n<\/div>\n<ul class=\"a-unordered-list a-vertical a-spacing-mini\">\n<li><span class=\"a-list-item\">Silla para exteriores sobredimensionada para acampar o hacer filas<\/span><\/li>\n<li><span class=\"a-list-item\">Hielera suave incorporada tiene espacio para de 2 a 4 latas y una compresa de hielo<\/span><\/li>\n<li><span class=\"a-list-item\">Soporte para programa 33.02 cm x 22.86 cm para tus art\u00edculos personales<\/span><\/li>\n<li><span class=\"a-list-item\">Portavasos de malla; apoya brazos de altura ajustable<\/span><\/li>\n<li><span class=\"a-list-item\">Asiento extra grande que soporta hasta 147.41 kg (325 lb)<\/span><\/li>\n<\/ul>\n","protected":false},"excerpt":{"rendered":"<p>Tome una bebida fr\u00eda a mano en el camping, barbacoa o picnic con una silla Coleman Cooler Quad. El enfriador integrado en el reposabrazos tiene capacidad para hasta 4 latas<\/p>\n","protected":false},"featured_media":35740,"comment_status":"open","ping_status":"closed","template":"","meta":{"_acf_changed":false,"_joinchat":[]},"product_brand":[],"product_cat":[336,1216],"product_tag":[],"class_list":{"0":"post-35724","1":"product","2":"type-product","3":"status-publish","4":"has-post-thumbnail","6":"product_cat-hogar","7":"product_cat-muebles-y-jardin","9":"first","10":"instock","11":"sale","12":"shipping-taxable","13":"purchasable","14":"product-type-variable","15":"has-default-attributes"},"acf":[],"_links":{"self":[{"href":"https:\/\/defabrica.com.mx\/defabrica\/wp-json\/wp\/v2\/product\/35724","targetHints":{"allow":["GET"]}}],"collection":[{"href":"https:\/\/defabrica.com.mx\/defabrica\/wp-json\/wp\/v2\/product"}],"about":[{"href":"https:\/\/defabrica.com.mx\/defabrica\/wp-json\/wp\/v2\/types\/product"}],"replies":[{"embeddable":true,"href":"https:\/\/defabrica.com.mx\/defabrica\/wp-json\/wp\/v2\/comments?post=35724"}],"wp:featuredmedia":[{"embeddable":true,"href":"https:\/\/defabrica.com.mx\/defabrica\/wp-json\/wp\/v2\/media\/35740"}],"wp:attachment":[{"href":"https:\/\/defabrica.com.mx\/defabrica\/wp-json\/wp\/v2\/media?parent=35724"}],"wp:term":[{"taxonomy":"product_brand","embeddable":true,"href":"https:\/\/defabrica.com.mx\/defabrica\/wp-json\/wp\/v2\/product_brand?post=35724"},{"taxonomy":"product_cat","embeddable":true,"href":"https:\/\/defabrica.com.mx\/defabrica\/wp-json\/wp\/v2\/product_cat?post=35724"},{"taxonomy":"product_tag","embeddable":true,"href":"https:\/\/defabrica.com.mx\/defabrica\/wp-json\/wp\/v2\/product_tag?post=35724"}],"curies":[{"name":"wp","href":"https:\/\/api.w.org\/{rel}","templated":true}]}}