{"id":35714,"date":"2021-06-09T20:53:45","date_gmt":"2021-06-10T01:53:45","guid":{"rendered":"https:\/\/defabrica.com.mx\/defabrica\/?post_type=product&#038;p=35714"},"modified":"2022-12-06T13:58:53","modified_gmt":"2022-12-06T19:58:53","slug":"silla-camping-con-sombra-y-compartimentos-reclinable","status":"publish","type":"product","link":"https:\/\/defabrica.com.mx\/defabrica\/producto\/silla-camping-con-sombra-y-compartimentos-reclinable\/","title":{"rendered":"Silla Camping Con Sombra y Compartimentos Reclinable"},"content":{"rendered":"<ul class=\"a-unordered-list a-vertical a-spacing-mini\">\n<li><span class=\"a-list-item\">Protecci\u00f3n UPF 50+. El Sport-Brella XL mantendr\u00e1 tu piel segura y protegida de m\u00e1s del 99,5% de los rayos UVA y UVB. Con paneles laterales para mayor cobertura y solapas de viento para ventilaci\u00f3n y flujo de aire, obtendr\u00e1s todo lo que necesitas.<\/span><\/li>\n<li><span class=\"a-list-item\">Toldo XL resistente para exteriores. XL Sport Brella tiene un toldo de 9 ft que est\u00e1 hecho de poli\u00e9ster 210\u00a0D para una protecci\u00f3n fundamental para todo tipo de clima. Es soportado por varillas de acero de 0.17\u00a0pulgadas y un bastidor de acero de 0.19\u00a0pulgadas, d\u00e1ndole la durabilidad que necesitas.<\/span><\/li>\n<li><span class=\"a-list-item\">Lo b\u00e1sico. Mant\u00e9n los objetos de valor seguros en los bolsillos laterales internos y gana mayor visibilidad con el toldo doble con rejillas de ventilaci\u00f3n superior y ventana lateral con cierre. La barra telesc\u00f3pica tiene una punta de metal que se fija por un tornillo de acero duradero.<\/span><\/li>\n<li><span class=\"a-list-item\">Repelente al agua y protecci\u00f3n contra la intemperie. Prot\u00e9gete del sol, lluvia, viento con Sport-Brella XL. La estructura que repele el agua te mantendr\u00e1 seco y relajado en d\u00edas de juegos de lluvia o fresco del sol de verano en la playa.<\/span><\/li>\n<li><span class=\"a-list-item\">Todo lo que necesitas. Se arma o desarma en pocos minutos. XL Sports-Brella posee dimensiones compactas de viaje de 59 x 4 x 4 pulgadas y pesa 11\u00a0libras. Mantener todo en la bolsa, incluyendo las 8\u00a0estacas de acero y 3\u00a0cables para amarrar (8\u00a0ft. cada uno).<\/span><\/li>\n<\/ul>\n","protected":false},"excerpt":{"rendered":"<p>Protecci\u00f3n UPF 50+. El Sport-Brella XL mantendr\u00e1 tu piel segura y protegida de m\u00e1s del 99,5% de los rayos UVA y UVB. Con paneles laterales para mayor cobertura y solapas<\/p>\n","protected":false},"featured_media":35721,"comment_status":"open","ping_status":"closed","template":"","meta":{"_acf_changed":false,"_joinchat":[]},"product_brand":[],"product_cat":[336,1216],"product_tag":[],"class_list":{"0":"post-35714","1":"product","2":"type-product","3":"status-publish","4":"has-post-thumbnail","6":"product_cat-hogar","7":"product_cat-muebles-y-jardin","9":"first","10":"instock","11":"sale","12":"shipping-taxable","13":"purchasable","14":"product-type-simple"},"acf":[],"_links":{"self":[{"href":"https:\/\/defabrica.com.mx\/defabrica\/wp-json\/wp\/v2\/product\/35714","targetHints":{"allow":["GET"]}}],"collection":[{"href":"https:\/\/defabrica.com.mx\/defabrica\/wp-json\/wp\/v2\/product"}],"about":[{"href":"https:\/\/defabrica.com.mx\/defabrica\/wp-json\/wp\/v2\/types\/product"}],"replies":[{"embeddable":true,"href":"https:\/\/defabrica.com.mx\/defabrica\/wp-json\/wp\/v2\/comments?post=35714"}],"wp:featuredmedia":[{"embeddable":true,"href":"https:\/\/defabrica.com.mx\/defabrica\/wp-json\/wp\/v2\/media\/35721"}],"wp:attachment":[{"href":"https:\/\/defabrica.com.mx\/defabrica\/wp-json\/wp\/v2\/media?parent=35714"}],"wp:term":[{"taxonomy":"product_brand","embeddable":true,"href":"https:\/\/defabrica.com.mx\/defabrica\/wp-json\/wp\/v2\/product_brand?post=35714"},{"taxonomy":"product_cat","embeddable":true,"href":"https:\/\/defabrica.com.mx\/defabrica\/wp-json\/wp\/v2\/product_cat?post=35714"},{"taxonomy":"product_tag","embeddable":true,"href":"https:\/\/defabrica.com.mx\/defabrica\/wp-json\/wp\/v2\/product_tag?post=35714"}],"curies":[{"name":"wp","href":"https:\/\/api.w.org\/{rel}","templated":true}]}}