{"id":35704,"date":"2021-06-09T20:41:37","date_gmt":"2021-06-10T01:41:37","guid":{"rendered":"https:\/\/defabrica.com.mx\/defabrica\/?post_type=product&#038;p=35704"},"modified":"2025-10-10T11:34:54","modified_gmt":"2025-10-10T17:34:54","slug":"kalorik-horno-freidora-digital-maxx-air-de-26-qt-acero-inoxidable","status":"publish","type":"product","link":"https:\/\/defabrica.com.mx\/defabrica\/producto\/kalorik-horno-freidora-digital-maxx-air-de-26-qt-acero-inoxidable\/","title":{"rendered":"Kalorik 25L Digital Maxx Air Freidora Horno electrico con 9 Accesorios, Asador, Asador, Deshidratador, Horno, Tostadora, Horno de Pizza y Cocina Lenta Incluye libro de cocina"},"content":{"rendered":"<p>\u00a1Descubra la nueva generaci\u00f3n de hornos freidoras de aire!\u00a0El horno freidora Kalorik de 26 cuartos de gal\u00f3n digital Maxx combina 10 electrodom\u00e9sticos en uno.\u00a0Funciona como freidora, asador, asador, asador, deshidratador, horno, tostador, horno para pizza y olla de cocci\u00f3n lenta.\u00a0El horno de freidora de aire Kalorik Digital Maxx utiliza tecnolog\u00eda especial Turbo Maxx para cocinar los alimentos m\u00e1s r\u00e1pido que nunca.\u00a0Los elementos calefactores superiores e inferiores proporcionan una distribuci\u00f3n uniforme del calor para obtener resultados perfectamente cocinados.\u00a0Un sistema de flujo de aire optimizado y un turboventilador de alto rendimiento est\u00e1n dise\u00f1ados para una circulaci\u00f3n m\u00e1xima, brindando la misma textura crujiente y el rico sabor de los alimentos fritos, \u2060con poco o nada de aceite.<\/p>\n<p>&nbsp;<\/p>\n<h3 class=\"heading-5 v-fw-regular feature-heading\"><strong>Caracter\u00edsticas<\/strong><\/h3>\n<p><strong>10 electrodom\u00e9sticos en 1<\/strong><br \/>\nEl horno de freidora de aire multifuncional puede fre\u00edr, hornear, tostar, asar, asar, estofar, deshidratar y asar<\/p>\n<p><strong>Tecnolog\u00eda Turbo Maxx<\/strong><br \/>\nUn sistema de flujo de aire optimizado y un ventilador turbo de alto rendimiento cocinan los alimentos hasta un 30% m\u00e1s r\u00e1pido<\/p>\n<p><strong>Tama\u00f1o familiar<\/strong><br \/>\nCapacidad extra grande de 26 cuartos para un pollo grande, una pizza de 30 cm o 9 rebanadas de pan tostado<\/p>\n<p><strong>Moderno y multifuncional<\/strong><br \/>\nPantalla LED digital f\u00e1cil de usar con 21 preajustes. Cocina los alimentos a la perfecci\u00f3n dorada y crujiente con poco o nada de aceite, lo que reduce la grasa hasta en un 75%. Las puertas francesas de vidrio de un solo tir\u00f3n evitan los goteos y protegen de las quemaduras<\/p>\n<p><strong>Sears y parrillas<\/strong><br \/>\nSella hasta 500 \u00b0 F para carne y verduras perfectamente caramelizadas<\/p>\n<p><strong>9 grandes accesorios<\/strong><br \/>\nLos accesorios incluyen una canasta para fre\u00edr con aire, una bandeja para hornear, una rejilla para aire, una bandeja para migas, una bandeja para tocino, una bandeja para filetes, un asador para asar, un asa para una rejilla y un asa para un asador.<\/p>\n<p>&nbsp;<\/p>\n<div class=\"header-container header-lv\">\n<h3 class=\"heading-5 v-fw-regular\"><strong>Qu\u00e9 est\u00e1 incluido<\/strong><\/h3>\n<\/div>\n<div class=\"list-container list-lv\">\n<ul class=\" bold\">\n<li class=\"bold v-fw-medium body-copy\">Horno de freidora de aire<\/li>\n<li class=\"bold v-fw-medium body-copy\">El manual del propietario<\/li>\n<li class=\"bold v-fw-medium body-copy\">9 Accesorios<\/li>\n<\/ul>\n<\/div>\n","protected":false},"excerpt":{"rendered":"<p>\u00a1Descubra la nueva generaci\u00f3n de hornos freidoras de aire!\u00a0El horno freidora Kalorik de 26 cuartos de gal\u00f3n digital Maxx combina 10 electrodom\u00e9sticos en uno.\u00a0Funciona como freidora, asador, asador, asador, deshidratador,<\/p>\n","protected":false},"featured_media":35708,"comment_status":"open","ping_status":"closed","template":"","meta":{"_acf_changed":false,"_joinchat":[]},"product_brand":[],"product_cat":[336,337,338,950],"product_tag":[],"class_list":{"0":"post-35704","1":"product","2":"type-product","3":"status-publish","4":"has-post-thumbnail","6":"product_cat-hogar","7":"product_cat-cocina","8":"product_cat-electrodomesticos","9":"product_cat-freidoras","11":"first","12":"instock","13":"sale","14":"shipping-taxable","15":"purchasable","16":"product-type-simple"},"acf":[],"_links":{"self":[{"href":"https:\/\/defabrica.com.mx\/defabrica\/wp-json\/wp\/v2\/product\/35704","targetHints":{"allow":["GET"]}}],"collection":[{"href":"https:\/\/defabrica.com.mx\/defabrica\/wp-json\/wp\/v2\/product"}],"about":[{"href":"https:\/\/defabrica.com.mx\/defabrica\/wp-json\/wp\/v2\/types\/product"}],"replies":[{"embeddable":true,"href":"https:\/\/defabrica.com.mx\/defabrica\/wp-json\/wp\/v2\/comments?post=35704"}],"wp:featuredmedia":[{"embeddable":true,"href":"https:\/\/defabrica.com.mx\/defabrica\/wp-json\/wp\/v2\/media\/35708"}],"wp:attachment":[{"href":"https:\/\/defabrica.com.mx\/defabrica\/wp-json\/wp\/v2\/media?parent=35704"}],"wp:term":[{"taxonomy":"product_brand","embeddable":true,"href":"https:\/\/defabrica.com.mx\/defabrica\/wp-json\/wp\/v2\/product_brand?post=35704"},{"taxonomy":"product_cat","embeddable":true,"href":"https:\/\/defabrica.com.mx\/defabrica\/wp-json\/wp\/v2\/product_cat?post=35704"},{"taxonomy":"product_tag","embeddable":true,"href":"https:\/\/defabrica.com.mx\/defabrica\/wp-json\/wp\/v2\/product_tag?post=35704"}],"curies":[{"name":"wp","href":"https:\/\/api.w.org\/{rel}","templated":true}]}}