{"id":28987,"date":"2021-05-21T11:12:54","date_gmt":"2021-05-21T16:12:54","guid":{"rendered":"https:\/\/defabrica.com.mx\/defabrica\/?post_type=product&#038;p=28987"},"modified":"2023-01-21T12:04:44","modified_gmt":"2023-01-21T18:04:44","slug":"fabricante-de-crepe-electrico-antiadherente-de-12-0-in-plancha-de-aluminio-con-control-de-temperatura-ajustable-y-luz-indicadora-led-incluye-espatula-de-madera-y-esparcidor-de-bateador","status":"publish","type":"product","link":"https:\/\/defabrica.com.mx\/defabrica\/producto\/fabricante-de-crepe-electrico-antiadherente-de-12-0-in-plancha-de-aluminio-con-control-de-temperatura-ajustable-y-luz-indicadora-led-incluye-espatula-de-madera-y-esparcidor-de-bateador\/","title":{"rendered":"Fabricante de crep\u00e9 el\u00e9ctrico antiadherente de 12.0 in \u2013 Plancha de aluminio con control de temperatura ajustable y luz indicadora LED, incluye esp\u00e1tula de madera y esparcidor de bateador \u2013 NutriChef"},"content":{"rendered":"<p>Con esta plancha el\u00e9ctrica de 12 pulgadas, es posible hacer un crepe grande o preparar el desayuno a la vez. Adem\u00e1s, la construcci\u00f3n de aluminio antiadherente hace que los alimentos vueltos o eliminados sean libres de complicaciones y sin problemas.<\/p>\n","protected":false},"excerpt":{"rendered":"<p>Con esta plancha el\u00e9ctrica de 12 pulgadas, es posible hacer un crepe grande o preparar el desayuno a la vez. Adem\u00e1s, la construcci\u00f3n de aluminio antiadherente hace que los alimentos<\/p>\n","protected":false},"featured_media":28988,"comment_status":"open","ping_status":"closed","template":"","meta":{"_acf_changed":false,"_joinchat":[]},"product_brand":[],"product_cat":[336,337,946],"product_tag":[],"class_list":{"0":"post-28987","1":"product","2":"type-product","3":"status-publish","4":"has-post-thumbnail","6":"product_cat-hogar","7":"product_cat-cocina","8":"product_cat-parrillas-y-planchas-electricas","10":"first","11":"instock","12":"sale","13":"shipping-taxable","14":"purchasable","15":"product-type-simple"},"acf":[],"_links":{"self":[{"href":"https:\/\/defabrica.com.mx\/defabrica\/wp-json\/wp\/v2\/product\/28987","targetHints":{"allow":["GET"]}}],"collection":[{"href":"https:\/\/defabrica.com.mx\/defabrica\/wp-json\/wp\/v2\/product"}],"about":[{"href":"https:\/\/defabrica.com.mx\/defabrica\/wp-json\/wp\/v2\/types\/product"}],"replies":[{"embeddable":true,"href":"https:\/\/defabrica.com.mx\/defabrica\/wp-json\/wp\/v2\/comments?post=28987"}],"wp:featuredmedia":[{"embeddable":true,"href":"https:\/\/defabrica.com.mx\/defabrica\/wp-json\/wp\/v2\/media\/28988"}],"wp:attachment":[{"href":"https:\/\/defabrica.com.mx\/defabrica\/wp-json\/wp\/v2\/media?parent=28987"}],"wp:term":[{"taxonomy":"product_brand","embeddable":true,"href":"https:\/\/defabrica.com.mx\/defabrica\/wp-json\/wp\/v2\/product_brand?post=28987"},{"taxonomy":"product_cat","embeddable":true,"href":"https:\/\/defabrica.com.mx\/defabrica\/wp-json\/wp\/v2\/product_cat?post=28987"},{"taxonomy":"product_tag","embeddable":true,"href":"https:\/\/defabrica.com.mx\/defabrica\/wp-json\/wp\/v2\/product_tag?post=28987"}],"curies":[{"name":"wp","href":"https:\/\/api.w.org\/{rel}","templated":true}]}}