{"id":28949,"date":"2021-05-21T10:33:07","date_gmt":"2021-05-21T15:33:07","guid":{"rendered":"https:\/\/defabrica.com.mx\/defabrica\/?post_type=product&#038;p=28949"},"modified":"2023-01-27T15:17:31","modified_gmt":"2023-01-27T21:17:31","slug":"horno-tostador-de-conveccion-con-puerta-francesa-oster-metalico-y-carbon","status":"publish","type":"product","link":"https:\/\/defabrica.com.mx\/defabrica\/producto\/horno-tostador-de-conveccion-con-puerta-francesa-oster-metalico-y-carbon\/","title":{"rendered":"Horno tostador de convecci\u00f3n con puerta francesa Oster, met\u00e1lico y carb\u00f3n"},"content":{"rendered":"<h3><strong>Caracter\u00edsticas<\/strong><\/h3>\n<p>Actualice su cocina con el horno de encimera de convecci\u00f3n con puerta francesa Oster. \u00daselo para hornear, asar, tostar y m\u00e1s. Resulta \u00fatil cuando el espacio del horno es de entretenimiento y es reducido, o en climas c\u00e1lidos cuando el horno principal est\u00e1 demasiado caliente. El horno tostador de convecci\u00f3n tambi\u00e9n calienta y descongela, lo que le brinda opciones flexibles. Abra ambas puertas f\u00e1cilmente con un solo tir\u00f3n. El horno tostador grande se adapta a dos pizzas grandes para llevar y hornear. El horno tambi\u00e9n viene con dos rejillas y una bandeja para hornear duradera. Este horno tostador de puerta francesa Oster cuenta con tecnolog\u00eda Turbo Convection para cocinar m\u00e1s r\u00e1pido y dorar de manera m\u00e1s uniforme. Tambi\u00e9n tiene una bandeja recogemigas extra\u00edble que facilita la limpieza.<\/p>\n<ul>\n<li>El tirador de una sola puerta abre ambas puertas con facilidad y comodidad con una mano<\/li>\n<li>La tecnolog\u00eda de horneado Turbo Convection cocina m\u00e1s r\u00e1pido y se dora de manera m\u00e1s uniforme<\/li>\n<li>Horno de puerta francesa Oster con 2 rejillas para una m\u00e1xima flexibilidad de cocci\u00f3n<\/li>\n<li>Capacidad extra grande para 2 pizzas grandes para llevar y hornear<\/li>\n<li>El temporizador de 60 minutos con se\u00f1al apaga autom\u00e1ticamente el horno tostador de convecci\u00f3n<\/li>\n<li>La bandeja para hornear duradera y la rejilla para hornear juntas pueden funcionar como una bandeja para asar<\/li>\n<li>\u00daselo para tostar, hornear, asar y m\u00e1s<\/li>\n<\/ul>\n","protected":false},"excerpt":{"rendered":"<p>Caracter\u00edsticas Actualice su cocina con el horno de encimera de convecci\u00f3n con puerta francesa Oster. \u00daselo para hornear, asar, tostar y m\u00e1s. Resulta \u00fatil cuando el espacio del horno es<\/p>\n","protected":false},"featured_media":28950,"comment_status":"open","ping_status":"closed","template":"","meta":{"_acf_changed":false,"_joinchat":[]},"product_brand":[],"product_cat":[336,337,338,954],"product_tag":[],"class_list":{"0":"post-28949","1":"product","2":"type-product","3":"status-publish","4":"has-post-thumbnail","6":"product_cat-hogar","7":"product_cat-cocina","8":"product_cat-electrodomesticos","9":"product_cat-horno","11":"first","12":"instock","13":"sale","14":"shipping-taxable","15":"purchasable","16":"product-type-simple"},"acf":[],"_links":{"self":[{"href":"https:\/\/defabrica.com.mx\/defabrica\/wp-json\/wp\/v2\/product\/28949","targetHints":{"allow":["GET"]}}],"collection":[{"href":"https:\/\/defabrica.com.mx\/defabrica\/wp-json\/wp\/v2\/product"}],"about":[{"href":"https:\/\/defabrica.com.mx\/defabrica\/wp-json\/wp\/v2\/types\/product"}],"replies":[{"embeddable":true,"href":"https:\/\/defabrica.com.mx\/defabrica\/wp-json\/wp\/v2\/comments?post=28949"}],"wp:featuredmedia":[{"embeddable":true,"href":"https:\/\/defabrica.com.mx\/defabrica\/wp-json\/wp\/v2\/media\/28950"}],"wp:attachment":[{"href":"https:\/\/defabrica.com.mx\/defabrica\/wp-json\/wp\/v2\/media?parent=28949"}],"wp:term":[{"taxonomy":"product_brand","embeddable":true,"href":"https:\/\/defabrica.com.mx\/defabrica\/wp-json\/wp\/v2\/product_brand?post=28949"},{"taxonomy":"product_cat","embeddable":true,"href":"https:\/\/defabrica.com.mx\/defabrica\/wp-json\/wp\/v2\/product_cat?post=28949"},{"taxonomy":"product_tag","embeddable":true,"href":"https:\/\/defabrica.com.mx\/defabrica\/wp-json\/wp\/v2\/product_tag?post=28949"}],"curies":[{"name":"wp","href":"https:\/\/api.w.org\/{rel}","templated":true}]}}