{"id":28940,"date":"2021-05-21T10:28:00","date_gmt":"2021-05-21T15:28:00","guid":{"rendered":"https:\/\/defabrica.com.mx\/defabrica\/?post_type=product&#038;p=28940"},"modified":"2023-01-27T15:14:35","modified_gmt":"2023-01-27T21:14:35","slug":"black-decker-horno-tostador-de-conveccion-natural-acero-inoxidable-to1755sb","status":"publish","type":"product","link":"https:\/\/defabrica.com.mx\/defabrica\/producto\/black-decker-horno-tostador-de-conveccion-natural-acero-inoxidable-to1755sb\/","title":{"rendered":"BLACK + DECKER Horno tostador de convecci\u00f3n natural, acero inoxidable, TO1755SB"},"content":{"rendered":"<h3><span style=\"font-size: 18.72px;\">Caracter\u00edsticas<\/span><\/h3>\n<p>Pruebe la diferencia que incluso el calentamiento puede hacer con el horno tostador de convecci\u00f3n natural BLACK + DECKER. El interior fue dise\u00f1ado utilizando los principios de la termodin\u00e1mica, haciendo circular el flujo de aire de manera eficiente para proporcionar un calentamiento m\u00e1s uniforme y resultados r\u00e1pidos. Cocinar en la encimera es simple usando el temporizador de 30 minutos y cuatro funciones de cocci\u00f3n: hornear, asar, tostar y mantener caliente. Adem\u00e1s, el horno tostador es perfecto para preparar tus bocadillos congelados favoritos: nuggets de pollo, palitos de mozzarella, rollitos de huevo o cualquier otra cosa que desees.<\/p>\n<ul>\n<li>\u00bfNUEVO? Convecci\u00f3n natural &#8211; \u00a1Cocci\u00f3n m\u00e1s uniforme *! El interior del horno tostador est\u00e1 dise\u00f1ado para gestionar con precisi\u00f3n el flujo de aire seg\u00fan los principios de la termodin\u00e1mica.<\/li>\n<li>Cuatro funciones de cocci\u00f3n: cocina perfecta para todos sus favoritos. Elija entre hornear, asar, tostar y mantener caliente.<\/li>\n<li>Interior grande: el interior expansivo se adapta a hasta 9? pizza o cuatro rebanadas de pan.<\/li>\n<li>Puerta de vidrio extra ancha: la puerta del horno extendida le brinda una visi\u00f3n clara de los alimentos durante la cocci\u00f3n.<\/li>\n<li>Bandeja extra\u00edble para migas: retire f\u00e1cilmente las migas de alimentos antes de que se quemen en el fondo del horno.<\/li>\n<\/ul>\n<p>&nbsp;<\/p>\n","protected":false},"excerpt":{"rendered":"<p>Caracter\u00edsticas Pruebe la diferencia que incluso el calentamiento puede hacer con el horno tostador de convecci\u00f3n natural BLACK + DECKER. El interior fue dise\u00f1ado utilizando los principios de la termodin\u00e1mica,<\/p>\n","protected":false},"featured_media":28941,"comment_status":"open","ping_status":"closed","template":"","meta":{"_acf_changed":false,"_joinchat":[]},"product_brand":[],"product_cat":[336,337,338,954],"product_tag":[],"class_list":{"0":"post-28940","1":"product","2":"type-product","3":"status-publish","4":"has-post-thumbnail","6":"product_cat-hogar","7":"product_cat-cocina","8":"product_cat-electrodomesticos","9":"product_cat-horno","11":"first","12":"instock","13":"sale","14":"shipping-taxable","15":"purchasable","16":"product-type-simple"},"acf":[],"_links":{"self":[{"href":"https:\/\/defabrica.com.mx\/defabrica\/wp-json\/wp\/v2\/product\/28940","targetHints":{"allow":["GET"]}}],"collection":[{"href":"https:\/\/defabrica.com.mx\/defabrica\/wp-json\/wp\/v2\/product"}],"about":[{"href":"https:\/\/defabrica.com.mx\/defabrica\/wp-json\/wp\/v2\/types\/product"}],"replies":[{"embeddable":true,"href":"https:\/\/defabrica.com.mx\/defabrica\/wp-json\/wp\/v2\/comments?post=28940"}],"wp:featuredmedia":[{"embeddable":true,"href":"https:\/\/defabrica.com.mx\/defabrica\/wp-json\/wp\/v2\/media\/28941"}],"wp:attachment":[{"href":"https:\/\/defabrica.com.mx\/defabrica\/wp-json\/wp\/v2\/media?parent=28940"}],"wp:term":[{"taxonomy":"product_brand","embeddable":true,"href":"https:\/\/defabrica.com.mx\/defabrica\/wp-json\/wp\/v2\/product_brand?post=28940"},{"taxonomy":"product_cat","embeddable":true,"href":"https:\/\/defabrica.com.mx\/defabrica\/wp-json\/wp\/v2\/product_cat?post=28940"},{"taxonomy":"product_tag","embeddable":true,"href":"https:\/\/defabrica.com.mx\/defabrica\/wp-json\/wp\/v2\/product_tag?post=28940"}],"curies":[{"name":"wp","href":"https:\/\/api.w.org\/{rel}","templated":true}]}}