{"id":28924,"date":"2021-05-21T10:12:08","date_gmt":"2021-05-21T15:12:08","guid":{"rendered":"https:\/\/defabrica.com.mx\/defabrica\/?post_type=product&#038;p=28924"},"modified":"2023-01-27T15:12:52","modified_gmt":"2023-01-27T21:12:52","slug":"tostadora-para-sandwich-de-queso-a-la-parrilla-nostalgia-gct2-deluxe","status":"publish","type":"product","link":"https:\/\/defabrica.com.mx\/defabrica\/producto\/tostadora-para-sandwich-de-queso-a-la-parrilla-nostalgia-gct2-deluxe\/","title":{"rendered":"Tostadora para s\u00e1ndwich de queso a la parrilla Nostalgia GCT2 Deluxe"},"content":{"rendered":"<h3><strong>Caracter\u00edsticas<\/strong><\/h3>\n<p>\u00a1Haga s\u00e1ndwiches de queso perfectamente tostados, calientes y derretidos en solo minutos! Ahora, con ranuras para tostar extra anchas, simplemente coloque su s\u00e1ndwich de queso ensamblado en la canasta tostadora, ajuste el dial a su preferencia de cocci\u00f3n y luego tueste. Las cestas para tostar funcionan para mantener cada s\u00e1ndwich en su lugar mientras se cocinan hasta que se derriten a la perfecci\u00f3n. \u00a1Qui\u00e9n dir\u00eda que preparar deliciosos s\u00e1ndwiches de queso a la parrilla era tan simple como hacer tostadas!<\/p>\n<ul>\n<li>2 RANURAS EXTRA ANCHAS: para que sea m\u00e1s f\u00e1cil rellenar en exceso su s\u00e1ndwich de queso, las ranuras extra anchas de esta tostadora le permiten agregar ingredientes adicionales, como jam\u00f3n, tocino, tomates y m\u00e1s queso.<\/li>\n<li>CESTAS DE TOSTAR EXTRA\u00cdBLES: dos cestas de tostar reutilizables sostienen c\u00f3modamente su s\u00e1ndwich de queso en su lugar mientras tuesta.<\/li>\n<li>ESFERA DE TOSTADO AJUSTABLE: seleccione su cocci\u00f3n preferida en el dial de tostado y cree su s\u00e1ndwich de queso a la parrilla derretido perfecto.<\/li>\n<li>CONTROLES SIMPLES: equipado con funciones de cancelaci\u00f3n, precalentamiento y descongelaci\u00f3n.<\/li>\n<li>COOL-TOUCH: la carcasa y las manijas se mantienen fr\u00edas al tacto para mantener las manos seguras.<\/li>\n<li>ENVOLTURA DE CABLE: el almacenamiento se hace f\u00e1cil y ordenado con una envoltura de cable ubicada en la parte inferior de la unidad.<\/li>\n<li>F\u00c1CIL LIMPIEZA: retire las cestas para tostar y la bandeja de goteo para una limpieza sencilla.<\/li>\n<\/ul>\n","protected":false},"excerpt":{"rendered":"<p>Caracter\u00edsticas \u00a1Haga s\u00e1ndwiches de queso perfectamente tostados, calientes y derretidos en solo minutos! Ahora, con ranuras para tostar extra anchas, simplemente coloque su s\u00e1ndwich de queso ensamblado en la canasta<\/p>\n","protected":false},"featured_media":28925,"comment_status":"open","ping_status":"closed","template":"","meta":{"_acf_changed":false,"_joinchat":[]},"product_brand":[],"product_cat":[336,337,338,1015],"product_tag":[],"class_list":{"0":"post-28924","1":"product","2":"type-product","3":"status-publish","4":"has-post-thumbnail","6":"product_cat-hogar","7":"product_cat-cocina","8":"product_cat-electrodomesticos","9":"product_cat-tostadoras","11":"first","12":"instock","13":"sale","14":"shipping-taxable","15":"purchasable","16":"product-type-simple"},"acf":[],"_links":{"self":[{"href":"https:\/\/defabrica.com.mx\/defabrica\/wp-json\/wp\/v2\/product\/28924","targetHints":{"allow":["GET"]}}],"collection":[{"href":"https:\/\/defabrica.com.mx\/defabrica\/wp-json\/wp\/v2\/product"}],"about":[{"href":"https:\/\/defabrica.com.mx\/defabrica\/wp-json\/wp\/v2\/types\/product"}],"replies":[{"embeddable":true,"href":"https:\/\/defabrica.com.mx\/defabrica\/wp-json\/wp\/v2\/comments?post=28924"}],"wp:featuredmedia":[{"embeddable":true,"href":"https:\/\/defabrica.com.mx\/defabrica\/wp-json\/wp\/v2\/media\/28925"}],"wp:attachment":[{"href":"https:\/\/defabrica.com.mx\/defabrica\/wp-json\/wp\/v2\/media?parent=28924"}],"wp:term":[{"taxonomy":"product_brand","embeddable":true,"href":"https:\/\/defabrica.com.mx\/defabrica\/wp-json\/wp\/v2\/product_brand?post=28924"},{"taxonomy":"product_cat","embeddable":true,"href":"https:\/\/defabrica.com.mx\/defabrica\/wp-json\/wp\/v2\/product_cat?post=28924"},{"taxonomy":"product_tag","embeddable":true,"href":"https:\/\/defabrica.com.mx\/defabrica\/wp-json\/wp\/v2\/product_tag?post=28924"}],"curies":[{"name":"wp","href":"https:\/\/api.w.org\/{rel}","templated":true}]}}