{"id":28859,"date":"2021-05-20T23:36:09","date_gmt":"2021-05-21T04:36:09","guid":{"rendered":"https:\/\/defabrica.com.mx\/defabrica\/?post_type=product&#038;p=28859"},"modified":"2023-01-27T13:33:30","modified_gmt":"2023-01-27T19:33:30","slug":"cafetera-negra-keurig-k-compact-brewer","status":"publish","type":"product","link":"https:\/\/defabrica.com.mx\/defabrica\/producto\/cafetera-negra-keurig-k-compact-brewer\/","title":{"rendered":"Cafetera negra Keurig K-compact Brewer"},"content":{"rendered":"<h3><strong>Caracter\u00edsticas<\/strong><\/h3>\n<ul>\n<li>Cafetera Keurig Black K-Compact<\/li>\n<li>Prepara varios tama\u00f1os de copa: (6, 8, 10 oz.). Disfruta de los tama\u00f1os de copa m\u00e1s populares. Utilice las 6 oz. tama\u00f1o de taza para lograr la infusi\u00f3n m\u00e1s fuerte<\/li>\n<li>Caf\u00e9 en poco tiempo: prepara las c\u00e1psulas K-Cup en menos de un minuto<\/li>\n<li>Nuestra cafetera resviour extra\u00edble m\u00e1s delgada: 36 oz. El dep\u00f3sito de agua extra\u00edble facilita el llenado<\/li>\n<li>Inicio inteligente: su cafetera calienta y luego se prepara en un proceso simple. No es necesario esperar a que se caliente antes de seleccionar el tama\u00f1o de su taza<\/li>\n<li>Controles de botones simples: simplemente inserte una c\u00e1psula, seleccione el tama\u00f1o de preparaci\u00f3n de taza que desee y prepare una taza de excelente sabor en menos de un minuto<\/li>\n<li>Ahorro de energ\u00eda: la funci\u00f3n de apagado autom\u00e1tico apaga la cafetera 2 horas despu\u00e9s de su \u00faltima preparaci\u00f3n, lo que ayuda a ahorrar energ\u00eda<\/li>\n<li>Bandeja de goteo extra\u00edble: la bandeja de goteo extra\u00edble tiene capacidad para tazas de viaje de hasta 7.0 pulgadas de alto y contiene una preparaci\u00f3n accidental completa para una f\u00e1cil limpieza<\/li>\n<li>Dispense agua caliente: abra y cierre la manija de la cafetera (sin c\u00e1psula) y seleccione el tama\u00f1o de su taza para agua caliente a pedido<\/li>\n<li>Tama\u00f1o: 8.2 \u00abde ancho x 13.2\u00bb de profundidad x 12.5 \u00abde alto (alto cuando est\u00e1 abierto)<br \/>\nPeso: 6,9 libras.<\/li>\n<\/ul>\n","protected":false},"excerpt":{"rendered":"<p>Caracter\u00edsticas Cafetera Keurig Black K-Compact Prepara varios tama\u00f1os de copa: (6, 8, 10 oz.). Disfruta de los tama\u00f1os de copa m\u00e1s populares. Utilice las 6 oz. tama\u00f1o de taza para<\/p>\n","protected":false},"featured_media":28860,"comment_status":"open","ping_status":"closed","template":"","meta":{"_acf_changed":false,"_joinchat":[]},"product_brand":[],"product_cat":[336,337,947],"product_tag":[],"class_list":{"0":"post-28859","1":"product","2":"type-product","3":"status-publish","4":"has-post-thumbnail","6":"product_cat-hogar","7":"product_cat-cocina","8":"product_cat-teteras-maquinas-de-te-y-cafe","10":"first","11":"instock","12":"sale","13":"shipping-taxable","14":"purchasable","15":"product-type-simple"},"acf":[],"_links":{"self":[{"href":"https:\/\/defabrica.com.mx\/defabrica\/wp-json\/wp\/v2\/product\/28859","targetHints":{"allow":["GET"]}}],"collection":[{"href":"https:\/\/defabrica.com.mx\/defabrica\/wp-json\/wp\/v2\/product"}],"about":[{"href":"https:\/\/defabrica.com.mx\/defabrica\/wp-json\/wp\/v2\/types\/product"}],"replies":[{"embeddable":true,"href":"https:\/\/defabrica.com.mx\/defabrica\/wp-json\/wp\/v2\/comments?post=28859"}],"wp:featuredmedia":[{"embeddable":true,"href":"https:\/\/defabrica.com.mx\/defabrica\/wp-json\/wp\/v2\/media\/28860"}],"wp:attachment":[{"href":"https:\/\/defabrica.com.mx\/defabrica\/wp-json\/wp\/v2\/media?parent=28859"}],"wp:term":[{"taxonomy":"product_brand","embeddable":true,"href":"https:\/\/defabrica.com.mx\/defabrica\/wp-json\/wp\/v2\/product_brand?post=28859"},{"taxonomy":"product_cat","embeddable":true,"href":"https:\/\/defabrica.com.mx\/defabrica\/wp-json\/wp\/v2\/product_cat?post=28859"},{"taxonomy":"product_tag","embeddable":true,"href":"https:\/\/defabrica.com.mx\/defabrica\/wp-json\/wp\/v2\/product_tag?post=28859"}],"curies":[{"name":"wp","href":"https:\/\/api.w.org\/{rel}","templated":true}]}}