{"id":28776,"date":"2021-05-19T11:50:01","date_gmt":"2021-05-19T16:50:01","guid":{"rendered":"https:\/\/defabrica.com.mx\/defabrica\/?post_type=product&#038;p=28776"},"modified":"2023-01-13T15:22:09","modified_gmt":"2023-01-13T21:22:09","slug":"breville-maquina-de-cafe-expreso-barista-pro-con-15-bares-de-presion-espumador-de-leche-y-molinillo-integrado-acero-inoxidable-cepillado","status":"publish","type":"product","link":"https:\/\/defabrica.com.mx\/defabrica\/producto\/breville-maquina-de-cafe-expreso-barista-pro-con-15-bares-de-presion-espumador-de-leche-y-molinillo-integrado-acero-inoxidable-cepillado\/","title":{"rendered":"Breville &#8211; M\u00e1quina de caf\u00e9 expreso Barista Pro con 15 bares de presi\u00f3n, espumador de leche y molinillo integrado &#8211; Acero inoxidable cepillado"},"content":{"rendered":"<p>Rendimiento de calidad de barista con una nueva interfaz intuitiva que proporciona toda la informaci\u00f3n que necesita para crear caf\u00e9 con calidad de cafeter\u00eda en casa. El molinillo incorporado entrega la cantidad adecuada de caf\u00e9 molido a pedido, para un sabor completo. Con un tiempo de calentamiento de 3 segundos y una extracci\u00f3n de espresso precisa, pasa del grano a la taza, m\u00e1s r\u00e1pido que nunca.<\/p>\n<h3><strong>Caracter\u00edsticas<\/strong><\/h3>\n<ul>\n<li><strong>INTERFAZ INTUITIVA<\/strong><br \/>\nPantalla LCD con animaciones de progreso de molienda y extracci\u00f3n. La pantalla le proporciona toda la informaci\u00f3n precisa que necesita para preparar el caf\u00e9 exactamente como le gusta, en todo momento.<\/li>\n<li><strong>FASTER HEAT UP TIME<\/strong><br \/>\nEl innovador sistema de calentamiento ThermoJet logra la temperatura de extracci\u00f3n \u00f3ptima en 3 segundos con una transici\u00f3n instant\u00e1nea de espresso a vapor. Listo para hacer tu mejor caf\u00e9 sin esperas.<\/li>\n<li><strong>AMOLADORA DE FRESA C\u00d3NICA INTEGRADA<\/strong><br \/>\nCon un solo toque, el molinillo de fresas c\u00f3nico integrado con control de dosis entrega la cantidad correcta de caf\u00e9 a pedido, para obtener el m\u00e1ximo sabor. Tama\u00f1o de molido y dosis ajustables.<\/li>\n<li><strong>DOSIS DE 19 A 22 GRAMOS PARA UN SABOR COMPLETO<\/strong><br \/>\nConsiga un espresso consistente y equilibrado utilizando la cantidad adecuada de caf\u00e9 molido. El portafiltro de 54 mm con 19 a 22 gramos es la clave para obtener un caf\u00e9 de sabor completo y calidad de caf\u00e9.<\/li>\n<li><strong>EXTRACCI\u00d3N PRECISA DE ESPRESSO<\/strong><br \/>\nEl PID de control de temperatura digital suministra agua a la temperatura adecuada m\u00e1s o menos 2 grados Cekcius, lo que garantiza una extracci\u00f3n de espresso \u00f3ptima.<\/li>\n<\/ul>\n<h3><strong>Qu\u00e9 est\u00e1 incluido<\/strong><\/h3>\n<ul>\n<li>Jarra de leche de acero inoxidable de 16 fl oz<\/li>\n<li>Barista Pro<\/li>\n<li>Kit de limpieza<\/li>\n<li>Manual de instrucciones<\/li>\n<li>Canastas de filtro de 1 y 2 tazas de pared simple y doble<\/li>\n<li>La herramienta de recorte de dosis Razor Precision<\/li>\n<li>Filtro de agua<\/li>\n<\/ul>\n","protected":false},"excerpt":{"rendered":"<p>Rendimiento de calidad de barista con una nueva interfaz intuitiva que proporciona toda la informaci\u00f3n que necesita para crear caf\u00e9 con calidad de cafeter\u00eda en casa. El molinillo incorporado entrega<\/p>\n","protected":false},"featured_media":28777,"comment_status":"open","ping_status":"closed","template":"","meta":{"_acf_changed":false,"_joinchat":[]},"product_brand":[],"product_cat":[336,947],"product_tag":[],"class_list":{"0":"post-28776","1":"product","2":"type-product","3":"status-publish","4":"has-post-thumbnail","6":"product_cat-hogar","7":"product_cat-teteras-maquinas-de-te-y-cafe","9":"first","10":"instock","11":"sale","12":"shipping-taxable","13":"purchasable","14":"product-type-simple"},"acf":[],"_links":{"self":[{"href":"https:\/\/defabrica.com.mx\/defabrica\/wp-json\/wp\/v2\/product\/28776","targetHints":{"allow":["GET"]}}],"collection":[{"href":"https:\/\/defabrica.com.mx\/defabrica\/wp-json\/wp\/v2\/product"}],"about":[{"href":"https:\/\/defabrica.com.mx\/defabrica\/wp-json\/wp\/v2\/types\/product"}],"replies":[{"embeddable":true,"href":"https:\/\/defabrica.com.mx\/defabrica\/wp-json\/wp\/v2\/comments?post=28776"}],"wp:featuredmedia":[{"embeddable":true,"href":"https:\/\/defabrica.com.mx\/defabrica\/wp-json\/wp\/v2\/media\/28777"}],"wp:attachment":[{"href":"https:\/\/defabrica.com.mx\/defabrica\/wp-json\/wp\/v2\/media?parent=28776"}],"wp:term":[{"taxonomy":"product_brand","embeddable":true,"href":"https:\/\/defabrica.com.mx\/defabrica\/wp-json\/wp\/v2\/product_brand?post=28776"},{"taxonomy":"product_cat","embeddable":true,"href":"https:\/\/defabrica.com.mx\/defabrica\/wp-json\/wp\/v2\/product_cat?post=28776"},{"taxonomy":"product_tag","embeddable":true,"href":"https:\/\/defabrica.com.mx\/defabrica\/wp-json\/wp\/v2\/product_tag?post=28776"}],"curies":[{"name":"wp","href":"https:\/\/api.w.org\/{rel}","templated":true}]}}