{"id":28756,"date":"2021-05-19T11:15:36","date_gmt":"2021-05-19T16:15:36","guid":{"rendered":"https:\/\/defabrica.com.mx\/defabrica\/?post_type=product&#038;p=28756"},"modified":"2023-01-27T13:37:23","modified_gmt":"2023-01-27T19:37:23","slug":"nostalgia-maquina-para-hacer-palomitas-de-maiz-de-aire-caliente-con-16-tazas","status":"publish","type":"product","link":"https:\/\/defabrica.com.mx\/defabrica\/producto\/nostalgia-maquina-para-hacer-palomitas-de-maiz-de-aire-caliente-con-16-tazas\/","title":{"rendered":"Nostalgia M\u00e1quina para hacer palomitas de ma\u00edz de aire caliente con 16 tazas"},"content":{"rendered":"<p>Este fabricante de palomitas de ma\u00edz de aire caliente maravillosamente dise\u00f1ado es un placer de fiesta del tama\u00f1o de una mesa que no solo hace palomitas de ma\u00edz, sino que tambi\u00e9n levanta el \u00e1nimo de todos los que est\u00e1n a la vista. La tetera llena hasta 16 tazas de palomitas de ma\u00edz estilo cine por lote para mantener el cubo de palomitas lleno. \u00a1En solo minutos, familiares y amigos pueden disfrutar del sabor de las palomitas de ma\u00edz reci\u00e9n hechas! Su sistema de estallido el\u00e9ctrico utiliza aire caliente en lugar de aceite, produciendo un refrigerio saludable ligero, sin aceite y sin culpa. El dise\u00f1o \u00fanico de la c\u00e1mara de reventado crea un flujo de aire arremolinado que da como resultado menos granos sin reventar. Esta m\u00e1quina para hacer palomitas de ma\u00edz viene con una tapa medidora que asegura que se use la cantidad adecuada de granos en cada lote. Use colocar un taz\u00f3n debajo del conducto y las palomitas de ma\u00edz caer\u00e1n en cascada aunque lo llenen. \u00a1Comb\u00ednalo con nuestros kits de palomitas de ma\u00edz Nostalgia para obtener las palomitas de ma\u00edz del mejor sabor!<\/p>\n<ul>\n<li>Muestra hasta 16 tazas de palomitas de ma\u00edz por lote<\/li>\n<li>El dise\u00f1o \u00fanico de la c\u00e1mara de estallido crea un flujo de aire arremolinado que da como resultado menos granos sin reventar<\/li>\n<li>Popping saludable y sin aceite<\/li>\n<li>Incluye tap\u00f3n de medici\u00f3n para garantizar la cantidad adecuada de granos utilizados.<\/li>\n<li>Derrita la mantequilla en una taza medidora para obtener una sabrosa cobertura de palomitas<\/li>\n<li>Tama\u00f1o conveniente de la encimera<\/li>\n<li>Elegante dise\u00f1o acanalado con detalles en acero inoxidable<\/li>\n<li>F\u00e1cil de usar, f\u00e1cil de limpiar<\/li>\n<li>Almacenamiento de cable<\/li>\n<\/ul>\n","protected":false},"excerpt":{"rendered":"<p>Este fabricante de palomitas de ma\u00edz de aire caliente maravillosamente dise\u00f1ado es un placer de fiesta del tama\u00f1o de una mesa que no solo hace palomitas de ma\u00edz, sino que<\/p>\n","protected":false},"featured_media":28757,"comment_status":"open","ping_status":"closed","template":"","meta":{"_acf_changed":false,"_joinchat":[]},"product_brand":[],"product_cat":[336,955],"product_tag":[],"class_list":{"0":"post-28756","1":"product","2":"type-product","3":"status-publish","4":"has-post-thumbnail","6":"product_cat-hogar","7":"product_cat-maquina-de-palomitas","9":"first","10":"instock","11":"sale","12":"shipping-taxable","13":"purchasable","14":"product-type-simple"},"acf":[],"_links":{"self":[{"href":"https:\/\/defabrica.com.mx\/defabrica\/wp-json\/wp\/v2\/product\/28756","targetHints":{"allow":["GET"]}}],"collection":[{"href":"https:\/\/defabrica.com.mx\/defabrica\/wp-json\/wp\/v2\/product"}],"about":[{"href":"https:\/\/defabrica.com.mx\/defabrica\/wp-json\/wp\/v2\/types\/product"}],"replies":[{"embeddable":true,"href":"https:\/\/defabrica.com.mx\/defabrica\/wp-json\/wp\/v2\/comments?post=28756"}],"wp:featuredmedia":[{"embeddable":true,"href":"https:\/\/defabrica.com.mx\/defabrica\/wp-json\/wp\/v2\/media\/28757"}],"wp:attachment":[{"href":"https:\/\/defabrica.com.mx\/defabrica\/wp-json\/wp\/v2\/media?parent=28756"}],"wp:term":[{"taxonomy":"product_brand","embeddable":true,"href":"https:\/\/defabrica.com.mx\/defabrica\/wp-json\/wp\/v2\/product_brand?post=28756"},{"taxonomy":"product_cat","embeddable":true,"href":"https:\/\/defabrica.com.mx\/defabrica\/wp-json\/wp\/v2\/product_cat?post=28756"},{"taxonomy":"product_tag","embeddable":true,"href":"https:\/\/defabrica.com.mx\/defabrica\/wp-json\/wp\/v2\/product_tag?post=28756"}],"curies":[{"name":"wp","href":"https:\/\/api.w.org\/{rel}","templated":true}]}}