{"id":28735,"date":"2021-05-19T10:41:48","date_gmt":"2021-05-19T15:41:48","guid":{"rendered":"https:\/\/defabrica.com.mx\/defabrica\/?post_type=product&#038;p=28735"},"modified":"2023-01-13T15:21:13","modified_gmt":"2023-01-13T21:21:13","slug":"nespresso-cafetera-delonghi-vertuoplus-deluxe-y-maquina-de-espresso-con-19-barras-de-presion-piano-black","status":"publish","type":"product","link":"https:\/\/defabrica.com.mx\/defabrica\/producto\/nespresso-cafetera-delonghi-vertuoplus-deluxe-y-maquina-de-espresso-con-19-barras-de-presion-piano-black\/","title":{"rendered":"Nespresso &#8211; Cafetera DeLonghi VertuoPlus Deluxe y m\u00e1quina de espresso con 19 barras de presi\u00f3n &#8211; Piano Black"},"content":{"rendered":"<p>Disfrute de su ritual de caf\u00e9 matutino con esta cafetera espresso DeLonghi Nespresso. Su eficiente sistema de extracci\u00f3n proporciona hasta 19 bares de presi\u00f3n para un sabor excepcional, y la operaci\u00f3n de un toque y el tiempo de calentamiento r\u00e1pido le permiten preparar su bebida f\u00e1cilmente. La bandeja de goteo plegable hace que esta cafetera espresso DeLonghi Nespresso sea compatible con diferentes tazas.<\/p>\n<h3><strong><span style=\"font-size: 18.72px;\">Caracter\u00edsticas<\/span><\/strong><\/h3>\n<ul>\n<li><strong>M\u00e1quina de caf\u00e9 y espresso<\/strong><br \/>\nLa cafetera y cafetera espresso Nespresso by De&#8217;Longhi utiliza c\u00e1psulas individuales de tama\u00f1o doble para preparar caf\u00e9 o espresso con un sabor uniforme con solo tocar un bot\u00f3n.<\/li>\n<li><strong>Prepara c\u00e1psulas Nespresso y Nespresso Vertuo<\/strong><br \/>\nPara uso vers\u00e1til.<\/li>\n<li><strong>Volumen de taza programable<\/strong><br \/>\n1.35 Oz Espresso<br \/>\n2.7 Oz Double Espresso<br \/>\n5.0 Oz Gran Lungo<br \/>\n7.7 Oz Coffee<br \/>\n14 Oz Alto Coffee.<\/li>\n<li><strong>Tanque de agua extra\u00edble<\/strong><br \/>\nExtra grande de 54 oz. reserva de agua.<\/li>\n<li><strong>Aseg\u00farese de no dejar la m\u00e1quina de caf\u00e9 encendida<\/strong><br \/>\nApagado autom\u00e1tico de ahorro de energ\u00eda despu\u00e9s de 9 minutos de inactividad.<\/li>\n<\/ul>\n<h3><strong>Qu\u00e9 est\u00e1 incluido<\/strong><\/h3>\n<ul>\n<li>Cafetera De&#8217;Longhi Nespresso VertuoPlus Deluxe<\/li>\n<\/ul>\n","protected":false},"excerpt":{"rendered":"<p>Disfrute de su ritual de caf\u00e9 matutino con esta cafetera espresso DeLonghi Nespresso. Su eficiente sistema de extracci\u00f3n proporciona hasta 19 bares de presi\u00f3n para un sabor excepcional, y la<\/p>\n","protected":false},"featured_media":28736,"comment_status":"open","ping_status":"closed","template":"","meta":{"_acf_changed":false,"_joinchat":[]},"product_brand":[],"product_cat":[336,947],"product_tag":[],"class_list":{"0":"post-28735","1":"product","2":"type-product","3":"status-publish","4":"has-post-thumbnail","6":"product_cat-hogar","7":"product_cat-teteras-maquinas-de-te-y-cafe","9":"first","10":"instock","11":"sale","12":"shipping-taxable","13":"purchasable","14":"product-type-simple"},"acf":[],"_links":{"self":[{"href":"https:\/\/defabrica.com.mx\/defabrica\/wp-json\/wp\/v2\/product\/28735","targetHints":{"allow":["GET"]}}],"collection":[{"href":"https:\/\/defabrica.com.mx\/defabrica\/wp-json\/wp\/v2\/product"}],"about":[{"href":"https:\/\/defabrica.com.mx\/defabrica\/wp-json\/wp\/v2\/types\/product"}],"replies":[{"embeddable":true,"href":"https:\/\/defabrica.com.mx\/defabrica\/wp-json\/wp\/v2\/comments?post=28735"}],"wp:featuredmedia":[{"embeddable":true,"href":"https:\/\/defabrica.com.mx\/defabrica\/wp-json\/wp\/v2\/media\/28736"}],"wp:attachment":[{"href":"https:\/\/defabrica.com.mx\/defabrica\/wp-json\/wp\/v2\/media?parent=28735"}],"wp:term":[{"taxonomy":"product_brand","embeddable":true,"href":"https:\/\/defabrica.com.mx\/defabrica\/wp-json\/wp\/v2\/product_brand?post=28735"},{"taxonomy":"product_cat","embeddable":true,"href":"https:\/\/defabrica.com.mx\/defabrica\/wp-json\/wp\/v2\/product_cat?post=28735"},{"taxonomy":"product_tag","embeddable":true,"href":"https:\/\/defabrica.com.mx\/defabrica\/wp-json\/wp\/v2\/product_tag?post=28735"}],"curies":[{"name":"wp","href":"https:\/\/api.w.org\/{rel}","templated":true}]}}