{"id":28713,"date":"2021-05-19T10:03:46","date_gmt":"2021-05-19T15:03:46","guid":{"rendered":"https:\/\/defabrica.com.mx\/defabrica\/?post_type=product&#038;p=28713"},"modified":"2023-01-27T13:35:49","modified_gmt":"2023-01-27T19:35:49","slug":"coffee-cafetera-programable-de-12-tazas-preparacion-rapida-roja","status":"publish","type":"product","link":"https:\/\/defabrica.com.mx\/defabrica\/producto\/coffee-cafetera-programable-de-12-tazas-preparacion-rapida-roja\/","title":{"rendered":"Coffee Cafetera programable de 12 tazas, preparaci\u00f3n r\u00e1pida, roja"},"content":{"rendered":"<p>Disfrute de una deliciosa infusi\u00f3n en cualquier momento con la cafetera Mr. Coffee de 12 tazas en rojo.\u00a0\u00a1El dise\u00f1o moderno de esta cafetera Mr. Coffee no solo se ve bien en su cocina, sino que tambi\u00e9n prepara una deliciosa taza de caf\u00e9 un 20% m\u00e1s r\u00e1pido! * Con su programabilidad, selector de fuerza de preparaci\u00f3n y temporizador de preparaci\u00f3n fresca, lo despertar\u00e1 con el sabor completo. taza de caf\u00e9 que desee.\u00a0Tambi\u00e9n cuenta con una jarra de vidrio y una canasta de filtro extra\u00edble para facilitar la limpieza.<\/p>\n<ul>\n<li>Prepara un 20% m\u00e1s r\u00e1pido en comparaci\u00f3n con el SJX23-RB y el SJX23-RB<\/li>\n<li>Brew Strength Selector bombea un sabor m\u00e1s fuerte si te gusta un sabor m\u00e1s atrevido<\/li>\n<li>Pausa autom\u00e1tica para que pueda tomar una taza antes de que termine la preparaci\u00f3n<\/li>\n<li>La funci\u00f3n Brew Later le permite configurar su cafetera con anticipaci\u00f3n, para que pueda despertarse con caf\u00e9 reci\u00e9n hecho<\/li>\n<li>El apagado autom\u00e1tico de 2 horas apaga autom\u00e1ticamente la cafetera para que usted no tenga que hacerlo<\/li>\n<li>El temporizador de frescura realiza un seguimiento de la frescura del caf\u00e9 desde el momento en que se prepara<\/li>\n<\/ul>\n","protected":false},"excerpt":{"rendered":"<p>Disfrute de una deliciosa infusi\u00f3n en cualquier momento con la cafetera Mr. Coffee de 12 tazas en rojo.\u00a0\u00a1El dise\u00f1o moderno de esta cafetera Mr. Coffee no solo se ve bien<\/p>\n","protected":false},"featured_media":73248,"comment_status":"open","ping_status":"closed","template":"","meta":{"_acf_changed":false,"_joinchat":[]},"product_brand":[],"product_cat":[336,337,947],"product_tag":[],"class_list":{"0":"post-28713","1":"product","2":"type-product","3":"status-publish","4":"has-post-thumbnail","6":"product_cat-hogar","7":"product_cat-cocina","8":"product_cat-teteras-maquinas-de-te-y-cafe","10":"first","11":"instock","12":"sale","13":"shipping-taxable","14":"purchasable","15":"product-type-simple"},"acf":[],"_links":{"self":[{"href":"https:\/\/defabrica.com.mx\/defabrica\/wp-json\/wp\/v2\/product\/28713","targetHints":{"allow":["GET"]}}],"collection":[{"href":"https:\/\/defabrica.com.mx\/defabrica\/wp-json\/wp\/v2\/product"}],"about":[{"href":"https:\/\/defabrica.com.mx\/defabrica\/wp-json\/wp\/v2\/types\/product"}],"replies":[{"embeddable":true,"href":"https:\/\/defabrica.com.mx\/defabrica\/wp-json\/wp\/v2\/comments?post=28713"}],"wp:featuredmedia":[{"embeddable":true,"href":"https:\/\/defabrica.com.mx\/defabrica\/wp-json\/wp\/v2\/media\/73248"}],"wp:attachment":[{"href":"https:\/\/defabrica.com.mx\/defabrica\/wp-json\/wp\/v2\/media?parent=28713"}],"wp:term":[{"taxonomy":"product_brand","embeddable":true,"href":"https:\/\/defabrica.com.mx\/defabrica\/wp-json\/wp\/v2\/product_brand?post=28713"},{"taxonomy":"product_cat","embeddable":true,"href":"https:\/\/defabrica.com.mx\/defabrica\/wp-json\/wp\/v2\/product_cat?post=28713"},{"taxonomy":"product_tag","embeddable":true,"href":"https:\/\/defabrica.com.mx\/defabrica\/wp-json\/wp\/v2\/product_tag?post=28713"}],"curies":[{"name":"wp","href":"https:\/\/api.w.org\/{rel}","templated":true}]}}