{"id":28676,"date":"2021-05-18T13:27:00","date_gmt":"2021-05-18T18:27:00","guid":{"rendered":"https:\/\/defabrica.com.mx\/defabrica\/?post_type=product&#038;p=28676"},"modified":"2023-01-27T15:16:23","modified_gmt":"2023-01-27T21:16:23","slug":"horno-para-asar-conveccion-tostadora-de-6-rebanadas-hamilton-beach-modelo-rojo-31514","status":"publish","type":"product","link":"https:\/\/defabrica.com.mx\/defabrica\/producto\/horno-para-asar-conveccion-tostadora-de-6-rebanadas-hamilton-beach-modelo-rojo-31514\/","title":{"rendered":"Horno para asar \/ convecci\u00f3n tostadora de 6 rebanadas Hamilton Beach | Modelo rojo # 31514"},"content":{"rendered":"<p>El horno tostador de 6 rebanadas Hamilton Beach en rojo modelo # 31514 es un art\u00edculo de cocina \u00fatil que tiene muchas funciones para ayudar en la vida cotidiana. Viene con una bandeja para hornear y una rejilla para asar. El horno Hamilton Beach tiene espacio para seis rebanadas de pan o una pizza de 9 \u00ab. La bandeja para migas es extra\u00edble y tiene dos posiciones de parrilla para mantenerla limpia. El horno asador de convecci\u00f3n cuenta con un temporizador de 30 minutos con apagado autom\u00e1tico, encendido, hornear, convecci\u00f3n, asar y tostar. Puede tostar rebanadas de pan, asar un s\u00e1ndwich abierto, asar un pollo, recalentar las sobras o incluso cocinar una pizza, todo en un elegante electrodom\u00e9stico.<\/p>\n<p><strong>Hamilton Beach 6 Slice Toaster Oven Red Model # 31514 :<\/strong><\/p>\n<ul>\n<li><strong>Se adapta a 6 rebanadas de pan o una pizza de 9 \u00ab<\/strong><\/li>\n<li><strong>La convecci\u00f3n cocina de forma m\u00e1s r\u00e1pida y uniforme<\/strong><\/li>\n<li><strong>Temporizador de 30 minutos con apagado autom\u00e1tico<\/strong><\/li>\n<li><strong>Configuraciones de hornear, convecci\u00f3n, asar y tostar<\/strong><\/li>\n<li><strong>Horno hamilton beach con acabado rojo metalizado<\/strong><\/li>\n<li><strong>2 posiciones de rejilla<\/strong><\/li>\n<li><strong>Bandeja para hornear y parrilla para asar incluidos<\/strong><\/li>\n<li><strong>Configuraci\u00f3n \u00abStay On\u00bb y temporizador de 30 minutos con apagado autom\u00e1tico<\/strong><\/li>\n<li><strong>Bandeja recogemigas extra\u00edble<\/strong><\/li>\n<\/ul>\n","protected":false},"excerpt":{"rendered":"<p>El horno tostador de 6 rebanadas Hamilton Beach en rojo modelo # 31514 es un art\u00edculo de cocina \u00fatil que tiene muchas funciones para ayudar en la vida cotidiana. Viene<\/p>\n","protected":false},"featured_media":28677,"comment_status":"open","ping_status":"closed","template":"","meta":{"_acf_changed":false,"_joinchat":[]},"product_brand":[],"product_cat":[336,338,954],"product_tag":[],"class_list":{"0":"post-28676","1":"product","2":"type-product","3":"status-publish","4":"has-post-thumbnail","6":"product_cat-hogar","7":"product_cat-electrodomesticos","8":"product_cat-horno","10":"first","11":"instock","12":"sale","13":"shipping-taxable","14":"purchasable","15":"product-type-simple"},"acf":[],"_links":{"self":[{"href":"https:\/\/defabrica.com.mx\/defabrica\/wp-json\/wp\/v2\/product\/28676","targetHints":{"allow":["GET"]}}],"collection":[{"href":"https:\/\/defabrica.com.mx\/defabrica\/wp-json\/wp\/v2\/product"}],"about":[{"href":"https:\/\/defabrica.com.mx\/defabrica\/wp-json\/wp\/v2\/types\/product"}],"replies":[{"embeddable":true,"href":"https:\/\/defabrica.com.mx\/defabrica\/wp-json\/wp\/v2\/comments?post=28676"}],"wp:featuredmedia":[{"embeddable":true,"href":"https:\/\/defabrica.com.mx\/defabrica\/wp-json\/wp\/v2\/media\/28677"}],"wp:attachment":[{"href":"https:\/\/defabrica.com.mx\/defabrica\/wp-json\/wp\/v2\/media?parent=28676"}],"wp:term":[{"taxonomy":"product_brand","embeddable":true,"href":"https:\/\/defabrica.com.mx\/defabrica\/wp-json\/wp\/v2\/product_brand?post=28676"},{"taxonomy":"product_cat","embeddable":true,"href":"https:\/\/defabrica.com.mx\/defabrica\/wp-json\/wp\/v2\/product_cat?post=28676"},{"taxonomy":"product_tag","embeddable":true,"href":"https:\/\/defabrica.com.mx\/defabrica\/wp-json\/wp\/v2\/product_tag?post=28676"}],"curies":[{"name":"wp","href":"https:\/\/api.w.org\/{rel}","templated":true}]}}