{"id":28668,"date":"2021-05-18T12:42:51","date_gmt":"2021-05-18T17:42:51","guid":{"rendered":"https:\/\/defabrica.com.mx\/defabrica\/?post_type=product&#038;p=28668"},"modified":"2023-01-28T12:57:56","modified_gmt":"2023-01-28T18:57:56","slug":"the-pioneer-woman-breezy-blossom-olla-de-coccion-lenta-portatil-de-6-cuartos-33062","status":"publish","type":"product","link":"https:\/\/defabrica.com.mx\/defabrica\/producto\/the-pioneer-woman-breezy-blossom-olla-de-coccion-lenta-portatil-de-6-cuartos-33062\/","title":{"rendered":"The Pioneer Woman Breezy Blossom Olla de cocci\u00f3n lenta port\u00e1til de 6 cuartos, 33062"},"content":{"rendered":"<p>La elegante olla de cocci\u00f3n lenta port\u00e1til Breezy Blossom de 6 cuartos de Pioneer Woman\u00ae es ideal para cocinar y llevar comida a comidas y fiestas. Tiene asas y clips de agarre c\u00f3modo que mantienen la tapa en su lugar de manera inteligente mientras viaja para evitar derrames. Tiene 3 niveles de calor: alto bajo y c\u00e1lido. La gran capacidad de 6 cuartos de gal\u00f3n y la forma ovalada de la olla de cocci\u00f3n lenta son ideales para manipular grandes cortes de carne. Cocinar\u00e1 un pollo de 6 libras o un asado de 4 libras y sirve a m\u00e1s de 7 personas. El inserto de gres y la tapa de vidrio se quitan f\u00e1cilmente para servir alimentos en la mesa o para limpiar. Simplemente col\u00f3quelos en el lavavajillas para facilitar la limpieza. Ree Drummond es una de las autoras m\u00e1s vendidas del NY Times, personalidad televisiva, fen\u00f3meno de las redes sociales y la mujer detr\u00e1s del popular blog de estilo de vida Pioneer Woman que lo inici\u00f3 todo. Ella tambi\u00e9n es una amante de la mantequilla, los perros de caza, Ethel Merman, su hunky, su marido vaquero Ladd y sus cuatro hijos. Su estilo campestre informal y sus deliciosas recetas la han convertido en una opci\u00f3n ideal para todo lo relacionado con la cocina y el entretenimiento.<\/p>\n<ul>\n<li><strong>LOS CLIPS SOSTENEN LA TAPA EN SU LUGAR PARA UN VIAJE RESISTENTE A DERRAMES<\/strong>: el dise\u00f1o inteligente de esta olla de cocci\u00f3n lenta grande evita derrames desordenados al transportar alimentos<\/li>\n<li><strong>ASAS DE AGARRE COMPLETO DISE\u00d1ADAS PARA FACILITAR EL TRANSPORTE<\/strong>: La olla de cocci\u00f3n lenta Pioneer Woman es f\u00e1cil de sujetar y transportar.<br \/>\n3 AJUSTES DE CALOR: Elija alto, bajo o c\u00e1lido.<\/li>\n<li><strong>LA TAPA DE CRISTAL Y LA TAPA DE CRISTAL EXTRA\u00cdBLES SON APTO PARA LAVAVAJILLAS<\/strong>. La olla y la tapa de gres son f\u00e1ciles de quitar y limpiar en el lavavajillas.<\/li>\n<li><strong>GRAN CAPACIDAD DE 6 CUARTOS<\/strong>. El tama\u00f1o grande y la forma ovalada de esta olla de cocci\u00f3n lenta de 6 cuartos son ideales para manipular grandes cortes de carne. Cocinar\u00e1 un pollo de 6 libras o un asado de 4 libras y sirve a m\u00e1s de 7 personas.<\/li>\n<\/ul>\n","protected":false},"excerpt":{"rendered":"<p>La elegante olla de cocci\u00f3n lenta port\u00e1til Breezy Blossom de 6 cuartos de Pioneer Woman\u00ae es ideal para cocinar y llevar comida a comidas y fiestas. Tiene asas y clips<\/p>\n","protected":false},"featured_media":28670,"comment_status":"open","ping_status":"closed","template":"","meta":{"_acf_changed":false,"_joinchat":[]},"product_brand":[],"product_cat":[336,337,338,949],"product_tag":[],"class_list":{"0":"post-28668","1":"product","2":"type-product","3":"status-publish","4":"has-post-thumbnail","6":"product_cat-hogar","7":"product_cat-cocina","8":"product_cat-electrodomesticos","9":"product_cat-ollas-instantaneas","11":"first","12":"instock","13":"sale","14":"shipping-taxable","15":"purchasable","16":"product-type-simple"},"acf":[],"_links":{"self":[{"href":"https:\/\/defabrica.com.mx\/defabrica\/wp-json\/wp\/v2\/product\/28668","targetHints":{"allow":["GET"]}}],"collection":[{"href":"https:\/\/defabrica.com.mx\/defabrica\/wp-json\/wp\/v2\/product"}],"about":[{"href":"https:\/\/defabrica.com.mx\/defabrica\/wp-json\/wp\/v2\/types\/product"}],"replies":[{"embeddable":true,"href":"https:\/\/defabrica.com.mx\/defabrica\/wp-json\/wp\/v2\/comments?post=28668"}],"wp:featuredmedia":[{"embeddable":true,"href":"https:\/\/defabrica.com.mx\/defabrica\/wp-json\/wp\/v2\/media\/28670"}],"wp:attachment":[{"href":"https:\/\/defabrica.com.mx\/defabrica\/wp-json\/wp\/v2\/media?parent=28668"}],"wp:term":[{"taxonomy":"product_brand","embeddable":true,"href":"https:\/\/defabrica.com.mx\/defabrica\/wp-json\/wp\/v2\/product_brand?post=28668"},{"taxonomy":"product_cat","embeddable":true,"href":"https:\/\/defabrica.com.mx\/defabrica\/wp-json\/wp\/v2\/product_cat?post=28668"},{"taxonomy":"product_tag","embeddable":true,"href":"https:\/\/defabrica.com.mx\/defabrica\/wp-json\/wp\/v2\/product_tag?post=28668"}],"curies":[{"name":"wp","href":"https:\/\/api.w.org\/{rel}","templated":true}]}}