{"id":28645,"date":"2021-05-18T11:54:10","date_gmt":"2021-05-18T16:54:10","guid":{"rendered":"https:\/\/defabrica.com.mx\/defabrica\/?post_type=product&#038;p=28645"},"modified":"2022-12-01T16:21:25","modified_gmt":"2022-12-01T22:21:25","slug":"lg-tv-inteligente-webos-4k-uhd-con-led-serie-80-nanocell-de-75","status":"publish","type":"product","link":"https:\/\/defabrica.com.mx\/defabrica\/producto\/lg-tv-inteligente-webos-4k-uhd-con-led-serie-80-nanocell-de-75\/","title":{"rendered":"LG &#8211; TV inteligente webOS 4K UHD con LED serie 80 NanoCell de 75 \u00ab"},"content":{"rendered":"<div class=\"embedded-component-container lv\">\n<div id=\"shop-product-description-72090741\" class=\"None\" data-version=\"1.3.22\">\n<div class=\"shop-product-description\">\n<section class=\"align-heading-left\" data-reactroot=\"\">\n<div class=\"long-description-container body-copy \">\n<p>LG NanoCell TV Nano80 ofrece una resoluci\u00f3n de TV LED 4K. Las pel\u00edculas, los deportes y los juegos 4K llegan a casa. La pantalla NanoCell le da color a su mundo con la imagen realista de Nano Color y Advanced Color Enhancer. Es una experiencia impulsada por las caracter\u00edsticas del hogar conectado, la tecnolog\u00eda de juegos incorporada y un procesador avanzado.<\/p>\n<h3><strong>Caracter\u00edsticas<\/strong><\/h3>\n<ul>\n<li><strong>Pantalla NanoCell 4K<\/strong><br \/>\nLa tecnolog\u00eda de pantalla LED premium de LG eleva el punto de referencia en calidad de imagen LED y los televisores LG NanoCell est\u00e1n dise\u00f1ados, fabricados y fabricados para destacar su contenido.<\/li>\n<li><strong>Procesador de cuatro n\u00facleos 4K<\/strong><br \/>\nEl procesador de cuatro n\u00facleos pinta im\u00e1genes, acci\u00f3n y color con la mejor luz posible desde la fuente hasta la pantalla.<\/li>\n<li><strong>LG ThinQ AI, el Asistente de Google y Alexa integrados<\/strong><br \/>\nLG ThinQ es una plataforma abierta que integra completamente los asistentes de voz que ya usa. No es necesario comprar un dispositivo por separado.<\/li>\n<li><strong>HDR activo (HDR10, HLG)<\/strong><br \/>\nEleva autom\u00e1ticamente la belleza de tus escenas favoritas. Active HDR admite una amplia gama de formatos para el ajuste de imagen escena por escena, incluidos HDR10 y HLG.<\/li>\n<li><strong>Modo cineasta<\/strong><br \/>\nEl modo cineasta es un escenario que respeta el oficio. Traduce la visi\u00f3n cinematogr\u00e1fica de un director a su televisor con configuraciones autom\u00e1ticas de imagen y procesador y brinda verdadera autenticidad.<\/li>\n<li><strong>La plataforma inteligente webOS de LG ofrece simplicidad de transmisi\u00f3n<\/strong><br \/>\nCon las \u00faltimas aplicaciones de transmisi\u00f3n como Disney + y la aplicaci\u00f3n Apple TV, adem\u00e1s de aplicaciones populares como Netflix, Hulu, Sling, Prime Video y m\u00e1s.<\/li>\n<li><strong>LG Channels ofrece m\u00e1s opciones de entretenimiento que nunca<\/strong><br \/>\nLos canales LG brindan acceso gratuito a m\u00e1s de 180 canales de transmisi\u00f3n IP que ofrecen pel\u00edculas, programas, noticias de \u00faltima hora, deportes, comedia y m\u00e1s, integrados junto con los canales inal\u00e1mbricos y la gu\u00eda de canales.<\/li>\n<li><strong>Apple Airplay 2 y Apple HomeKit<\/strong><br \/>\nTransmita entretenimiento desde dispositivos Apple a su televisor con Airplay 2, incluida la amplia biblioteca de contenido Dolby Vision \u2122 de Apple. Tambi\u00e9n use sus dispositivos Apple para configurar, personalizar y controlar su hogar inteligente usando HomeKit.<\/li>\n<li><strong>Home Dashboard funciona con dispositivos ThinQ, OCF y UEI<\/strong><br \/>\nControle sus dispositivos inteligentes con Home Dashboard. Vea todo en un solo lugar a trav\u00e9s de la interfaz del Panel de inicio y contr\u00f3lelo todo con su voz.<\/li>\n<li><strong>Magic Remote: solo apunte, haga clic o hable.<\/strong><br \/>\nEl control similar al de un mouse y el control por voz facilitan la b\u00fasqueda de su contenido sin tener que escribir lo que desea. Simplemente apunte en la pantalla, despl\u00e1cese por sus opciones o hable para transmitir pel\u00edculas y programas a trav\u00e9s del webOS de LG.<\/li>\n<li><strong>El modo Galer\u00eda convierte su televisor en un hermoso tel\u00f3n de fondo.<\/strong><br \/>\nEl modo Galer\u00eda es perfecto para fiestas o para mejorar tu decoraci\u00f3n. Disfrute de una colecci\u00f3n de im\u00e1genes y pinturas impresionantes con m\u00fasica de acompa\u00f1amiento para crear el ambiente.<\/li>\n<li><strong>Alerta deportiva<\/strong><br \/>\nRecibe actualizaciones sobre tus equipos favoritos, horarios de inicio y puntajes, incluso mientras miras otro contenido. Cambie f\u00e1cilmente a juegos sin buscar el canal.<\/li>\n<li><strong>Listo para sonido Bluetooth<\/strong><br \/>\nConecte algunos altavoces Bluetooth para obtener un sonido envolvente instant\u00e1neo. Conecte hasta dos parlantes, incluidos los parlantes LG XBoom, para disfrutar de una verdadera experiencia de sonido envolvente, sin un cable a la vista.<\/li>\n<li><strong>Pantalla de 74,5 \u00ab<\/strong><br \/>\nLo suficientemente grande como para brindar una experiencia inmersiva para todos en la sala.<\/li>\n<li><strong>4K Ultra HD (resoluci\u00f3n de 2160p)<\/strong><br \/>\nDisfruta de impresionantes pel\u00edculas y programas de TV en 4K a 4 veces la resoluci\u00f3n de Full HD y mejora tu contenido actual a una calidad de imagen de nivel Ultra HD.<\/li>\n<li><strong>Funciona con Google Assistant y\u00a0 Alexa para control por voz<\/strong><br \/>\nP\u00eddale a cualquiera de los asistentes de voz (se requiere dispositivo) que lo ayude a reproducir pel\u00edculas, programas de TV y m\u00e1s. Adem\u00e1s, controle otros dispositivos conectados como luces y un termostato para una mejor experiencia de visualizaci\u00f3n.<\/li>\n<li><strong>TruMotion 120<\/strong><br \/>\nDisfrute de la acci\u00f3n a alta velocidad con buena claridad de movimiento.<\/li>\n<li><strong>Sonido de TV avanzado<\/strong><br \/>\nPotencia de salida de 20W.<\/li>\n<li><strong>4 entradas HDMI para la mejor conexi\u00f3n de cine en casa<\/strong><br \/>\nHDMI de alta velocidad ofrece imagen 4K UHD y sonido envolvente digital en un cable conveniente. Cable HDMI no incluido.<\/li>\n<li><strong>2 entradas USB<\/strong><br \/>\nConecte f\u00e1cilmente su c\u00e1mara digital, videoc\u00e1mara u otro dispositivo USB<\/li>\n<\/ul>\n<p>Los servicios y el contenido basados \u200b\u200ben la web requieren un servicio de Internet de alta velocidad. Algunas funciones pueden requerir una suscripci\u00f3n a un servicio de terceros.<\/p>\n<h3><strong>Qu\u00e9 est\u00e1 incluido<\/strong><\/h3>\n<ul>\n<li>75NANO80UNA<\/li>\n<li>Magic Remote<\/li>\n<li>Bater\u00edas remotas<\/li>\n<\/ul>\n<\/div>\n<\/section>\n<\/div>\n<\/div>\n<\/div>\n<div class=\"embedded-component-container lv\"><\/div>\n","protected":false},"excerpt":{"rendered":"<p>LG NanoCell TV Nano80 ofrece una resoluci\u00f3n de TV LED 4K. Las pel\u00edculas, los deportes y los juegos 4K llegan a casa. La pantalla NanoCell le da color a su<\/p>\n","protected":false},"featured_media":73384,"comment_status":"open","ping_status":"closed","template":"","meta":{"_acf_changed":false,"_joinchat":[]},"product_brand":[],"product_cat":[336,937],"product_tag":[],"class_list":{"0":"post-28645","1":"product","2":"type-product","3":"status-publish","4":"has-post-thumbnail","6":"product_cat-hogar","7":"product_cat-pantallas","9":"first","10":"instock","11":"sale","12":"shipping-taxable","13":"purchasable","14":"product-type-simple"},"acf":[],"_links":{"self":[{"href":"https:\/\/defabrica.com.mx\/defabrica\/wp-json\/wp\/v2\/product\/28645","targetHints":{"allow":["GET"]}}],"collection":[{"href":"https:\/\/defabrica.com.mx\/defabrica\/wp-json\/wp\/v2\/product"}],"about":[{"href":"https:\/\/defabrica.com.mx\/defabrica\/wp-json\/wp\/v2\/types\/product"}],"replies":[{"embeddable":true,"href":"https:\/\/defabrica.com.mx\/defabrica\/wp-json\/wp\/v2\/comments?post=28645"}],"wp:featuredmedia":[{"embeddable":true,"href":"https:\/\/defabrica.com.mx\/defabrica\/wp-json\/wp\/v2\/media\/73384"}],"wp:attachment":[{"href":"https:\/\/defabrica.com.mx\/defabrica\/wp-json\/wp\/v2\/media?parent=28645"}],"wp:term":[{"taxonomy":"product_brand","embeddable":true,"href":"https:\/\/defabrica.com.mx\/defabrica\/wp-json\/wp\/v2\/product_brand?post=28645"},{"taxonomy":"product_cat","embeddable":true,"href":"https:\/\/defabrica.com.mx\/defabrica\/wp-json\/wp\/v2\/product_cat?post=28645"},{"taxonomy":"product_tag","embeddable":true,"href":"https:\/\/defabrica.com.mx\/defabrica\/wp-json\/wp\/v2\/product_tag?post=28645"}],"curies":[{"name":"wp","href":"https:\/\/api.w.org\/{rel}","templated":true}]}}