{"id":28571,"date":"2021-05-17T12:29:41","date_gmt":"2021-05-17T17:29:41","guid":{"rendered":"https:\/\/defabrica.com.mx\/defabrica\/?post_type=product&#038;p=28571"},"modified":"2023-01-13T15:09:20","modified_gmt":"2023-01-13T21:09:20","slug":"samsung-75-class-7-series-led-4k-uhd-smart-tizen-tv","status":"publish","type":"product","link":"https:\/\/defabrica.com.mx\/defabrica\/producto\/samsung-75-class-7-series-led-4k-uhd-smart-tizen-tv\/","title":{"rendered":"Samsung &#8211; 75&#8243; Class 7 Series LED 4K UHD Smart Tizen TV"},"content":{"rendered":"<p>Sum\u00e9rjase en im\u00e1genes asombrosas con este televisor inteligente Samsung UHD Serie 7 de 75 \u00ab. El procesador Crystal 4K ampl\u00eda las escenas de baja resoluci\u00f3n para brindar im\u00e1genes n\u00edtidas, mientras que la conectividad Wi-Fi ampl\u00eda sus opciones de entretenimiento en los servicios de transmisi\u00f3n. Este Samsung UHD Serie 7 inteligente El televisor permite el control activado por voz para un f\u00e1cil ajuste de la configuraci\u00f3n, y la compatibilidad con Dolby Digital Plus garantiza un sonido potente para una experiencia completa.<\/p>\n<p>Bienvenido a la sala de exposici\u00f3n virtual de Samsung.<br \/>\nDescubra el futuro de la televisi\u00f3n con Samsung<\/p>\n<h3><strong>Caracter\u00edsticas<\/strong><\/h3>\n<ul>\n<li><strong>Procesador Crystal 4K<\/strong><br \/>\nEl procesador ultrarr\u00e1pido transforma todo lo que ves en un sorprendente 4K.<\/li>\n<li><strong>Pantalla de cristal<\/strong><br \/>\nExperimente colores n\u00edtidos que est\u00e1n ajustados para brindar una imagen naturalmente n\u00edtida y v\u00edvida.<\/li>\n<li><strong>Gu\u00eda universal<\/strong><br \/>\nLa potente tecnolog\u00eda de inteligencia artificial recomienda la transmisi\u00f3n y el contenido de TV en vivo, todo en una simple gu\u00eda en pantalla.<\/li>\n<li><strong>Dise\u00f1o sin l\u00edmites<\/strong><br \/>\nUn bisel ultradelgado en todos los lados para una apariencia incre\u00edblemente limpia.<\/li>\n<li><strong>Clean Cable Solution<\/strong><br \/>\nOculta cables de alimentaci\u00f3n y cables antiest\u00e9ticos.<\/li>\n<li><strong>Funci\u00f3n OneRemote<\/strong><br \/>\nDetecta y controla autom\u00e1ticamente todos los dispositivos y contenido conectados compatibles.<\/li>\n<li><strong>Potenciador del juego<\/strong><br \/>\nEl televisor ajusta autom\u00e1ticamente la configuraci\u00f3n para ayudar a que los juegos funcionen sin problemas.<\/li>\n<li><strong>4K Ultra HD (resoluci\u00f3n de 2160p)<\/strong><br \/>\nDisfruta de impresionantes pel\u00edculas y programas de TV en 4K a 4 veces la resoluci\u00f3n de Full HD y mejora tu contenido actual a una calidad de imagen de nivel Ultra HD.<\/li>\n<li><strong>HDR<\/strong><br \/>\nRevela tonos de color que no puede encontrar en HDTV.<\/li>\n<li><strong>Smart TV con tecnolog\u00eda Tizen<\/strong><br \/>\nVaya m\u00e1s all\u00e1 de Smart TV con aplicaciones de pr\u00f3xima generaci\u00f3n, control s\u00faper f\u00e1cil y una serie de mejoras que elevan su experiencia de ver televisi\u00f3n.<\/li>\n<li><strong>Velocidad de movimiento 120<\/strong><br \/>\nDisfrute de una acci\u00f3n fluida y n\u00edtida incluso en las escenas m\u00e1s r\u00e1pidas.<\/li>\n<\/ul>\n<p>Los servicios y el contenido basados \u200b\u200ben la web requieren un servicio de Internet de alta velocidad. Algunos servicios pueden requerir una suscripci\u00f3n.<\/p>\n<h3><strong>Qu\u00e9 est\u00e1 incluido<\/strong><\/h3>\n<ul>\n<li>Samsung serie UHD 7 de 75 \u00ab- TV 4K UHD &#8211; Inteligente &#8211; LED &#8211; con HDR<\/li>\n<li>Pararse<\/li>\n<li>Mando a distancia con pilas<\/li>\n<li>Cable de energ\u00eda<\/li>\n<li>El manual del propietario<\/li>\n<\/ul>\n","protected":false},"excerpt":{"rendered":"<p>Sum\u00e9rjase en im\u00e1genes asombrosas con este televisor inteligente Samsung UHD Serie 7 de 75 \u00ab. El procesador Crystal 4K ampl\u00eda las escenas de baja resoluci\u00f3n para brindar im\u00e1genes n\u00edtidas, mientras<\/p>\n","protected":false},"featured_media":28572,"comment_status":"open","ping_status":"closed","template":"","meta":{"_acf_changed":false,"_joinchat":[]},"product_brand":[],"product_cat":[336,937],"product_tag":[],"class_list":{"0":"post-28571","1":"product","2":"type-product","3":"status-publish","4":"has-post-thumbnail","6":"product_cat-hogar","7":"product_cat-pantallas","9":"first","10":"instock","11":"sale","12":"shipping-taxable","13":"purchasable","14":"product-type-simple"},"acf":[],"_links":{"self":[{"href":"https:\/\/defabrica.com.mx\/defabrica\/wp-json\/wp\/v2\/product\/28571","targetHints":{"allow":["GET"]}}],"collection":[{"href":"https:\/\/defabrica.com.mx\/defabrica\/wp-json\/wp\/v2\/product"}],"about":[{"href":"https:\/\/defabrica.com.mx\/defabrica\/wp-json\/wp\/v2\/types\/product"}],"replies":[{"embeddable":true,"href":"https:\/\/defabrica.com.mx\/defabrica\/wp-json\/wp\/v2\/comments?post=28571"}],"wp:featuredmedia":[{"embeddable":true,"href":"https:\/\/defabrica.com.mx\/defabrica\/wp-json\/wp\/v2\/media\/28572"}],"wp:attachment":[{"href":"https:\/\/defabrica.com.mx\/defabrica\/wp-json\/wp\/v2\/media?parent=28571"}],"wp:term":[{"taxonomy":"product_brand","embeddable":true,"href":"https:\/\/defabrica.com.mx\/defabrica\/wp-json\/wp\/v2\/product_brand?post=28571"},{"taxonomy":"product_cat","embeddable":true,"href":"https:\/\/defabrica.com.mx\/defabrica\/wp-json\/wp\/v2\/product_cat?post=28571"},{"taxonomy":"product_tag","embeddable":true,"href":"https:\/\/defabrica.com.mx\/defabrica\/wp-json\/wp\/v2\/product_tag?post=28571"}],"curies":[{"name":"wp","href":"https:\/\/api.w.org\/{rel}","templated":true}]}}