{"id":28513,"date":"2021-05-15T14:51:11","date_gmt":"2021-05-15T19:51:11","guid":{"rendered":"https:\/\/defabrica.com.mx\/defabrica\/?post_type=product&#038;p=28513"},"modified":"2023-01-22T13:28:59","modified_gmt":"2023-01-22T19:28:59","slug":"hugo-boss-woman-2","status":"publish","type":"product","link":"https:\/\/defabrica.com.mx\/defabrica\/producto\/hugo-boss-woman-2\/","title":{"rendered":"Hugo Boss WOMAN"},"content":{"rendered":"<p id=\"tw-target-text\" class=\"tw-data-text tw-text-large XcVN5d tw-ta\" dir=\"ltr\" data-placeholder=\"Traducci\u00f3n\"><span class=\"Y2IQFc\" lang=\"es\">BOSS Woman es un tributo a la mujer BOSS exitosa y segura de s\u00ed misma, que combina fuerza y \u200b\u200bconfianza en s\u00ed misma con feminidad y estilo para crear una fragancia floral y afrutada contempor\u00e1nea para una est\u00e9tica moderna. Comenzando con notas de salida afrutadas, que incluyen naranja, mandarina, kumquat, manzana y c\u00edtricos, mezcladas con un coraz\u00f3n m\u00e1s dulce y c\u00e1lido a base de pasiflora, flor de cananga y Fresia, y terminadas con notas de fondo m\u00e1s especiadas de s\u00e1ndalo, vainilla, cedro, lirio y almizcle, BOSS Woman es fresco pero sensual y deja una elegante impresi\u00f3n duradera. Agregue esta opci\u00f3n vigorizante y sensual a su rotaci\u00f3n de fragancias.<\/span><\/p>\n","protected":false},"excerpt":{"rendered":"<p>BOSS Woman es un tributo a la mujer BOSS exitosa y segura de s\u00ed misma, que combina fuerza y \u200b\u200bconfianza en s\u00ed misma con feminidad y estilo para crear una<\/p>\n","protected":false},"featured_media":28515,"comment_status":"open","ping_status":"closed","template":"","meta":{"_acf_changed":false,"_joinchat":[]},"product_brand":[],"product_cat":[331,352,501,502],"product_tag":[],"class_list":{"0":"post-28513","1":"product","2":"type-product","3":"status-publish","4":"has-post-thumbnail","6":"product_cat-salud-y-belleza","7":"product_cat-ella","8":"product_cat-perfumes-y-lociones-ella","9":"product_cat-perfumes","11":"first","12":"instock","13":"sale","14":"shipping-taxable","15":"purchasable","16":"product-type-simple"},"acf":[],"_links":{"self":[{"href":"https:\/\/defabrica.com.mx\/defabrica\/wp-json\/wp\/v2\/product\/28513","targetHints":{"allow":["GET"]}}],"collection":[{"href":"https:\/\/defabrica.com.mx\/defabrica\/wp-json\/wp\/v2\/product"}],"about":[{"href":"https:\/\/defabrica.com.mx\/defabrica\/wp-json\/wp\/v2\/types\/product"}],"replies":[{"embeddable":true,"href":"https:\/\/defabrica.com.mx\/defabrica\/wp-json\/wp\/v2\/comments?post=28513"}],"wp:featuredmedia":[{"embeddable":true,"href":"https:\/\/defabrica.com.mx\/defabrica\/wp-json\/wp\/v2\/media\/28515"}],"wp:attachment":[{"href":"https:\/\/defabrica.com.mx\/defabrica\/wp-json\/wp\/v2\/media?parent=28513"}],"wp:term":[{"taxonomy":"product_brand","embeddable":true,"href":"https:\/\/defabrica.com.mx\/defabrica\/wp-json\/wp\/v2\/product_brand?post=28513"},{"taxonomy":"product_cat","embeddable":true,"href":"https:\/\/defabrica.com.mx\/defabrica\/wp-json\/wp\/v2\/product_cat?post=28513"},{"taxonomy":"product_tag","embeddable":true,"href":"https:\/\/defabrica.com.mx\/defabrica\/wp-json\/wp\/v2\/product_tag?post=28513"}],"curies":[{"name":"wp","href":"https:\/\/api.w.org\/{rel}","templated":true}]}}