{"id":27718,"date":"2021-04-15T21:57:18","date_gmt":"2021-04-16T02:57:18","guid":{"rendered":"https:\/\/defabrica.com.mx\/defabrica\/?post_type=product&#038;p=27718"},"modified":"2023-01-28T12:45:20","modified_gmt":"2023-01-28T18:45:20","slug":"kids-ride-on-motorcycle-6v-juguete-electrico-con-pilas-3-ruedas","status":"publish","type":"product","link":"https:\/\/defabrica.com.mx\/defabrica\/producto\/kids-ride-on-motorcycle-6v-juguete-electrico-con-pilas-3-ruedas\/","title":{"rendered":"Kids Ride On Motorcycle 6V Juguete el\u00e9ctrico con pilas 3 ruedas"},"content":{"rendered":"<p>Este es nuestro nuevo paseo en motocicleta para ni\u00f1os, fant\u00e1stico y funcional para sus adorables hijos.\u00a0Las 3 ruedas aseguran que la motocicleta no se caiga bajo ninguna circunstancia, garantizando la seguridad de su hijo.\u00a0Los ni\u00f1os pueden operarlo f\u00e1cilmente presionando un interruptor de conducci\u00f3n en el manillar para acelerar.\u00a0Viene con detalles realistas de la motocicleta que seguramente le encantar\u00e1n a su hijo: apariencia de dise\u00f1o \u00fanico, efectos musicales, funci\u00f3n de avance y faros que se encienden y apagan.\u00a0Esta motocicleta traer\u00e1 emoci\u00f3n al tiempo de juego de todos los ni\u00f1os, \u00a1mientras lleva a los ni\u00f1os a una aventura emocionante!\u00a0\u00a1No dudes en a\u00f1adirlo a tu carrito!<\/p>\n","protected":false},"excerpt":{"rendered":"<p>Este es nuestro nuevo paseo en motocicleta para ni\u00f1os, fant\u00e1stico y funcional para sus adorables hijos.\u00a0Las 3 ruedas aseguran que la motocicleta no se caiga bajo ninguna circunstancia, garantizando la<\/p>\n","protected":false},"featured_media":27729,"comment_status":"open","ping_status":"closed","template":"","meta":{"_acf_changed":false,"_joinchat":[]},"product_brand":[],"product_cat":[886,1097,1193],"product_tag":[],"class_list":{"0":"post-27718","1":"product","2":"type-product","3":"status-publish","4":"has-post-thumbnail","6":"product_cat-juguetesycoleccionables","7":"product_cat-juguetes","8":"product_cat-montables-y-control-remoto","10":"first","11":"instock","12":"sale","13":"shipping-taxable","14":"purchasable","15":"product-type-variable","16":"has-default-attributes"},"acf":[],"_links":{"self":[{"href":"https:\/\/defabrica.com.mx\/defabrica\/wp-json\/wp\/v2\/product\/27718","targetHints":{"allow":["GET"]}}],"collection":[{"href":"https:\/\/defabrica.com.mx\/defabrica\/wp-json\/wp\/v2\/product"}],"about":[{"href":"https:\/\/defabrica.com.mx\/defabrica\/wp-json\/wp\/v2\/types\/product"}],"replies":[{"embeddable":true,"href":"https:\/\/defabrica.com.mx\/defabrica\/wp-json\/wp\/v2\/comments?post=27718"}],"wp:featuredmedia":[{"embeddable":true,"href":"https:\/\/defabrica.com.mx\/defabrica\/wp-json\/wp\/v2\/media\/27729"}],"wp:attachment":[{"href":"https:\/\/defabrica.com.mx\/defabrica\/wp-json\/wp\/v2\/media?parent=27718"}],"wp:term":[{"taxonomy":"product_brand","embeddable":true,"href":"https:\/\/defabrica.com.mx\/defabrica\/wp-json\/wp\/v2\/product_brand?post=27718"},{"taxonomy":"product_cat","embeddable":true,"href":"https:\/\/defabrica.com.mx\/defabrica\/wp-json\/wp\/v2\/product_cat?post=27718"},{"taxonomy":"product_tag","embeddable":true,"href":"https:\/\/defabrica.com.mx\/defabrica\/wp-json\/wp\/v2\/product_tag?post=27718"}],"curies":[{"name":"wp","href":"https:\/\/api.w.org\/{rel}","templated":true}]}}