{"id":27710,"date":"2021-04-15T21:45:30","date_gmt":"2021-04-16T02:45:30","guid":{"rendered":"https:\/\/defabrica.com.mx\/defabrica\/?post_type=product&#038;p=27710"},"modified":"2023-01-28T12:43:06","modified_gmt":"2023-01-28T18:43:06","slug":"motocicleta-electrica-para-ninos-de-6-v-a-bateria-con-ruedas-de-entrenamiento-luces-musica-color-rojo","status":"publish","type":"product","link":"https:\/\/defabrica.com.mx\/defabrica\/producto\/motocicleta-electrica-para-ninos-de-6-v-a-bateria-con-ruedas-de-entrenamiento-luces-musica-color-rojo\/","title":{"rendered":"Motocicleta el\u00e9ctrica para ni\u00f1os de 6 V a bater\u00eda con ruedas de entrenamiento, luces, m\u00fasica, color rojo"},"content":{"rendered":"<p>&nbsp;<\/p>\n<ul>\n<li>ES HORA DE IR: la direcci\u00f3n sencilla le da a su hijo una sensaci\u00f3n de control del motor y le ayuda a aprender a conducir veh\u00edculos<\/li>\n<li>VELOCIDADES SEGURAS: su hijo puede disfrutar de un viaje divertido a hasta 2 mph para una experiencia de conducci\u00f3n perfecta<\/li>\n<li>ASPECTO Y SONIDOS REALISTAS: calcoman\u00edas coloridas con faros que funcionan y sonidos realistas que incluyen bocina, luz intermitente, encendido y m\u00fasica crean una experiencia interactiva.<\/li>\n<li>BATER\u00cdA RECARGABLE: Juega hasta 40 minutos y carga tu bater\u00eda recargable de 6V durante la noche con el cargador incluido, para que tu peque\u00f1o pueda jugar una y otra vez.<\/li>\n<li>CERTIFICADO Y SEGURO: Fabricado con materiales pl\u00e1sticos y cumple con las normas de seguridad federales de EE. UU. Para ASTM y CPSIA, para que pueda descansar tranquilo mientras su hijo juega con un veh\u00edculo que es seguro y divertido.<\/li>\n<\/ul>\n<p>&nbsp;<\/p>\n","protected":false},"excerpt":{"rendered":"<p>&nbsp; ES HORA DE IR: la direcci\u00f3n sencilla le da a su hijo una sensaci\u00f3n de control del motor y le ayuda a aprender a conducir veh\u00edculos VELOCIDADES SEGURAS: su<\/p>\n","protected":false},"featured_media":27714,"comment_status":"open","ping_status":"closed","template":"","meta":{"_acf_changed":false,"_joinchat":[]},"product_brand":[],"product_cat":[886,1097,1193],"product_tag":[],"class_list":{"0":"post-27710","1":"product","2":"type-product","3":"status-publish","4":"has-post-thumbnail","6":"product_cat-juguetesycoleccionables","7":"product_cat-juguetes","8":"product_cat-montables-y-control-remoto","10":"first","11":"instock","12":"sale","13":"shipping-taxable","14":"purchasable","15":"product-type-variable","16":"has-default-attributes"},"acf":[],"_links":{"self":[{"href":"https:\/\/defabrica.com.mx\/defabrica\/wp-json\/wp\/v2\/product\/27710","targetHints":{"allow":["GET"]}}],"collection":[{"href":"https:\/\/defabrica.com.mx\/defabrica\/wp-json\/wp\/v2\/product"}],"about":[{"href":"https:\/\/defabrica.com.mx\/defabrica\/wp-json\/wp\/v2\/types\/product"}],"replies":[{"embeddable":true,"href":"https:\/\/defabrica.com.mx\/defabrica\/wp-json\/wp\/v2\/comments?post=27710"}],"wp:featuredmedia":[{"embeddable":true,"href":"https:\/\/defabrica.com.mx\/defabrica\/wp-json\/wp\/v2\/media\/27714"}],"wp:attachment":[{"href":"https:\/\/defabrica.com.mx\/defabrica\/wp-json\/wp\/v2\/media?parent=27710"}],"wp:term":[{"taxonomy":"product_brand","embeddable":true,"href":"https:\/\/defabrica.com.mx\/defabrica\/wp-json\/wp\/v2\/product_brand?post=27710"},{"taxonomy":"product_cat","embeddable":true,"href":"https:\/\/defabrica.com.mx\/defabrica\/wp-json\/wp\/v2\/product_cat?post=27710"},{"taxonomy":"product_tag","embeddable":true,"href":"https:\/\/defabrica.com.mx\/defabrica\/wp-json\/wp\/v2\/product_tag?post=27710"}],"curies":[{"name":"wp","href":"https:\/\/api.w.org\/{rel}","templated":true}]}}