{"id":27705,"date":"2021-04-15T21:38:33","date_gmt":"2021-04-16T02:38:33","guid":{"rendered":"https:\/\/defabrica.com.mx\/defabrica\/?post_type=product&#038;p=27705"},"modified":"2022-12-01T15:51:37","modified_gmt":"2022-12-01T21:51:37","slug":"tractor-para-ninos-de-12-v-de-costway-con-cargador-de-tierra-para-remolque-con-control-remoto-y-luces-rojo","status":"publish","type":"product","link":"https:\/\/defabrica.com.mx\/defabrica\/producto\/tractor-para-ninos-de-12-v-de-costway-con-cargador-de-tierra-para-remolque-con-control-remoto-y-luces-rojo\/","title":{"rendered":"Tractor para ni\u00f1os de 12 V de Costway con cargador de tierra para remolque con control remoto y luces rojo"},"content":{"rendered":"<p>Este es nuestro tractor con remolque que no solo puede brindar diversi\u00f3n al conducir, sino que tambi\u00e9n puede transportar art\u00edculos peque\u00f1os, ejercitar el coraje y la coordinaci\u00f3n de operaciones de su hijo.<br \/>\nMientras tanto, viene con un control remoto de 2.4G que permite a los padres controlar la velocidad y la direcci\u00f3n del autom\u00f3vil, para liberar a los padres de la preocupaci\u00f3n por los ni\u00f1os.\u00a0Los ni\u00f1os tambi\u00e9n pueden moverse hacia adelante o hacia atr\u00e1s a alta o baja velocidad, mediante el interruptor correspondiente.\u00a0La m\u00fasica incorporada permitir\u00eda a los ni\u00f1os conducir en un ambiente relajado.\u00a0Tambi\u00e9n logra un equilibrio perfecto entre la seguridad y la comodidad, lo que puede reflejarse en el asiento ancho con cintur\u00f3n de seguridad, arranque y parada suaves, etc. Los materiales de seguridad y la certificaci\u00f3n ASTM no le dejan preocuparse por el uso de la confiabilidad.<\/p>\n","protected":false},"excerpt":{"rendered":"<p>Este es nuestro tractor con remolque que no solo puede brindar diversi\u00f3n al conducir, sino que tambi\u00e9n puede transportar art\u00edculos peque\u00f1os, ejercitar el coraje y la coordinaci\u00f3n de operaciones de<\/p>\n","protected":false},"featured_media":27708,"comment_status":"open","ping_status":"closed","template":"","meta":{"_acf_changed":false,"_joinchat":[]},"product_brand":[],"product_cat":[886,1097,1193],"product_tag":[],"class_list":{"0":"post-27705","1":"product","2":"type-product","3":"status-publish","4":"has-post-thumbnail","6":"product_cat-juguetesycoleccionables","7":"product_cat-juguetes","8":"product_cat-montables-y-control-remoto","10":"first","11":"instock","12":"sale","13":"shipping-taxable","14":"purchasable","15":"product-type-simple"},"acf":[],"_links":{"self":[{"href":"https:\/\/defabrica.com.mx\/defabrica\/wp-json\/wp\/v2\/product\/27705","targetHints":{"allow":["GET"]}}],"collection":[{"href":"https:\/\/defabrica.com.mx\/defabrica\/wp-json\/wp\/v2\/product"}],"about":[{"href":"https:\/\/defabrica.com.mx\/defabrica\/wp-json\/wp\/v2\/types\/product"}],"replies":[{"embeddable":true,"href":"https:\/\/defabrica.com.mx\/defabrica\/wp-json\/wp\/v2\/comments?post=27705"}],"wp:featuredmedia":[{"embeddable":true,"href":"https:\/\/defabrica.com.mx\/defabrica\/wp-json\/wp\/v2\/media\/27708"}],"wp:attachment":[{"href":"https:\/\/defabrica.com.mx\/defabrica\/wp-json\/wp\/v2\/media?parent=27705"}],"wp:term":[{"taxonomy":"product_brand","embeddable":true,"href":"https:\/\/defabrica.com.mx\/defabrica\/wp-json\/wp\/v2\/product_brand?post=27705"},{"taxonomy":"product_cat","embeddable":true,"href":"https:\/\/defabrica.com.mx\/defabrica\/wp-json\/wp\/v2\/product_cat?post=27705"},{"taxonomy":"product_tag","embeddable":true,"href":"https:\/\/defabrica.com.mx\/defabrica\/wp-json\/wp\/v2\/product_tag?post=27705"}],"curies":[{"name":"wp","href":"https:\/\/api.w.org\/{rel}","templated":true}]}}