{"id":27669,"date":"2021-04-15T21:22:30","date_gmt":"2021-04-16T02:22:30","guid":{"rendered":"https:\/\/defabrica.com.mx\/defabrica\/?post_type=product&#038;p=27669"},"modified":"2025-09-04T00:43:46","modified_gmt":"2025-09-04T06:43:46","slug":"gymax-electric-12v-ninos-ride-on-car-truck-control-para-padres-con-control-remoto-bluetooth-2-4-ghz-control-remoto","status":"publish","type":"product","link":"https:\/\/defabrica.com.mx\/defabrica\/producto\/gymax-electric-12v-ninos-ride-on-car-truck-control-para-padres-con-control-remoto-bluetooth-2-4-ghz-control-remoto\/","title":{"rendered":"Gymax Electric 12V ni\u00f1os Ride-on Car Truck Control para padres con control remoto Bluetooth 2.4 GHZ Control remoto"},"content":{"rendered":"<p>Sigues buscando una atractiva camioneta para montar en el garaje de tu hijo?\u00a0Ofrecemos un gran autom\u00f3vil fant\u00e1stico, que proporciona un estilo realista con algunas caracter\u00edsticas innovadoras para su peque\u00f1o.<br \/>\nNuestro autom\u00f3vil tiene un dise\u00f1o de dos modos que le permite pasar un rato agradable con su hijo, o permite que su hijo controle este autom\u00f3vil con el pedal sensible por s\u00ed mismo.\u00a0Su beb\u00e9 puede encontrar una manija f\u00e1cil de operar, un cintur\u00f3n de seguridad, puertas que se pueden abrir, luces de trabajo, espejos plegables, un reproductor MP3 de alta calidad y m\u00e1s en el autom\u00f3vil.<br \/>\nEste coche para montar le ayudar\u00e1 a mejorar la relaci\u00f3n con su hijo.<\/p>\n<p><b>Caracter\u00edsticas:<\/b><\/p>\n<ul>\n<li>Un modelo llamativo que hace que tu hijo sea genial<\/li>\n<li>Coche cami\u00f3n con asiento para montar, equipado con cintur\u00f3n de seguridad multipunto<\/li>\n<li>Control remoto parental de 2.4GHZ por bluetooth<\/li>\n<li>Manillar y pedal integrados controlados por su hijo<\/li>\n<li>Tecnolog\u00eda de carga de bater\u00eda inteligente con faros LED<\/li>\n<\/ul>\n<p>&nbsp;<\/p>\n","protected":false},"excerpt":{"rendered":"<p>Sigues buscando una atractiva camioneta para montar en el garaje de tu hijo?\u00a0Ofrecemos un gran autom\u00f3vil fant\u00e1stico, que proporciona un estilo realista con algunas caracter\u00edsticas innovadoras para su peque\u00f1o. Nuestro<\/p>\n","protected":false},"featured_media":27689,"comment_status":"open","ping_status":"closed","template":"","meta":{"_acf_changed":false,"_joinchat":[]},"product_brand":[],"product_cat":[1508,886,1097,1193],"product_tag":[],"class_list":{"0":"post-27669","1":"product","2":"type-product","3":"status-publish","4":"has-post-thumbnail","6":"product_cat-ofertas-primavera-juguetes","7":"product_cat-juguetesycoleccionables","8":"product_cat-juguetes","9":"product_cat-montables-y-control-remoto","11":"first","12":"instock","13":"sale","14":"shipping-taxable","15":"purchasable","16":"product-type-variable","17":"has-default-attributes"},"acf":[],"_links":{"self":[{"href":"https:\/\/defabrica.com.mx\/defabrica\/wp-json\/wp\/v2\/product\/27669","targetHints":{"allow":["GET"]}}],"collection":[{"href":"https:\/\/defabrica.com.mx\/defabrica\/wp-json\/wp\/v2\/product"}],"about":[{"href":"https:\/\/defabrica.com.mx\/defabrica\/wp-json\/wp\/v2\/types\/product"}],"replies":[{"embeddable":true,"href":"https:\/\/defabrica.com.mx\/defabrica\/wp-json\/wp\/v2\/comments?post=27669"}],"wp:featuredmedia":[{"embeddable":true,"href":"https:\/\/defabrica.com.mx\/defabrica\/wp-json\/wp\/v2\/media\/27689"}],"wp:attachment":[{"href":"https:\/\/defabrica.com.mx\/defabrica\/wp-json\/wp\/v2\/media?parent=27669"}],"wp:term":[{"taxonomy":"product_brand","embeddable":true,"href":"https:\/\/defabrica.com.mx\/defabrica\/wp-json\/wp\/v2\/product_brand?post=27669"},{"taxonomy":"product_cat","embeddable":true,"href":"https:\/\/defabrica.com.mx\/defabrica\/wp-json\/wp\/v2\/product_cat?post=27669"},{"taxonomy":"product_tag","embeddable":true,"href":"https:\/\/defabrica.com.mx\/defabrica\/wp-json\/wp\/v2\/product_tag?post=27669"}],"curies":[{"name":"wp","href":"https:\/\/api.w.org\/{rel}","templated":true}]}}