{"id":27644,"date":"2021-04-15T14:34:47","date_gmt":"2021-04-15T19:34:47","guid":{"rendered":"https:\/\/defabrica.com.mx\/defabrica\/?post_type=product&#038;p=27644"},"modified":"2023-01-26T15:31:56","modified_gmt":"2023-01-26T21:31:56","slug":"piscina-barco-pirata-inflable-summer-waves-con-centro-de-juegos","status":"publish","type":"product","link":"https:\/\/defabrica.com.mx\/defabrica\/producto\/piscina-barco-pirata-inflable-summer-waves-con-centro-de-juegos\/","title":{"rendered":"Piscina Barco pirata inflable Summer Waves con centro de Juegos."},"content":{"rendered":"<div class=\"about-desc about-product-description xs-margin-top\">\n<p>Convi\u00e9rtete en el capit\u00e1n del mar con el centro de juegos de barco pirata inflable Summer Waves.\u00a0Su hijo puede deslizarse por el tobog\u00e1n de agua inflable y refrescarse con el rociador de agua incorporado.\u00a0Tambi\u00e9n viene con tres anillos inflables como juguetes.\u00a0Con la v\u00e1lvula 2 en 1, este centro de juegos es extremadamente f\u00e1cil de configurar.\u00a0El rociador tambi\u00e9n se conecta a cualquier manguera de jard\u00edn est\u00e1ndar para su m\u00e1xima comodidad.\u00a0Simplemente conecte la manguera y observe c\u00f3mo sus hijos luchan contra el poderoso sol.Centro de juegos del barco pirata Summer Waves<\/p>\n<p>\u2022 Piscina inflable con tem\u00e1tica pirata y centro de juegos<\/p>\n<p>\u2022 Rociador de agua incorporado para mantener frescos a sus peque\u00f1os<\/p>\n<p>\u2022 Tobog\u00e1n de agua blanda s\u00faper divertido<\/p>\n<p>\u2022 Incluye juegos y juguetes inflables<\/p>\n<p>\u2022 Se conecta a una manguera de jard\u00edn est\u00e1ndar para una m\u00e1xima comodidad<\/p>\n<p>\u2022 V\u00e1lvula 2 en 1 para inflar \/ desinflar f\u00e1cilmente<\/p>\n<p>\u2022 Incluye tap\u00f3n de drenaje para facilitar el drenaje del agua<\/p>\n<p>\u2022 Tama\u00f1o inflado: 77 \u00abx 48\u00bb x 45 \u00ab(1,96 mx 1,22 mx 1,14 m)<\/p>\n<p>\u2022 Edad: 2+<\/p>\n<\/div>\n<div class=\"product-specifications\"><\/div>\n","protected":false},"excerpt":{"rendered":"<p>Convi\u00e9rtete en el capit\u00e1n del mar con el centro de juegos de barco pirata inflable Summer Waves.\u00a0Su hijo puede deslizarse por el tobog\u00e1n de agua inflable y refrescarse con el<\/p>\n","protected":false},"featured_media":27648,"comment_status":"open","ping_status":"closed","template":"","meta":{"_acf_changed":false,"_joinchat":[]},"product_brand":[],"product_cat":[886,1097,1198],"product_tag":[],"class_list":{"0":"post-27644","1":"product","2":"type-product","3":"status-publish","4":"has-post-thumbnail","6":"product_cat-juguetesycoleccionables","7":"product_cat-juguetes","8":"product_cat-albercas-y-juegos-de-jardin","10":"first","11":"instock","12":"sale","13":"shipping-taxable","14":"purchasable","15":"product-type-simple"},"acf":[],"_links":{"self":[{"href":"https:\/\/defabrica.com.mx\/defabrica\/wp-json\/wp\/v2\/product\/27644","targetHints":{"allow":["GET"]}}],"collection":[{"href":"https:\/\/defabrica.com.mx\/defabrica\/wp-json\/wp\/v2\/product"}],"about":[{"href":"https:\/\/defabrica.com.mx\/defabrica\/wp-json\/wp\/v2\/types\/product"}],"replies":[{"embeddable":true,"href":"https:\/\/defabrica.com.mx\/defabrica\/wp-json\/wp\/v2\/comments?post=27644"}],"wp:featuredmedia":[{"embeddable":true,"href":"https:\/\/defabrica.com.mx\/defabrica\/wp-json\/wp\/v2\/media\/27648"}],"wp:attachment":[{"href":"https:\/\/defabrica.com.mx\/defabrica\/wp-json\/wp\/v2\/media?parent=27644"}],"wp:term":[{"taxonomy":"product_brand","embeddable":true,"href":"https:\/\/defabrica.com.mx\/defabrica\/wp-json\/wp\/v2\/product_brand?post=27644"},{"taxonomy":"product_cat","embeddable":true,"href":"https:\/\/defabrica.com.mx\/defabrica\/wp-json\/wp\/v2\/product_cat?post=27644"},{"taxonomy":"product_tag","embeddable":true,"href":"https:\/\/defabrica.com.mx\/defabrica\/wp-json\/wp\/v2\/product_tag?post=27644"}],"curies":[{"name":"wp","href":"https:\/\/api.w.org\/{rel}","templated":true}]}}