{"id":27637,"date":"2021-04-15T14:28:40","date_gmt":"2021-04-15T19:28:40","guid":{"rendered":"https:\/\/defabrica.com.mx\/defabrica\/?post_type=product&#038;p=27637"},"modified":"2023-01-21T14:21:14","modified_gmt":"2023-01-21T20:21:14","slug":"intex-dinosaur-centro-de-juegos-inflable-98-pulgadas-x-75-pulgadas-x-43-pulgadas-para-edades-2-anos","status":"publish","type":"product","link":"https:\/\/defabrica.com.mx\/defabrica\/producto\/intex-dinosaur-centro-de-juegos-inflable-98-pulgadas-x-75-pulgadas-x-43-pulgadas-para-edades-2-anos\/","title":{"rendered":"Intex Dinosaur Centro de juegos inflable, 98 pulgadas x 75 pulgadas x 43 pulgadas, para edades 2+ a\u00f1os."},"content":{"rendered":"<p>Disfrute de la diversi\u00f3n bajo el sol en su propio jard\u00edn este verano con la piscina inflable para ni\u00f1os Intex.\u00a0Es ideal para los m\u00e1s peque\u00f1os de 2 a\u00f1os en adelante que quieran chapotear en agua poco profunda para refrescarse en el calor.\u00a0El Intex Dinosaur Play Center tiene colores brillantes y est\u00e1 lleno de extravagancias, con el tobog\u00e1n del volc\u00e1n a un lado y palmeras en todas partes.\u00a0Conecte una manguera al rociador de palmeras y a la cascada para disfrutar de momentos m\u00e1s frescos y emocionantes.\u00a0La piscina sobre el suelo tiene una alfombra de aterrizaje para un acolchado adicional para mantener a los ni\u00f1os m\u00e1s seguros y c\u00f3modos durante el juego.\u00a0La v\u00e1lvula de control facilita el ajuste del flujo de agua y la v\u00e1lvula de drenaje facilita la limpieza.\u00a0Esta piscina inflable para ni\u00f1os Intex incluso viene con un kit de parches de reparaci\u00f3n para reparar peque\u00f1as roturas o roturas, para que la diversi\u00f3n no se detenga.<br \/>\n<strong>Centro de juegos acu\u00e1ticos de dinosaurios inflables Intex:<\/strong><\/p>\n<ul>\n<li>Piscina infantil inflable con tem\u00e1tica de dinosaurios<\/li>\n<li>Conecte una manguera de jard\u00edn al Intex Dinosaur Play Center para mantener a los ni\u00f1os frescos y chapoteando con el rociador de palmeras y la cascada.<\/li>\n<li>El flujo de agua al rociador de palmeras y la cascada se ajusta con una v\u00e1lvula de control<\/li>\n<li>La altura del agua de la piscina es ideal para los ni\u00f1os m\u00e1s peque\u00f1os<\/li>\n<li>Pasos convenientes para un f\u00e1cil acceso<\/li>\n<li>Alfombra de aterrizaje para un acolchado adicional<\/li>\n<li>6 bolas incluidas<\/li>\n<li>Kit de parche de reparaci\u00f3n<\/li>\n<li>V\u00e1lvula de control para ajustar el flujo de agua<\/li>\n<li>Tap\u00f3n de drenaje en el piso de la piscina para facilitar el drenaje<\/li>\n<li>Altura de la pared de la piscina: 6.375 \u00ab<\/li>\n<li>Capacidad total de agua: 57 galones<\/li>\n<li>Material: PVC<\/li>\n<li>Edades recomendadas: 2 y m\u00e1s<\/li>\n<li>Capacidad de peso del usuario: 178 libras<\/li>\n<li>Dimensiones: 98 \u00abL x 75\u00bb W x 43 \u00abH<\/li>\n<li>Peso: 10 libras<\/li>\n<\/ul>\n","protected":false},"excerpt":{"rendered":"<p>Disfrute de la diversi\u00f3n bajo el sol en su propio jard\u00edn este verano con la piscina inflable para ni\u00f1os Intex.\u00a0Es ideal para los m\u00e1s peque\u00f1os de 2 a\u00f1os en adelante<\/p>\n","protected":false},"featured_media":27642,"comment_status":"open","ping_status":"closed","template":"","meta":{"_acf_changed":false,"_joinchat":[]},"product_brand":[],"product_cat":[886,1097,1198],"product_tag":[],"class_list":{"0":"post-27637","1":"product","2":"type-product","3":"status-publish","4":"has-post-thumbnail","6":"product_cat-juguetesycoleccionables","7":"product_cat-juguetes","8":"product_cat-albercas-y-juegos-de-jardin","10":"first","11":"instock","12":"sale","13":"shipping-taxable","14":"purchasable","15":"product-type-simple"},"acf":[],"_links":{"self":[{"href":"https:\/\/defabrica.com.mx\/defabrica\/wp-json\/wp\/v2\/product\/27637","targetHints":{"allow":["GET"]}}],"collection":[{"href":"https:\/\/defabrica.com.mx\/defabrica\/wp-json\/wp\/v2\/product"}],"about":[{"href":"https:\/\/defabrica.com.mx\/defabrica\/wp-json\/wp\/v2\/types\/product"}],"replies":[{"embeddable":true,"href":"https:\/\/defabrica.com.mx\/defabrica\/wp-json\/wp\/v2\/comments?post=27637"}],"wp:featuredmedia":[{"embeddable":true,"href":"https:\/\/defabrica.com.mx\/defabrica\/wp-json\/wp\/v2\/media\/27642"}],"wp:attachment":[{"href":"https:\/\/defabrica.com.mx\/defabrica\/wp-json\/wp\/v2\/media?parent=27637"}],"wp:term":[{"taxonomy":"product_brand","embeddable":true,"href":"https:\/\/defabrica.com.mx\/defabrica\/wp-json\/wp\/v2\/product_brand?post=27637"},{"taxonomy":"product_cat","embeddable":true,"href":"https:\/\/defabrica.com.mx\/defabrica\/wp-json\/wp\/v2\/product_cat?post=27637"},{"taxonomy":"product_tag","embeddable":true,"href":"https:\/\/defabrica.com.mx\/defabrica\/wp-json\/wp\/v2\/product_tag?post=27637"}],"curies":[{"name":"wp","href":"https:\/\/api.w.org\/{rel}","templated":true}]}}