{"id":27632,"date":"2021-04-15T14:23:23","date_gmt":"2021-04-15T19:23:23","guid":{"rendered":"https:\/\/defabrica.com.mx\/defabrica\/?post_type=product&#038;p=27632"},"modified":"2022-07-05T13:48:57","modified_gmt":"2022-07-05T18:48:57","slug":"nueva-fornite-rl-nerf-lanzador-de-agua-supersoaker","status":"publish","type":"product","link":"https:\/\/defabrica.com.mx\/defabrica\/producto\/nueva-fornite-rl-nerf-lanzador-de-agua-supersoaker\/","title":{"rendered":"Nueva Fortnite RL Nerf Lanzador de Agua Supersoaker"},"content":{"rendered":"<p>l soplador de agua Fortnite RL est\u00e1 inspirado en el lanzador utilizado en Fortnite Battle Royale, replicando el aspecto y los colores del lanzacohetes del popular videojuego! \u00a1Trae tus batallas de Fortnite al patio trasero y empapa la competencia con un ba\u00f1o extremo! Esta pistola de agua Nerf Super Soaker tiene capacidad para hasta 275 ml de agua. Es f\u00e1cil de llenar y f\u00e1cil de disparar. Sumerge la parte delantera en agua y tire hacia atr\u00e1s del mango para llenar el tanque, luego empuja el mango para enviar una enorme corriente a tus objetivos. Remoje a los oponentes con una torrencial de la pistola de agua Nerf Super Soaker Fortnite RL<\/p>\n<ul class=\"a-unordered-list a-vertical a-spacing-mini\">\n<li><span class=\"a-list-item\">El lanzador de agua Fortnite RL est\u00e1 inspirado en el arma usada en Fortnite y luce los colores y dise\u00f1o del que aparece en el popular videojuego<\/span><\/li>\n<li><span class=\"a-list-item\">Empapa a tus oponentes con el lanzador de agua Nerf Super Soaker Fortnite que tiene capacidad para 200 mL de agua<\/span><\/li>\n<li><span class=\"a-list-item\">Sumerge la punta del lanzador en agua y jala el mango para llenar el tanque, luego empuja el mango para lanzar un enorme chorro de agua a tus objetivos<\/span><\/li>\n<\/ul>\n","protected":false},"excerpt":{"rendered":"<p>l soplador de agua Fortnite RL est\u00e1 inspirado en el lanzador utilizado en Fortnite Battle Royale, replicando el aspecto y los colores del lanzacohetes del popular videojuego! \u00a1Trae tus batallas<\/p>\n","protected":false},"featured_media":27635,"comment_status":"open","ping_status":"closed","template":"","meta":{"_acf_changed":false,"_joinchat":[]},"product_brand":[],"product_cat":[886,1097,1190],"product_tag":[],"class_list":{"0":"post-27632","1":"product","2":"type-product","3":"status-publish","4":"has-post-thumbnail","6":"product_cat-juguetesycoleccionables","7":"product_cat-juguetes","8":"product_cat-lanzadores","10":"first","11":"instock","12":"sale","13":"shipping-taxable","14":"purchasable","15":"product-type-simple"},"acf":[],"_links":{"self":[{"href":"https:\/\/defabrica.com.mx\/defabrica\/wp-json\/wp\/v2\/product\/27632","targetHints":{"allow":["GET"]}}],"collection":[{"href":"https:\/\/defabrica.com.mx\/defabrica\/wp-json\/wp\/v2\/product"}],"about":[{"href":"https:\/\/defabrica.com.mx\/defabrica\/wp-json\/wp\/v2\/types\/product"}],"replies":[{"embeddable":true,"href":"https:\/\/defabrica.com.mx\/defabrica\/wp-json\/wp\/v2\/comments?post=27632"}],"wp:featuredmedia":[{"embeddable":true,"href":"https:\/\/defabrica.com.mx\/defabrica\/wp-json\/wp\/v2\/media\/27635"}],"wp:attachment":[{"href":"https:\/\/defabrica.com.mx\/defabrica\/wp-json\/wp\/v2\/media?parent=27632"}],"wp:term":[{"taxonomy":"product_brand","embeddable":true,"href":"https:\/\/defabrica.com.mx\/defabrica\/wp-json\/wp\/v2\/product_brand?post=27632"},{"taxonomy":"product_cat","embeddable":true,"href":"https:\/\/defabrica.com.mx\/defabrica\/wp-json\/wp\/v2\/product_cat?post=27632"},{"taxonomy":"product_tag","embeddable":true,"href":"https:\/\/defabrica.com.mx\/defabrica\/wp-json\/wp\/v2\/product_tag?post=27632"}],"curies":[{"name":"wp","href":"https:\/\/api.w.org\/{rel}","templated":true}]}}