{"id":27622,"date":"2021-04-15T14:19:21","date_gmt":"2021-04-15T19:19:21","guid":{"rendered":"https:\/\/defabrica.com.mx\/defabrica\/?post_type=product&#038;p=27622"},"modified":"2023-01-22T13:50:29","modified_gmt":"2023-01-22T19:50:29","slug":"nueva-nerf-super-soaker-fortnite-ts-r-batalla-campal","status":"publish","type":"product","link":"https:\/\/defabrica.com.mx\/defabrica\/producto\/nueva-nerf-super-soaker-fortnite-ts-r-batalla-campal\/","title":{"rendered":"Nueva Nerf Super Soaker Fortnite TS-R Batalla Campal"},"content":{"rendered":"<p>\u00a1Extienda la fantas\u00eda de Fortnite en el patio trasero y empape la competencia con el empapamiento de acci\u00f3n de bomba! Este lanzador de agua Nerf Super Soaker tiene capacidad para hasta 30 onzas (1 litro) de agua. Es f\u00e1cil de llenar y f\u00e1cil de disparar. Abre la tapa para llenar el tanque, luego mueve el mango de la bomba hacia adelante y hacia atr\u00e1s para abrumar a los oponentes con olas masivas de agua. Etiqueta a los oponentes con una poderosa tormenta de la pistola de agua Nerf Super Soaker Fortnite TS-R!<\/p>\n<ul class=\"a-unordered-list a-vertical a-spacing-mini\">\n<li><span class=\"a-list-item\">El lanzador de agua TS-R est\u00e1 inspirado en el arma usada en el videojuego Batalla Campal de Fortnite y luce los colores y dise\u00f1o del que aparece en el popular videojuego<\/span><\/li>\n<li><span class=\"a-list-item\">Bombea y empapa a tus oponentes con el lanzador de agua Nerf Super Soaker Fortnite que tiene capacidad para 1 mL de agua<\/span><\/li>\n<li><span class=\"a-list-item\">Abre la tapa y llena el tanque, luego bombea el mango hacia atr\u00e1s y adelante para empapar a tus objetivos con olas de agua<\/span><\/li>\n<\/ul>\n","protected":false},"excerpt":{"rendered":"<p>\u00a1Extienda la fantas\u00eda de Fortnite en el patio trasero y empape la competencia con el empapamiento de acci\u00f3n de bomba! Este lanzador de agua Nerf Super Soaker tiene capacidad para<\/p>\n","protected":false},"featured_media":27630,"comment_status":"open","ping_status":"closed","template":"","meta":{"_acf_changed":false,"_joinchat":[]},"product_brand":[],"product_cat":[886,1097,1190],"product_tag":[],"class_list":{"0":"post-27622","1":"product","2":"type-product","3":"status-publish","4":"has-post-thumbnail","6":"product_cat-juguetesycoleccionables","7":"product_cat-juguetes","8":"product_cat-lanzadores","10":"first","11":"instock","12":"sale","13":"shipping-taxable","14":"purchasable","15":"product-type-simple"},"acf":[],"_links":{"self":[{"href":"https:\/\/defabrica.com.mx\/defabrica\/wp-json\/wp\/v2\/product\/27622","targetHints":{"allow":["GET"]}}],"collection":[{"href":"https:\/\/defabrica.com.mx\/defabrica\/wp-json\/wp\/v2\/product"}],"about":[{"href":"https:\/\/defabrica.com.mx\/defabrica\/wp-json\/wp\/v2\/types\/product"}],"replies":[{"embeddable":true,"href":"https:\/\/defabrica.com.mx\/defabrica\/wp-json\/wp\/v2\/comments?post=27622"}],"wp:featuredmedia":[{"embeddable":true,"href":"https:\/\/defabrica.com.mx\/defabrica\/wp-json\/wp\/v2\/media\/27630"}],"wp:attachment":[{"href":"https:\/\/defabrica.com.mx\/defabrica\/wp-json\/wp\/v2\/media?parent=27622"}],"wp:term":[{"taxonomy":"product_brand","embeddable":true,"href":"https:\/\/defabrica.com.mx\/defabrica\/wp-json\/wp\/v2\/product_brand?post=27622"},{"taxonomy":"product_cat","embeddable":true,"href":"https:\/\/defabrica.com.mx\/defabrica\/wp-json\/wp\/v2\/product_cat?post=27622"},{"taxonomy":"product_tag","embeddable":true,"href":"https:\/\/defabrica.com.mx\/defabrica\/wp-json\/wp\/v2\/product_tag?post=27622"}],"curies":[{"name":"wp","href":"https:\/\/api.w.org\/{rel}","templated":true}]}}