{"id":27613,"date":"2021-04-15T14:12:09","date_gmt":"2021-04-15T19:12:09","guid":{"rendered":"https:\/\/defabrica.com.mx\/defabrica\/?post_type=product&#038;p=27613"},"modified":"2023-01-26T15:27:50","modified_gmt":"2023-01-26T21:27:50","slug":"4-pack-pistolas-de-agua-rojo-fuego-prextex-rellenables","status":"publish","type":"product","link":"https:\/\/defabrica.com.mx\/defabrica\/producto\/4-pack-pistolas-de-agua-rojo-fuego-prextex-rellenables\/","title":{"rendered":"4 pack &#8211; Pistolas de agua rojo fuego Prextex Rellenables."},"content":{"rendered":"<p>\u00a1Excelentes pistolas de agua para horas de diversi\u00f3n de lucha acu\u00e1tica!\u00a0El juego incluye: 4 pistolas de agua de pl\u00e1stico duro f\u00e1ciles de usar con compartimento de llenado de agua y sistema de acci\u00f3n de bomba.\u00a0\u00a1Llene, bombee y arroje agua en una sola corriente de hasta 25 pies!\u00a0\u00a1Estos tiradores de agua son multiusos!\u00a0Ideal para usar en fiestas tem\u00e1ticas acu\u00e1ticas, juguetes divertidos para la playa, juguetes para la piscina, juguetes de refrigeraci\u00f3n perfectos en un caluroso d\u00eda de verano.\u00a0\u00a1Observe a sus hijos disfrutar de un mont\u00f3n de diversi\u00f3n acu\u00e1tica mientras retozan bajo el sol!\u00a0Pistolas de chorro de agua de pl\u00e1stico para combatir el agua, piscina de verano, juguete de playa para ni\u00f1os, paquete de 4<\/p>\n<p>Pistolas de chorro de agua de pl\u00e1stico para combatir el agua, piscina de verano, juguete de playa para ni\u00f1os.<\/p>\n<p><strong>Paquete de 4<\/strong><\/p>\n","protected":false},"excerpt":{"rendered":"<p>\u00a1Excelentes pistolas de agua para horas de diversi\u00f3n de lucha acu\u00e1tica!\u00a0El juego incluye: 4 pistolas de agua de pl\u00e1stico duro f\u00e1ciles de usar con compartimento de llenado de agua y<\/p>\n","protected":false},"featured_media":27615,"comment_status":"open","ping_status":"closed","template":"","meta":{"_acf_changed":false,"_joinchat":[]},"product_brand":[],"product_cat":[886,1097,1190],"product_tag":[],"class_list":{"0":"post-27613","1":"product","2":"type-product","3":"status-publish","4":"has-post-thumbnail","6":"product_cat-juguetesycoleccionables","7":"product_cat-juguetes","8":"product_cat-lanzadores","10":"first","11":"instock","12":"sale","13":"shipping-taxable","14":"purchasable","15":"product-type-simple"},"acf":[],"_links":{"self":[{"href":"https:\/\/defabrica.com.mx\/defabrica\/wp-json\/wp\/v2\/product\/27613","targetHints":{"allow":["GET"]}}],"collection":[{"href":"https:\/\/defabrica.com.mx\/defabrica\/wp-json\/wp\/v2\/product"}],"about":[{"href":"https:\/\/defabrica.com.mx\/defabrica\/wp-json\/wp\/v2\/types\/product"}],"replies":[{"embeddable":true,"href":"https:\/\/defabrica.com.mx\/defabrica\/wp-json\/wp\/v2\/comments?post=27613"}],"wp:featuredmedia":[{"embeddable":true,"href":"https:\/\/defabrica.com.mx\/defabrica\/wp-json\/wp\/v2\/media\/27615"}],"wp:attachment":[{"href":"https:\/\/defabrica.com.mx\/defabrica\/wp-json\/wp\/v2\/media?parent=27613"}],"wp:term":[{"taxonomy":"product_brand","embeddable":true,"href":"https:\/\/defabrica.com.mx\/defabrica\/wp-json\/wp\/v2\/product_brand?post=27613"},{"taxonomy":"product_cat","embeddable":true,"href":"https:\/\/defabrica.com.mx\/defabrica\/wp-json\/wp\/v2\/product_cat?post=27613"},{"taxonomy":"product_tag","embeddable":true,"href":"https:\/\/defabrica.com.mx\/defabrica\/wp-json\/wp\/v2\/product_tag?post=27613"}],"curies":[{"name":"wp","href":"https:\/\/api.w.org\/{rel}","templated":true}]}}