{"id":27605,"date":"2021-04-15T14:05:51","date_gmt":"2021-04-15T19:05:51","guid":{"rendered":"https:\/\/defabrica.com.mx\/defabrica\/?post_type=product&#038;p=27605"},"modified":"2022-12-06T13:54:07","modified_gmt":"2022-12-06T19:54:07","slug":"bombero-mochila-pistola-de-agua-blaster-con-sombrero-de-fuego","status":"publish","type":"product","link":"https:\/\/defabrica.com.mx\/defabrica\/producto\/bombero-mochila-pistola-de-agua-blaster-con-sombrero-de-fuego\/","title":{"rendered":"Bombero Mochila Pistola de agua Blaster con sombrero de fuego."},"content":{"rendered":"<div class=\"about-desc about-product-description xs-margin-top\">\u00a1Bombero al rescate\u2026!\u00a0Prextex Fireman Backpack Water Gun Blaster es ideal para ni\u00f1os en un caluroso d\u00eda de verano.\u00a0Llene el tanque una vez y disfrute de una gran cantidad de pulverizaci\u00f3n sin tener que volver a llenar el tanque una y otra vez.\u00a0El paquete incluye: 1 pistola de agua de mochila de bombero con una distancia de disparo de agua de hasta 9 metros y 1 sombrero de fuego de pl\u00e1stico realista.\u00a0\u00a1Ideal para la hora del ba\u00f1o, diversi\u00f3n en la playa, diversi\u00f3n en la piscina o para cualquier actividad de verano al aire libre! Prextex Mochila de bombero Pistola de agua con sombrero de fuego &#8211; Pistola de agua Juguete de playa y Juguete de deportes al aire librePrextex Mochila de bombero Pistola de agua con sombrero de fuego &#8211; Pistola de agua Juguete de playa y juguete deportivo al aire libre<\/div>\n<div class=\"product-specifications\"><\/div>\n","protected":false},"excerpt":{"rendered":"<p>\u00a1Bombero al rescate\u2026!\u00a0Prextex Fireman Backpack Water Gun Blaster es ideal para ni\u00f1os en un caluroso d\u00eda de verano.\u00a0Llene el tanque una vez y disfrute de una gran cantidad de pulverizaci\u00f3n<\/p>\n","protected":false},"featured_media":27607,"comment_status":"open","ping_status":"closed","template":"","meta":{"_acf_changed":false,"_joinchat":[]},"product_brand":[],"product_cat":[886,1097,1190],"product_tag":[],"class_list":{"0":"post-27605","1":"product","2":"type-product","3":"status-publish","4":"has-post-thumbnail","6":"product_cat-juguetesycoleccionables","7":"product_cat-juguetes","8":"product_cat-lanzadores","10":"first","11":"instock","12":"sale","13":"shipping-taxable","14":"purchasable","15":"product-type-simple"},"acf":[],"_links":{"self":[{"href":"https:\/\/defabrica.com.mx\/defabrica\/wp-json\/wp\/v2\/product\/27605","targetHints":{"allow":["GET"]}}],"collection":[{"href":"https:\/\/defabrica.com.mx\/defabrica\/wp-json\/wp\/v2\/product"}],"about":[{"href":"https:\/\/defabrica.com.mx\/defabrica\/wp-json\/wp\/v2\/types\/product"}],"replies":[{"embeddable":true,"href":"https:\/\/defabrica.com.mx\/defabrica\/wp-json\/wp\/v2\/comments?post=27605"}],"wp:featuredmedia":[{"embeddable":true,"href":"https:\/\/defabrica.com.mx\/defabrica\/wp-json\/wp\/v2\/media\/27607"}],"wp:attachment":[{"href":"https:\/\/defabrica.com.mx\/defabrica\/wp-json\/wp\/v2\/media?parent=27605"}],"wp:term":[{"taxonomy":"product_brand","embeddable":true,"href":"https:\/\/defabrica.com.mx\/defabrica\/wp-json\/wp\/v2\/product_brand?post=27605"},{"taxonomy":"product_cat","embeddable":true,"href":"https:\/\/defabrica.com.mx\/defabrica\/wp-json\/wp\/v2\/product_cat?post=27605"},{"taxonomy":"product_tag","embeddable":true,"href":"https:\/\/defabrica.com.mx\/defabrica\/wp-json\/wp\/v2\/product_tag?post=27605"}],"curies":[{"name":"wp","href":"https:\/\/api.w.org\/{rel}","templated":true}]}}