{"id":27595,"date":"2021-04-15T13:58:09","date_gmt":"2021-04-15T18:58:09","guid":{"rendered":"https:\/\/defabrica.com.mx\/defabrica\/?post_type=product&#038;p=27595"},"modified":"2023-01-26T15:26:23","modified_gmt":"2023-01-26T21:26:23","slug":"potencia-en-tus-manos-adventure-force-tsunami-drencher-bomba-de-agua-blaster","status":"publish","type":"product","link":"https:\/\/defabrica.com.mx\/defabrica\/producto\/potencia-en-tus-manos-adventure-force-tsunami-drencher-bomba-de-agua-blaster\/","title":{"rendered":"Potencia en tus manos Adventure Force Tsunami Drencher Bomba de agua Blaster"},"content":{"rendered":"<p>Adventure Force Tsunami Drencher de Buzz Bee Toys es un lanzador de agua de larga distancia que dispara agua y alcanza objetivos a 51 pies de distancia.\u00a0Es f\u00e1cil de usar: simplemente llene el tanque con agua y bombee el mango y estar\u00e1 listo para empapar a su competencia de cerca y de lejos.\u00a0Este lanzador de agua cuenta con colores brillantes para horas de diversi\u00f3n.\u00a0Sum\u00e9rjase en la diversi\u00f3n y en los dem\u00e1s con el desintegrador de agua de larga distancia Adventure Force Tsunami Drencher.<\/p>\n<p>Adventure Force Tsunami Drencher Power Pump Water Blaster \u2022 Lanzador de agua de larga distancia \u2022 Simplemente llene el tanque con agua y bombee el mango y estar\u00e1 listo para empapar a su competencia cerca y lejos \u2022 El lanzador de agua dispara una r\u00e1faga de agua de larga distancia hasta 51 pies de distancia \u2022 Excelente para parques, piscinas y playas \u2022 Sum\u00e9rjase en la diversi\u00f3n y en los dem\u00e1s \u2022 Viene en colores brillantes para horas de acci\u00f3n de chorro de agua \u2022 Recomendado para ni\u00f1os de 8 a\u00f1os en adelante<\/p>\n","protected":false},"excerpt":{"rendered":"<p>Adventure Force Tsunami Drencher de Buzz Bee Toys es un lanzador de agua de larga distancia que dispara agua y alcanza objetivos a 51 pies de distancia.\u00a0Es f\u00e1cil de usar:<\/p>\n","protected":false},"featured_media":27603,"comment_status":"open","ping_status":"closed","template":"","meta":{"_acf_changed":false,"_joinchat":[]},"product_brand":[],"product_cat":[886,1097,1190],"product_tag":[],"class_list":{"0":"post-27595","1":"product","2":"type-product","3":"status-publish","4":"has-post-thumbnail","6":"product_cat-juguetesycoleccionables","7":"product_cat-juguetes","8":"product_cat-lanzadores","10":"first","11":"outofstock","12":"sale","13":"shipping-taxable","14":"purchasable","15":"product-type-simple"},"acf":[],"_links":{"self":[{"href":"https:\/\/defabrica.com.mx\/defabrica\/wp-json\/wp\/v2\/product\/27595","targetHints":{"allow":["GET"]}}],"collection":[{"href":"https:\/\/defabrica.com.mx\/defabrica\/wp-json\/wp\/v2\/product"}],"about":[{"href":"https:\/\/defabrica.com.mx\/defabrica\/wp-json\/wp\/v2\/types\/product"}],"replies":[{"embeddable":true,"href":"https:\/\/defabrica.com.mx\/defabrica\/wp-json\/wp\/v2\/comments?post=27595"}],"wp:featuredmedia":[{"embeddable":true,"href":"https:\/\/defabrica.com.mx\/defabrica\/wp-json\/wp\/v2\/media\/27603"}],"wp:attachment":[{"href":"https:\/\/defabrica.com.mx\/defabrica\/wp-json\/wp\/v2\/media?parent=27595"}],"wp:term":[{"taxonomy":"product_brand","embeddable":true,"href":"https:\/\/defabrica.com.mx\/defabrica\/wp-json\/wp\/v2\/product_brand?post=27595"},{"taxonomy":"product_cat","embeddable":true,"href":"https:\/\/defabrica.com.mx\/defabrica\/wp-json\/wp\/v2\/product_cat?post=27595"},{"taxonomy":"product_tag","embeddable":true,"href":"https:\/\/defabrica.com.mx\/defabrica\/wp-json\/wp\/v2\/product_tag?post=27595"}],"curies":[{"name":"wp","href":"https:\/\/api.w.org\/{rel}","templated":true}]}}