{"id":26952,"date":"2021-03-09T21:38:26","date_gmt":"2021-03-10T03:38:26","guid":{"rendered":"https:\/\/defabrica.com.mx\/defabrica\/?post_type=product&#038;p=26952"},"modified":"2023-01-22T13:49:52","modified_gmt":"2023-01-22T19:49:52","slug":"control-inalambrico-xbox-pulse-red-standard-edition","status":"publish","type":"product","link":"https:\/\/defabrica.com.mx\/defabrica\/producto\/control-inalambrico-xbox-pulse-red-standard-edition\/","title":{"rendered":"Control Inal\u00e1mbrico Xbox\u2013 Pulse Red &#8211; Standard Edition"},"content":{"rendered":"<div id=\"featurebullets_feature_div\" class=\"celwidget\" data-feature-name=\"featurebullets\" data-csa-c-id=\"6bc17r-le5d9-xchiah-qew2fe\" data-cel-widget=\"featurebullets_feature_div\">\n<div id=\"feature-bullets\" class=\"a-section a-spacing-medium a-spacing-top-small\">\n<ul class=\"a-unordered-list a-vertical a-spacing-mini\">\n<li><span class=\"a-list-item\">Vive la experiencia del dise\u00f1o modernizado del Control Inal\u00e1mbrico de Xbox, Pulse Red, con superficies esculpidas y una geometr\u00eda refinada para una mayor comodidad durante el juego con una duraci\u00f3n de la bater\u00eda de hasta 40 horas.*<\/span><\/li>\n<li><span class=\"a-list-item\">Mant\u00e9n siempre tu objetivo con el pad direccional h\u00edbrido y el agarre texturizado en los gatillos, en los botones superiores y en la carcasa trasera. Conecta cualquier auricular compatible con la entrada de audio est\u00e9reo de 3.5 mm.<\/span><\/li>\n<li><span class=\"a-list-item\">Con\u00e9ctate usando el puerto USB-C para conectarte y jugar directamente a la consola o PC. El soporte para las pilas AA est\u00e1 incluido en la parte trasera.<\/span><\/li>\n<li><span class=\"a-list-item\">Captura y comparte contenido sin dificultad con el nuevo bot\u00f3n para Compartir. Apr\u00f3piate del control personalizando la asignaci\u00f3n de botones con la aplicaci\u00f3n Accesorios de Xbox.*<\/span><\/li>\n<li><span class=\"a-list-item\">Incluye tecnolog\u00eda Xbox Wireless y Bluetooth para juegos inal\u00e1mbricos en consolas compatibles, PC con Windows 10, tel\u00e9fonos Android y tablets.* La compatibilidad con iOS estar\u00e1 disponible en el futuro.<\/span><\/li>\n<\/ul>\n<\/div>\n<\/div>\n<div id=\"vendorPoweredCoupon_feature_div\" class=\"celwidget\" data-feature-name=\"vendorPoweredCoupon\" data-csa-c-id=\"kpmjf5-8a16wk-fqlyqq-h53whf\" data-cel-widget=\"vendorPoweredCoupon_feature_div\"><\/div>\n<div id=\"addOnItem_feature_div\" class=\"celwidget\" data-feature-name=\"addOnItem\" data-csa-c-id=\"1vfql8-1ch4ss-52bi01-dum7jm\" data-cel-widget=\"addOnItem_feature_div\"><\/div>\n<div id=\"giftcard-holiday-availability-messaging_feature_div\" class=\"celwidget\" data-feature-name=\"giftCardHolidayAvailabilityMessaging\" data-csa-c-id=\"pqolnr-n75xv0-4hlfem-ixtogh\" data-cel-widget=\"giftcard-holiday-availability-messaging_feature_div\"><\/div>\n<div id=\"andonCord_feature_div\" class=\"celwidget\" data-feature-name=\"andonCord\" data-csa-c-id=\"jeyf62-6pdprw-mr1ons-ara9cv\" data-cel-widget=\"andonCord_feature_div\"><\/div>\n<div id=\"olp_feature_div\" class=\"celwidget\" data-feature-name=\"olp\" data-csa-c-id=\"tegj46-uarf4r-7xovrl-10gdlw\" data-cel-widget=\"olp_feature_div\"><\/div>\n","protected":false},"excerpt":{"rendered":"<p>Vive la experiencia del dise\u00f1o modernizado del Control Inal\u00e1mbrico de Xbox, Pulse Red, con superficies esculpidas y una geometr\u00eda refinada para una mayor comodidad durante el juego con una duraci\u00f3n<\/p>\n","protected":false},"featured_media":26958,"comment_status":"open","ping_status":"closed","template":"","meta":{"_acf_changed":false,"_joinchat":[]},"product_brand":[],"product_cat":[1203,277,282,437,441],"product_tag":[],"class_list":{"0":"post-26952","1":"product","2":"type-product","3":"status-publish","4":"has-post-thumbnail","6":"product_cat-zona-gamer_redirect","7":"product_cat-zona-gamer","8":"product_cat-accesorios-gamers","9":"product_cat-controles-gamer","10":"product_cat-todos-los-accesorios-gamer","12":"first","13":"instock","14":"sale","15":"shipping-taxable","16":"purchasable","17":"product-type-simple"},"acf":[],"_links":{"self":[{"href":"https:\/\/defabrica.com.mx\/defabrica\/wp-json\/wp\/v2\/product\/26952","targetHints":{"allow":["GET"]}}],"collection":[{"href":"https:\/\/defabrica.com.mx\/defabrica\/wp-json\/wp\/v2\/product"}],"about":[{"href":"https:\/\/defabrica.com.mx\/defabrica\/wp-json\/wp\/v2\/types\/product"}],"replies":[{"embeddable":true,"href":"https:\/\/defabrica.com.mx\/defabrica\/wp-json\/wp\/v2\/comments?post=26952"}],"wp:featuredmedia":[{"embeddable":true,"href":"https:\/\/defabrica.com.mx\/defabrica\/wp-json\/wp\/v2\/media\/26958"}],"wp:attachment":[{"href":"https:\/\/defabrica.com.mx\/defabrica\/wp-json\/wp\/v2\/media?parent=26952"}],"wp:term":[{"taxonomy":"product_brand","embeddable":true,"href":"https:\/\/defabrica.com.mx\/defabrica\/wp-json\/wp\/v2\/product_brand?post=26952"},{"taxonomy":"product_cat","embeddable":true,"href":"https:\/\/defabrica.com.mx\/defabrica\/wp-json\/wp\/v2\/product_cat?post=26952"},{"taxonomy":"product_tag","embeddable":true,"href":"https:\/\/defabrica.com.mx\/defabrica\/wp-json\/wp\/v2\/product_tag?post=26952"}],"curies":[{"name":"wp","href":"https:\/\/api.w.org\/{rel}","templated":true}]}}