{"id":26810,"date":"2021-03-07T17:54:19","date_gmt":"2021-03-07T23:54:19","guid":{"rendered":"https:\/\/defabrica.com.mx\/defabrica\/?post_type=product&#038;p=26810"},"modified":"2022-12-01T15:55:28","modified_gmt":"2022-12-01T21:55:28","slug":"nkok-bob-esponja-squarepants-rc-krabby-patty","status":"publish","type":"product","link":"https:\/\/defabrica.com.mx\/defabrica\/producto\/nkok-bob-esponja-squarepants-rc-krabby-patty\/","title":{"rendered":"NKOK Bob Esponja SquarePants RC Krabby Patty"},"content":{"rendered":"<p>El NKOK Bob Esponja SquarePants RC Krabby Patty con Bob Esponja es una opci\u00f3n divertida para un fan de la popular serie. Tiene un dise\u00f1o vibrante que incluye un personaje muy detallado e incorpora luces de trabajo reales en la parte delantera. Este veh\u00edculo con mando a distancia de Bob Esponja Krabby Patty va hacia adelante y hacia atr\u00e1s, hace girar a la izquierda y a la derecha y se detiene r\u00e1pidamente. Los neum\u00e1ticos de goma y la alineaci\u00f3n ajustable de la rueda delantera proporcionan un mayor control en superficies duras.<\/p>\n<p>Cuenta con un bonito detalle de Bob Esponja y funciones de control completo RC con funciones delanteras, inversas, izquierda y derecha y funci\u00f3n de parada. Luces de trabajo reales. Neum\u00e1ticos de goma y alineaci\u00f3n delantera ajustable para un mejor control. Rango de edad: 6 a\u00f1os en adelante.<\/p>\n<ul class=\"a-unordered-list a-vertical a-spacing-mini\">\n<li><span class=\"a-list-item\">Control por radio.<\/span><\/li>\n<li><span class=\"a-list-item\">Luces de trabajo<\/span><\/li>\n<li><span class=\"a-list-item\">Se mueve hacia adelante y hacia atr\u00e1s.<\/span><\/li>\n<li><span class=\"a-list-item\">Veh\u00edculo RC de funci\u00f3n completa.<\/span><\/li>\n<li><span class=\"a-list-item\">Cuenta con faros delanteros de trabajo.<\/span><\/li>\n<li><span class=\"a-list-item\">Producto autorizado.<\/span><\/li>\n<li><span class=\"a-list-item\">Funciona con 6 pilas AA.<\/span><\/li>\n<\/ul>\n","protected":false},"excerpt":{"rendered":"<p>El NKOK Bob Esponja SquarePants RC Krabby Patty con Bob Esponja es una opci\u00f3n divertida para un fan de la popular serie. Tiene un dise\u00f1o vibrante que incluye un personaje<\/p>\n","protected":false},"featured_media":26813,"comment_status":"open","ping_status":"closed","template":"","meta":{"_acf_changed":false,"_joinchat":[]},"product_brand":[],"product_cat":[886,1097,1195],"product_tag":[],"class_list":{"0":"post-26810","1":"product","2":"type-product","3":"status-publish","4":"has-post-thumbnail","6":"product_cat-juguetesycoleccionables","7":"product_cat-juguetes","8":"product_cat-carritos-y-pistas","10":"first","11":"instock","12":"sale","13":"shipping-taxable","14":"purchasable","15":"product-type-simple"},"acf":[],"_links":{"self":[{"href":"https:\/\/defabrica.com.mx\/defabrica\/wp-json\/wp\/v2\/product\/26810","targetHints":{"allow":["GET"]}}],"collection":[{"href":"https:\/\/defabrica.com.mx\/defabrica\/wp-json\/wp\/v2\/product"}],"about":[{"href":"https:\/\/defabrica.com.mx\/defabrica\/wp-json\/wp\/v2\/types\/product"}],"replies":[{"embeddable":true,"href":"https:\/\/defabrica.com.mx\/defabrica\/wp-json\/wp\/v2\/comments?post=26810"}],"wp:featuredmedia":[{"embeddable":true,"href":"https:\/\/defabrica.com.mx\/defabrica\/wp-json\/wp\/v2\/media\/26813"}],"wp:attachment":[{"href":"https:\/\/defabrica.com.mx\/defabrica\/wp-json\/wp\/v2\/media?parent=26810"}],"wp:term":[{"taxonomy":"product_brand","embeddable":true,"href":"https:\/\/defabrica.com.mx\/defabrica\/wp-json\/wp\/v2\/product_brand?post=26810"},{"taxonomy":"product_cat","embeddable":true,"href":"https:\/\/defabrica.com.mx\/defabrica\/wp-json\/wp\/v2\/product_cat?post=26810"},{"taxonomy":"product_tag","embeddable":true,"href":"https:\/\/defabrica.com.mx\/defabrica\/wp-json\/wp\/v2\/product_tag?post=26810"}],"curies":[{"name":"wp","href":"https:\/\/api.w.org\/{rel}","templated":true}]}}