{"id":26800,"date":"2021-03-07T17:41:43","date_gmt":"2021-03-07T23:41:43","guid":{"rendered":"https:\/\/defabrica.com.mx\/defabrica\/?post_type=product&#038;p=26800"},"modified":"2022-12-01T15:56:19","modified_gmt":"2022-12-01T21:56:19","slug":"scooter-de-mickey-mouse","status":"publish","type":"product","link":"https:\/\/defabrica.com.mx\/defabrica\/producto\/scooter-de-mickey-mouse\/","title":{"rendered":"Scooter de Mickey Mouse"},"content":{"rendered":"<div class=\"about-desc about-product-description xs-margin-top\">\u00a1Activa el tiempo de juego con el patinete Happy Helpers de Disney Mickey Mouse de 6 voltios con Sidecar Ride-On de Kid Trax!\u00a0Este adorable juego de ruedas el\u00e9ctricas es perfecto para los fan\u00e1ticos de Mickey, Donald, Goofy y Pluto.\u00a0A los peque\u00f1os conductores les encantar\u00e1 el sidecar que es perfecto para llevar amigos peludos o mu\u00f1ecas para el viaje (l\u00edmite de peso de 5 libras).\u00a0Con un asiento contorneado real y faros delanteros falsos, lo que crear\u00e1 la imaginaci\u00f3n de los j\u00f3venes no tiene fin.\u00a0Un sinf\u00edn de risitas aguardan encima de este lindo patinete de juguete a bater\u00eda que est\u00e1 dise\u00f1ado para ciclistas de 18 a 30 meses de edad con un peso m\u00e1ximo de 44 libras.\u00a0La aceleraci\u00f3n del pedal crea una experiencia de conducci\u00f3n real, mientras que las llantas seguras de 1.5 MPH de velocidad m\u00e1xima y las bandas de tracci\u00f3n de goma Power Trax mantienen la conducci\u00f3n suave y estable.\u00a0Utilice la bater\u00eda recargable de 6 voltios y el cargador de pared incluidos cuando\u00a0Es hora de una parada en boxes.\u00a0\u00a1Echa una mano con el patinete Mickey Mouse de 6 V con sidecar de Kid Trax! Patinete Mickey Mouse de 6 voltios con sidecar Ride-On<\/div>\n<div class=\"product-specifications\"><\/div>\n","protected":false},"excerpt":{"rendered":"<p>\u00a1Activa el tiempo de juego con el patinete Happy Helpers de Disney Mickey Mouse de 6 voltios con Sidecar Ride-On de Kid Trax!\u00a0Este adorable juego de ruedas el\u00e9ctricas es perfecto<\/p>\n","protected":false},"featured_media":26807,"comment_status":"open","ping_status":"closed","template":"","meta":{"_acf_changed":false,"_joinchat":[]},"product_brand":[],"product_cat":[886,1097,1193],"product_tag":[],"class_list":{"0":"post-26800","1":"product","2":"type-product","3":"status-publish","4":"has-post-thumbnail","6":"product_cat-juguetesycoleccionables","7":"product_cat-juguetes","8":"product_cat-montables-y-control-remoto","10":"first","11":"instock","12":"sale","13":"shipping-taxable","14":"purchasable","15":"product-type-simple"},"acf":[],"_links":{"self":[{"href":"https:\/\/defabrica.com.mx\/defabrica\/wp-json\/wp\/v2\/product\/26800","targetHints":{"allow":["GET"]}}],"collection":[{"href":"https:\/\/defabrica.com.mx\/defabrica\/wp-json\/wp\/v2\/product"}],"about":[{"href":"https:\/\/defabrica.com.mx\/defabrica\/wp-json\/wp\/v2\/types\/product"}],"replies":[{"embeddable":true,"href":"https:\/\/defabrica.com.mx\/defabrica\/wp-json\/wp\/v2\/comments?post=26800"}],"wp:featuredmedia":[{"embeddable":true,"href":"https:\/\/defabrica.com.mx\/defabrica\/wp-json\/wp\/v2\/media\/26807"}],"wp:attachment":[{"href":"https:\/\/defabrica.com.mx\/defabrica\/wp-json\/wp\/v2\/media?parent=26800"}],"wp:term":[{"taxonomy":"product_brand","embeddable":true,"href":"https:\/\/defabrica.com.mx\/defabrica\/wp-json\/wp\/v2\/product_brand?post=26800"},{"taxonomy":"product_cat","embeddable":true,"href":"https:\/\/defabrica.com.mx\/defabrica\/wp-json\/wp\/v2\/product_cat?post=26800"},{"taxonomy":"product_tag","embeddable":true,"href":"https:\/\/defabrica.com.mx\/defabrica\/wp-json\/wp\/v2\/product_tag?post=26800"}],"curies":[{"name":"wp","href":"https:\/\/api.w.org\/{rel}","templated":true}]}}