{"id":26778,"date":"2021-03-07T17:24:12","date_gmt":"2021-03-07T23:24:12","guid":{"rendered":"https:\/\/defabrica.com.mx\/defabrica\/?post_type=product&#038;p=26778"},"modified":"2023-01-26T14:33:29","modified_gmt":"2023-01-26T20:33:29","slug":"disney-minnie-mouse-happy-helpers-scooter","status":"publish","type":"product","link":"https:\/\/defabrica.com.mx\/defabrica\/producto\/disney-minnie-mouse-happy-helpers-scooter\/","title":{"rendered":"Disney Minnie Mouse Happy Helpers Scooter"},"content":{"rendered":"<p>Disney Minnie Mouse Happy Helpers Scooter con Sidecar Ride On Toy de Kid Trax \u00a1Hazte a un lado, la ayuda de Mickey Mouse est\u00e1 en camino!\u00a0\u00a1Activa el tiempo de juego con el patinete Happy Helpers de Disney Minnie Mouse de 6 voltios con Sidecar Ride On de Kid Trax!\u00a0Este adorable juego de ruedas el\u00e9ctricas es perfecto para los fan\u00e1ticos de Minnie Daisy y su grupo de Happy Helpers.\u00a0A los peque\u00f1os conductores les encantar\u00e1 el sidecar que es perfecto para llevar a sus amigos peludos o mu\u00f1ecas a un paseo de 5 libras.\u00a0L\u00edmite de peso.\u00a0Con un asiento contorneado real y faros delanteros falsos, no hay fin para lo que crear\u00e1 la imaginaci\u00f3n de los j\u00f3venes.\u00a0Un sinf\u00edn de risitas aguardan encima de este lindo patinete de juguete a bater\u00eda que est\u00e1 dise\u00f1ado para ciclistas de 18 a 30 meses de edad con un peso m\u00e1ximo de 44 libras.\u00a0La aceleraci\u00f3n del pedal crea una experiencia de conducci\u00f3n real mientras que la 1.\u00a0La velocidad m\u00e1xima de 5 MPH y los neum\u00e1ticos con banda de tracci\u00f3n de goma Power Trax mantienen la marcha suave y estable.\u00a0Utilice la bater\u00eda recargable de 6 voltios y el cargador de pared incluidos cuando sea el momento de hacer una parada en boxes.\u00a0\u00a1Echa una mano con el patinete Minnie Mouse de 6 V con sidecar de Kid Trax!<\/p>\n<p><strong>Kid Trax Disney Minnie Mouse Happy Helpers Scooter con Sidecar Ride On Toy<\/strong><\/p>\n<ul>\n<li>El sidecar es perfecto para llevar una mu\u00f1eca o un compa\u00f1ero de osito de peluche durante el viaje. L\u00edmite de peso de 5 libras en el sidecar.<\/li>\n<li>El dise\u00f1o \u00fanico de Happy Helpers de Minnie Mouse har\u00e1 las delicias de los peque\u00f1os fan\u00e1ticos de Minnie durante horas.<\/li>\n<li>\u00a1El asiento de scooter contorneado realista es como el real!<\/li>\n<li>La aceleraci\u00f3n real del pedal crea una experiencia de conducci\u00f3n realista<\/li>\n<li>Velocidad m\u00e1xima segura de 1,5 MPH<\/li>\n<li>Los neum\u00e1ticos con banda de tracci\u00f3n de goma Power Trax mantienen la marcha suave y estable<\/li>\n<li>Viene con una bater\u00eda recargable de 6 voltios y un cargador de pared para que la diversi\u00f3n nunca se detenga.<\/li>\n<li>Se adapta a un ciclista de 18 a 30 meses<\/li>\n<li>Peso m\u00e1ximo del ciclista: 44 libras.<\/li>\n<\/ul>\n","protected":false},"excerpt":{"rendered":"<p>Disney Minnie Mouse Happy Helpers Scooter con Sidecar Ride On Toy de Kid Trax \u00a1Hazte a un lado, la ayuda de Mickey Mouse est\u00e1 en camino!\u00a0\u00a1Activa el tiempo de juego<\/p>\n","protected":false},"featured_media":26785,"comment_status":"open","ping_status":"closed","template":"","meta":{"_acf_changed":false,"_joinchat":[]},"product_brand":[],"product_cat":[886,1097,1193],"product_tag":[],"class_list":{"0":"post-26778","1":"product","2":"type-product","3":"status-publish","4":"has-post-thumbnail","6":"product_cat-juguetesycoleccionables","7":"product_cat-juguetes","8":"product_cat-montables-y-control-remoto","10":"first","11":"instock","12":"sale","13":"shipping-taxable","14":"purchasable","15":"product-type-simple"},"acf":[],"_links":{"self":[{"href":"https:\/\/defabrica.com.mx\/defabrica\/wp-json\/wp\/v2\/product\/26778","targetHints":{"allow":["GET"]}}],"collection":[{"href":"https:\/\/defabrica.com.mx\/defabrica\/wp-json\/wp\/v2\/product"}],"about":[{"href":"https:\/\/defabrica.com.mx\/defabrica\/wp-json\/wp\/v2\/types\/product"}],"replies":[{"embeddable":true,"href":"https:\/\/defabrica.com.mx\/defabrica\/wp-json\/wp\/v2\/comments?post=26778"}],"wp:featuredmedia":[{"embeddable":true,"href":"https:\/\/defabrica.com.mx\/defabrica\/wp-json\/wp\/v2\/media\/26785"}],"wp:attachment":[{"href":"https:\/\/defabrica.com.mx\/defabrica\/wp-json\/wp\/v2\/media?parent=26778"}],"wp:term":[{"taxonomy":"product_brand","embeddable":true,"href":"https:\/\/defabrica.com.mx\/defabrica\/wp-json\/wp\/v2\/product_brand?post=26778"},{"taxonomy":"product_cat","embeddable":true,"href":"https:\/\/defabrica.com.mx\/defabrica\/wp-json\/wp\/v2\/product_cat?post=26778"},{"taxonomy":"product_tag","embeddable":true,"href":"https:\/\/defabrica.com.mx\/defabrica\/wp-json\/wp\/v2\/product_tag?post=26778"}],"curies":[{"name":"wp","href":"https:\/\/api.w.org\/{rel}","templated":true}]}}