{"id":26703,"date":"2021-03-06T22:42:26","date_gmt":"2021-03-07T04:42:26","guid":{"rendered":"https:\/\/defabrica.com.mx\/defabrica\/?post_type=product&#038;p=26703"},"modified":"2023-01-26T14:36:02","modified_gmt":"2023-01-26T20:36:02","slug":"hot-wheels-marvel-spider-man","status":"publish","type":"product","link":"https:\/\/defabrica.com.mx\/defabrica\/producto\/hot-wheels-marvel-spider-man\/","title":{"rendered":"Hot Wheels Marvel Spider-Man"},"content":{"rendered":"<div class=\"about-desc about-product-description xs-margin-top\">\u00a1Acelera hacia tu pr\u00f3xima aventura con nuestro coche de personajes Spider-Man m\u00e1s grande hasta ahora!\u00a0Basado en el nuevo traje de la pel\u00edcula Spider-Man: Homecoming, el parabrisas de este auto se mueve con solo presionar el spoiler para enfocarse en su objetivo.\u00a0El spoiler tambi\u00e9n lanza el auto web exclusivo incluido (o la mayor\u00eda de los autos Hot Wheels) para derribar a los villanos u otros obst\u00e1culos.\u00a0\u00a1Corre a la escena del crimen!\u00a0Empuja hacia abajo el spoiler para lanzar el coche web Spider-Man a los villanos para acabar con ellos.\u00a0Tambi\u00e9n lanza otros coches de superh\u00e9roes.\u00a0Empuje hacia abajo el spoiler para que los ojos de Spider-Man cambien de tama\u00f1o para que pueda enfocar y apuntar.<br \/>\n<b>Lanzador de coches web Hot Wheels Marvel Spider-Man:<\/b><\/p>\n<ul>\n<li>Rango de edad: 4Y +<\/li>\n<li>\u00a1Acelera hacia tu pr\u00f3xima aventura con nuestro coche de personajes Spider-Man m\u00e1s grande hasta ahora!\u00a0Basado en el nuevo traje de la pel\u00edcula Spider-Man: Homecoming, el parabrisas de este auto se mueve con solo presionar el spoiler para enfocarse en su objetivo.<\/li>\n<li>Spoiler tambi\u00e9n lanza el auto web exclusivo incluido (o la mayor\u00eda de los autos Hot Wheels) para derribar a los villanos u otros obst\u00e1culos.\u00a0\u00a1Corre a la escena del crimen!<\/li>\n<li>Empuja hacia abajo el spoiler para lanzar el coche web Spider-Man a los villanos para acabar con ellos.\u00a0Tambi\u00e9n lanza otros coches de superh\u00e9roes.\u00a0Empuja hacia abajo el spoiler para que los ojos de Spider-Man cambien de tama\u00f1o para que pueda enfocar y apuntar.<\/li>\n<\/ul>\n<\/div>\n<div class=\"product-specifications\"><\/div>\n","protected":false},"excerpt":{"rendered":"<p>\u00a1Acelera hacia tu pr\u00f3xima aventura con nuestro coche de personajes Spider-Man m\u00e1s grande hasta ahora!\u00a0Basado en el nuevo traje de la pel\u00edcula Spider-Man: Homecoming, el parabrisas de este auto se<\/p>\n","protected":false},"featured_media":26705,"comment_status":"open","ping_status":"closed","template":"","meta":{"_acf_changed":false,"_joinchat":[]},"product_brand":[],"product_cat":[886,1097,1195],"product_tag":[],"class_list":{"0":"post-26703","1":"product","2":"type-product","3":"status-publish","4":"has-post-thumbnail","6":"product_cat-juguetesycoleccionables","7":"product_cat-juguetes","8":"product_cat-carritos-y-pistas","10":"first","11":"instock","12":"sale","13":"shipping-taxable","14":"purchasable","15":"product-type-simple"},"acf":[],"_links":{"self":[{"href":"https:\/\/defabrica.com.mx\/defabrica\/wp-json\/wp\/v2\/product\/26703","targetHints":{"allow":["GET"]}}],"collection":[{"href":"https:\/\/defabrica.com.mx\/defabrica\/wp-json\/wp\/v2\/product"}],"about":[{"href":"https:\/\/defabrica.com.mx\/defabrica\/wp-json\/wp\/v2\/types\/product"}],"replies":[{"embeddable":true,"href":"https:\/\/defabrica.com.mx\/defabrica\/wp-json\/wp\/v2\/comments?post=26703"}],"wp:featuredmedia":[{"embeddable":true,"href":"https:\/\/defabrica.com.mx\/defabrica\/wp-json\/wp\/v2\/media\/26705"}],"wp:attachment":[{"href":"https:\/\/defabrica.com.mx\/defabrica\/wp-json\/wp\/v2\/media?parent=26703"}],"wp:term":[{"taxonomy":"product_brand","embeddable":true,"href":"https:\/\/defabrica.com.mx\/defabrica\/wp-json\/wp\/v2\/product_brand?post=26703"},{"taxonomy":"product_cat","embeddable":true,"href":"https:\/\/defabrica.com.mx\/defabrica\/wp-json\/wp\/v2\/product_cat?post=26703"},{"taxonomy":"product_tag","embeddable":true,"href":"https:\/\/defabrica.com.mx\/defabrica\/wp-json\/wp\/v2\/product_tag?post=26703"}],"curies":[{"name":"wp","href":"https:\/\/api.w.org\/{rel}","templated":true}]}}