{"id":26690,"date":"2021-03-06T22:36:25","date_gmt":"2021-03-07T04:36:25","guid":{"rendered":"https:\/\/defabrica.com.mx\/defabrica\/?post_type=product&#038;p=26690"},"modified":"2023-01-21T11:52:10","modified_gmt":"2023-01-21T17:52:10","slug":"disney-y-pixar-toy-story-4-carros-de-personajes-de-hot-wheels-escala-164-woody-buzz-lightyear-bo-peep-forky-ducky-y-bunny-y-rex","status":"publish","type":"product","link":"https:\/\/defabrica.com.mx\/defabrica\/producto\/disney-y-pixar-toy-story-4-carros-de-personajes-de-hot-wheels-escala-164-woody-buzz-lightyear-bo-peep-forky-ducky-y-bunny-y-rex\/","title":{"rendered":"Disney y Pixar Toy Story 4 Carros de personajes de Hot Wheels escala 1:64 Woody, Buzz Lightyear, Bo Peep, Forky, Ducky y Bunny y Rex"},"content":{"rendered":"<div id=\"featurebullets_feature_div\" class=\"celwidget\" data-feature-name=\"featurebullets\" data-csa-c-id=\"gn2mvy-bphdq7-itinxh-5xpqew\" data-cel-widget=\"featurebullets_feature_div\">\n<div id=\"feature-bullets\" class=\"a-section a-spacing-medium a-spacing-top-small\">\n<ul class=\"a-unordered-list a-vertical a-spacing-mini\">\n<li><span class=\"a-list-item\">Hot Wheels celebra la historia de Disney y Pixar Toy Story 4 para una diversi\u00f3n sin fin de contar historias.<\/span><\/li>\n<li><span class=\"a-list-item\">\u200bEl amado fundido se convierte en un paquete de 5 coches \u00fanicos y altamente codiciados.<\/span><\/li>\n<li><span class=\"a-list-item\">\u200bCada personaje es reconocible al instante con dise\u00f1o detallado y decoraci\u00f3n aut\u00e9ntica<\/span><\/li>\n<li><span class=\"a-list-item\">\u200bLos personajes est\u00e1n en un viaje por carretera aventurero con algunos divertidos desv\u00edos.<\/span><\/li>\n<li><span class=\"a-list-item\">Gran regalo de fiesta o regalo para ni\u00f1os de 3 a\u00f1os en adelante. Colecci\u00f3n instant\u00e1nea<\/span><\/li>\n<\/ul>\n<\/div>\n<\/div>\n<div id=\"globalStoreInfoBullets_feature_div\" class=\"celwidget\" data-feature-name=\"globalStoreInfoBullets\" data-csa-c-id=\"pbz2s4-fgdoi8-agvf6a-lzda2v\" data-cel-widget=\"globalStoreInfoBullets_feature_div\"><\/div>\n<div id=\"HLCXComparisonJumplink_feature_div\"><\/div>\n<div id=\"olp_feature_div\" class=\"celwidget\" data-feature-name=\"olp\" data-csa-c-id=\"zbtqto-ordoux-1uivgg-az7767\" data-cel-widget=\"olp_feature_div\">Seis coches de personajes a escala 1:64 de Hot Wheels inspirados en el \u00e9xito de Disney y Pixar, Toy Story 4, que los ni\u00f1os pueden recoger para iniciar la narraci\u00f3n de historias. Recrea escenas favoritas o narrando sus propias aventuras con Toy Story 4 Character Cars hace que los personajes animados cobren vida.<\/div>\n<div data-feature-name=\"olp\" data-csa-c-id=\"zbtqto-ordoux-1uivgg-az7767\" data-cel-widget=\"olp_feature_div\"><\/div>\n<div data-feature-name=\"olp\" data-csa-c-id=\"zbtqto-ordoux-1uivgg-az7767\" data-cel-widget=\"olp_feature_div\">Estos detallados coches de personajes est\u00e1n cuidadosamente dise\u00f1ados para parecerse a los amigos de Toy Story 4 favoritos de los ni\u00f1os y recrearlos como veh\u00edculos supercool. Haz un viaje por carretera con este pack de 6 personajes o aparc\u00e9alos como una pantalla con esta colecci\u00f3n instant\u00e1nea.<\/div>\n<div data-feature-name=\"olp\" data-csa-c-id=\"zbtqto-ordoux-1uivgg-az7767\" data-cel-widget=\"olp_feature_div\"><\/div>\n<div data-feature-name=\"olp\" data-csa-c-id=\"zbtqto-ordoux-1uivgg-az7767\" data-cel-widget=\"olp_feature_div\">Disney y Pixar Toy Story 4 personajes de Cars por Hot Wheels escala 1:64 Woody, Buzz Lightyear, Bo Peep, Forky, Ducky y Bunny y Rex. A partir de 3 a\u00f1os.<\/div>\n<div data-feature-name=\"olp\" data-csa-c-id=\"zbtqto-ordoux-1uivgg-az7767\" data-cel-widget=\"olp_feature_div\"><\/div>\n<div data-feature-name=\"olp\" data-csa-c-id=\"zbtqto-ordoux-1uivgg-az7767\" data-cel-widget=\"olp_feature_div\"><\/div>\n","protected":false},"excerpt":{"rendered":"<p>Hot Wheels celebra la historia de Disney y Pixar Toy Story 4 para una diversi\u00f3n sin fin de contar historias. \u200bEl amado fundido se convierte en un paquete de 5<\/p>\n","protected":false},"featured_media":26701,"comment_status":"open","ping_status":"closed","template":"","meta":{"_acf_changed":false,"_joinchat":[]},"product_brand":[],"product_cat":[886,1097],"product_tag":[],"class_list":{"0":"post-26690","1":"product","2":"type-product","3":"status-publish","4":"has-post-thumbnail","6":"product_cat-juguetesycoleccionables","7":"product_cat-juguetes","9":"first","10":"instock","11":"sale","12":"shipping-taxable","13":"purchasable","14":"product-type-simple"},"acf":[],"_links":{"self":[{"href":"https:\/\/defabrica.com.mx\/defabrica\/wp-json\/wp\/v2\/product\/26690","targetHints":{"allow":["GET"]}}],"collection":[{"href":"https:\/\/defabrica.com.mx\/defabrica\/wp-json\/wp\/v2\/product"}],"about":[{"href":"https:\/\/defabrica.com.mx\/defabrica\/wp-json\/wp\/v2\/types\/product"}],"replies":[{"embeddable":true,"href":"https:\/\/defabrica.com.mx\/defabrica\/wp-json\/wp\/v2\/comments?post=26690"}],"wp:featuredmedia":[{"embeddable":true,"href":"https:\/\/defabrica.com.mx\/defabrica\/wp-json\/wp\/v2\/media\/26701"}],"wp:attachment":[{"href":"https:\/\/defabrica.com.mx\/defabrica\/wp-json\/wp\/v2\/media?parent=26690"}],"wp:term":[{"taxonomy":"product_brand","embeddable":true,"href":"https:\/\/defabrica.com.mx\/defabrica\/wp-json\/wp\/v2\/product_brand?post=26690"},{"taxonomy":"product_cat","embeddable":true,"href":"https:\/\/defabrica.com.mx\/defabrica\/wp-json\/wp\/v2\/product_cat?post=26690"},{"taxonomy":"product_tag","embeddable":true,"href":"https:\/\/defabrica.com.mx\/defabrica\/wp-json\/wp\/v2\/product_tag?post=26690"}],"curies":[{"name":"wp","href":"https:\/\/api.w.org\/{rel}","templated":true}]}}