{"id":26661,"date":"2021-03-06T22:15:30","date_gmt":"2021-03-07T04:15:30","guid":{"rendered":"https:\/\/defabrica.com.mx\/defabrica\/?post_type=product&#038;p=26661"},"modified":"2022-07-05T13:49:05","modified_gmt":"2022-07-05T18:49:05","slug":"omron-evolv-monitor-inalambrico-para-tomar-la-presion-en-el-antebrazo","status":"publish","type":"product","link":"https:\/\/defabrica.com.mx\/defabrica\/producto\/omron-evolv-monitor-inalambrico-para-tomar-la-presion-en-el-antebrazo\/","title":{"rendered":"Omron Evolv Monitor inal\u00e1mbrico para tomar la presi\u00f3n en el antebrazo"},"content":{"rendered":"<ul class=\"a-unordered-list a-vertical a-spacing-mini\">\n<li><span class=\"a-list-item\">N\u00ba 1\u00a0m\u00e9dico y farmac\u00e9utico recomendado marca y el # 1\u00a0en ventas fabricante de la presi\u00f3n arterial monitores de 40\u00a0a\u00f1os<\/span><\/li>\n<li><span class=\"a-list-item\">Innovador dise\u00f1o de una pieza tiene clinically-accurate lecturas sin necesidad de inc\u00f3modos cables o mangueras<\/span><\/li>\n<li><span class=\"a-list-item\">Construcci\u00f3n elegante y compacto por lo que puede tomar lecturas fiables en cualquier lugar, en cualquier momento<\/span><\/li>\n<li><span class=\"a-list-item\">Simple, controles intuitivos para permitir sencilla juego hasta y de f\u00e1cil uso del tiempo y otra vez<\/span><\/li>\n<li><span class=\"a-list-item\">Se conecta a Omron Connect con tecnolog\u00eda Bluetooth as\u00ed que puede controlar su tendencias y comparte tus lecturas con selecci\u00f3n de la familia o un proveedor de atenci\u00f3n m\u00e9dica (funciona con dispositivos iOS y Android<\/span><\/li>\n<\/ul>\n<div class=\"celwidget\" data-csa-c-id=\"95vhju-6ipyhz-cqmpti-hpy9zg\" data-cel-widget=\"dpx-product-description_csm_instrumentation_wrapper\">\n<div id=\"descriptionAndDetails\" class=\"a-section a-spacing-extra-large\">\n<div id=\"productDescription_feature_div\" class=\"celwidget\" data-feature-name=\"productDescription\" data-csa-c-id=\"b6ip0i-dz64fz-o2m463-jcgybh\" data-cel-widget=\"productDescription_feature_div\">\n<div>\n<div id=\"productDescription_feature_div\" class=\"a-row feature\" data-feature-name=\"productDescription\" data-template-name=\"productDescription\" data-cel-widget=\"productDescription_feature_div\">\n<div id=\"productDescription\" class=\"a-section a-spacing-small\">\n<p>Este innovador monitor de presi\u00f3n arterial de una pieza para la parte superior del brazo utiliza nuestro exclusivo algoritmo de salud card\u00edaca, precisi\u00f3n avanzada.\u00a0Mide m\u00e1s puntos de datos y elimina la interferencia del movimiento para obtener lecturas m\u00e1s precisas y cl\u00ednicamente precisas.\u00a0Tambi\u00e9n est\u00e1 redise\u00f1ado desde cero.\u00a0Hemos eliminado los tubos y cables, haciendo evolucionar nuestro monitor de brazo superior m\u00e1s port\u00e1til hasta la fecha.\u00a0Adem\u00e1s, su dise\u00f1o elegante y contempor\u00e1neo y sus controles altamente intuitivos facilitan la configuraci\u00f3n y el uso.\u00a0Evolve se conecta de forma inal\u00e1mbrica a trav\u00e9s de Bluetooth a la aplicaci\u00f3n Omron Connect en su dispositivo inteligente para rastrear y almacenar sus lecturas a lo largo del tiempo.\u00a0No utilice este monitor para ning\u00fan otro prop\u00f3sito que no sea la medici\u00f3n de la presi\u00f3n arterial.<\/p>\n<\/div>\n<\/div>\n<\/div>\n<\/div>\n<\/div>\n<\/div>\n<div class=\"celwidget\" data-csa-c-id=\"86qxrp-sxemil-9u74xb-s7rvbw\" data-cel-widget=\"dpx-detail-bullets_csm_instrumentation_wrapper\">\n<div id=\"detailBullets_feature_div\" class=\"celwidget\" data-feature-name=\"detailBullets\" data-csa-c-id=\"nva8tf-oepnum-4k9usj-l2ctga\" data-cel-widget=\"detailBullets_feature_div\">\n<div id=\"detailBulletsWrapper_feature_div\" class=\"a-section feature detail-bullets-wrapper bucket\" data-feature-name=\"detailBullets\" data-template-name=\"detailBullets\" data-cel-widget=\"detailBulletsWrapper_feature_div\"><\/div>\n<\/div>\n<\/div>\n","protected":false},"excerpt":{"rendered":"<p>N\u00ba 1\u00a0m\u00e9dico y farmac\u00e9utico recomendado marca y el # 1\u00a0en ventas fabricante de la presi\u00f3n arterial monitores de 40\u00a0a\u00f1os Innovador dise\u00f1o de una pieza tiene clinically-accurate lecturas sin necesidad de<\/p>\n","protected":false},"featured_media":26663,"comment_status":"open","ping_status":"closed","template":"","meta":{"_acf_changed":false,"_joinchat":[]},"product_brand":[],"product_cat":[15],"product_tag":[],"class_list":{"0":"post-26661","1":"product","2":"type-product","3":"status-publish","4":"has-post-thumbnail","6":"product_cat-sin-categoria","8":"first","9":"instock","10":"sale","11":"shipping-taxable","12":"purchasable","13":"product-type-simple"},"acf":[],"_links":{"self":[{"href":"https:\/\/defabrica.com.mx\/defabrica\/wp-json\/wp\/v2\/product\/26661","targetHints":{"allow":["GET"]}}],"collection":[{"href":"https:\/\/defabrica.com.mx\/defabrica\/wp-json\/wp\/v2\/product"}],"about":[{"href":"https:\/\/defabrica.com.mx\/defabrica\/wp-json\/wp\/v2\/types\/product"}],"replies":[{"embeddable":true,"href":"https:\/\/defabrica.com.mx\/defabrica\/wp-json\/wp\/v2\/comments?post=26661"}],"wp:featuredmedia":[{"embeddable":true,"href":"https:\/\/defabrica.com.mx\/defabrica\/wp-json\/wp\/v2\/media\/26663"}],"wp:attachment":[{"href":"https:\/\/defabrica.com.mx\/defabrica\/wp-json\/wp\/v2\/media?parent=26661"}],"wp:term":[{"taxonomy":"product_brand","embeddable":true,"href":"https:\/\/defabrica.com.mx\/defabrica\/wp-json\/wp\/v2\/product_brand?post=26661"},{"taxonomy":"product_cat","embeddable":true,"href":"https:\/\/defabrica.com.mx\/defabrica\/wp-json\/wp\/v2\/product_cat?post=26661"},{"taxonomy":"product_tag","embeddable":true,"href":"https:\/\/defabrica.com.mx\/defabrica\/wp-json\/wp\/v2\/product_tag?post=26661"}],"curies":[{"name":"wp","href":"https:\/\/api.w.org\/{rel}","templated":true}]}}