{"id":26634,"date":"2021-03-06T21:53:04","date_gmt":"2021-03-07T03:53:04","guid":{"rendered":"https:\/\/defabrica.com.mx\/defabrica\/?post_type=product&#038;p=26634"},"modified":"2022-12-01T15:48:08","modified_gmt":"2022-12-01T21:48:08","slug":"hot-wheels-city-robo-shark-frenzy","status":"publish","type":"product","link":"https:\/\/defabrica.com.mx\/defabrica\/producto\/hot-wheels-city-robo-shark-frenzy\/","title":{"rendered":"Hot Wheels City Robo Shark Frenzy"},"content":{"rendered":"<p>Hot Wheels City est\u00e1 siendo atacado por un enorme tibur\u00f3n rob\u00f3tico! Los ni\u00f1os tendr\u00e1n que proteger el puerto y el paseo mar\u00edtimo, evitando ataques mortales de mand\u00edbula.<\/p>\n<p>\u00bfLos coches de Hot Wheels de los ni\u00f1os ser\u00e1n lo suficientemente r\u00e1pidos como para pasar por el bucle de onda sin ser comidos? Empezan su viaje heroico hundiendo su coche en la primera c\u00e1mara de agua fr\u00eda y carg\u00e1ndolo en el lanzador.<\/p>\n<ul class=\"a-unordered-list a-vertical a-spacing-mini\">\n<li><span class=\"a-list-item\">Los ni\u00f1os pueden construir su propia ciudad Hot Wheels conectando otros juegos juntos. Los nuevos juegos de Hot Wheels City tambi\u00e9n son compatibles con pista naranja y otros juegos (se venden por separado).<\/span><\/li>\n<li><span class=\"a-list-item\">Los ni\u00f1os ponen sus habilidades a prueba cuando cargan su coche en el lanzador en forma de barco y acrobacias en las olas para tratar de evitar que el Robo Shark sea picado.<\/span><\/li>\n<li><span class=\"a-list-item\">Si los coches Hot Wheels cambian de color de los ni\u00f1os aterrizan en las mand\u00edbulas de Robo Shark, cambiar\u00e1n de color en el vientre del tibur\u00f3n. Abre las mand\u00edbulas y reinicia para volver a intentarlo.<\/span><\/li>\n<li><span class=\"a-list-item\">Perfecto para alimentar la imaginaci\u00f3n y inspirar historias mientras desarrolla habilidades motoras para ni\u00f1os de 3 a 6 a\u00f1os de edad.<\/span><\/li>\n<li><span class=\"a-list-item\">Se conecta a otros juegos de Hot Wheels (se venden por separado) para infinitas posibilidades de acrobacia.<\/span><\/li>\n<\/ul>\n","protected":false},"excerpt":{"rendered":"<p>Hot Wheels City est\u00e1 siendo atacado por un enorme tibur\u00f3n rob\u00f3tico! Los ni\u00f1os tendr\u00e1n que proteger el puerto y el paseo mar\u00edtimo, evitando ataques mortales de mand\u00edbula. \u00bfLos coches de<\/p>\n","protected":false},"featured_media":26635,"comment_status":"open","ping_status":"closed","template":"","meta":{"_acf_changed":false,"_joinchat":[]},"product_brand":[],"product_cat":[886,1097,1195],"product_tag":[],"class_list":{"0":"post-26634","1":"product","2":"type-product","3":"status-publish","4":"has-post-thumbnail","6":"product_cat-juguetesycoleccionables","7":"product_cat-juguetes","8":"product_cat-carritos-y-pistas","10":"first","11":"instock","12":"sale","13":"shipping-taxable","14":"purchasable","15":"product-type-simple"},"acf":[],"_links":{"self":[{"href":"https:\/\/defabrica.com.mx\/defabrica\/wp-json\/wp\/v2\/product\/26634","targetHints":{"allow":["GET"]}}],"collection":[{"href":"https:\/\/defabrica.com.mx\/defabrica\/wp-json\/wp\/v2\/product"}],"about":[{"href":"https:\/\/defabrica.com.mx\/defabrica\/wp-json\/wp\/v2\/types\/product"}],"replies":[{"embeddable":true,"href":"https:\/\/defabrica.com.mx\/defabrica\/wp-json\/wp\/v2\/comments?post=26634"}],"wp:featuredmedia":[{"embeddable":true,"href":"https:\/\/defabrica.com.mx\/defabrica\/wp-json\/wp\/v2\/media\/26635"}],"wp:attachment":[{"href":"https:\/\/defabrica.com.mx\/defabrica\/wp-json\/wp\/v2\/media?parent=26634"}],"wp:term":[{"taxonomy":"product_brand","embeddable":true,"href":"https:\/\/defabrica.com.mx\/defabrica\/wp-json\/wp\/v2\/product_brand?post=26634"},{"taxonomy":"product_cat","embeddable":true,"href":"https:\/\/defabrica.com.mx\/defabrica\/wp-json\/wp\/v2\/product_cat?post=26634"},{"taxonomy":"product_tag","embeddable":true,"href":"https:\/\/defabrica.com.mx\/defabrica\/wp-json\/wp\/v2\/product_tag?post=26634"}],"curies":[{"name":"wp","href":"https:\/\/api.w.org\/{rel}","templated":true}]}}